{"id":3335,"date":"2022-11-10T13:46:39","date_gmt":"2022-11-10T12:46:39","guid":{"rendered":"https:\/\/kemie.jklanten.nl\/product\/ribera-natural\/"},"modified":"2022-11-11T13:04:23","modified_gmt":"2022-11-11T12:04:23","slug":"ribera-natural","status":"publish","type":"product","link":"https:\/\/www.kemie.nl\/de\/product\/ribera-natural\/","title":{"rendered":"Ribera Natural"},"content":{"rendered":"","protected":false},"excerpt":{"rendered":"<p>Wird in einer luxuri\u00f6sen Verpackung geliefert. Eine R\u00fcckgabe ist nicht m\u00f6glich.<\/p>\n","protected":false},"featured_media":1162,"comment_status":"closed","ping_status":"closed","template":"","meta":[],"product_brand":[],"product_cat":[157],"product_tag":[],"class_list":{"0":"post-3335","1":"product","2":"type-product","3":"status-publish","4":"has-post-thumbnail","6":"product_cat-ceramistone","7":"product_shipping_class-binnen-een-week-de","8":"pa_hittebestendig-5-de","9":"pa_krasbestendig-5-de","10":"pa_stootvast-2-de","11":"pa_vlekbestendig-5-de","12":"pa_zuurbestendig-5-de","14":"first","15":"instock","16":"taxable","17":"shipping-taxable","18":"purchasable","19":"product-type-variable"},"yoast_head":"<!-- This site is optimized with the Yoast SEO plugin v26.8 - https:\/\/yoast.com\/product\/yoast-seo-wordpress\/ -->\n<title>Ribera Natural - Kemie B.V.<\/title>\n<meta name=\"robots\" content=\"index, follow, max-snippet:-1, max-image-preview:large, max-video-preview:-1\" \/>\n<link rel=\"canonical\" href=\"https:\/\/www.kemie.nl\/de\/product\/ribera-natural\/\" \/>\n<meta property=\"og:locale\" content=\"de_DE\" \/>\n<meta property=\"og:type\" content=\"article\" \/>\n<meta property=\"og:title\" content=\"Ribera Natural - Kemie B.V.\" \/>\n<meta property=\"og:description\" content=\"Wird in einer luxuri\u00f6sen Verpackung geliefert. Eine R\u00fcckgabe ist nicht m\u00f6glich.\" \/>\n<meta property=\"og:url\" content=\"https:\/\/www.kemie.nl\/de\/product\/ribera-natural\/\" \/>\n<meta property=\"og:site_name\" content=\"Kemie B.V.\" \/>\n<meta property=\"article:publisher\" content=\"https:\/\/nl-nl.facebook.com\/Kemie-BV-188835737881422\/\" \/>\n<meta property=\"article:modified_time\" content=\"2022-11-11T12:04:23+00:00\" \/>\n<meta property=\"og:image\" content=\"https:\/\/www.kemie.nl\/wp-content\/uploads\/2022\/11\/Kemie-CRS-RiberaNatural-61342-1.jpg\" \/>\n\t<meta property=\"og:image:width\" content=\"1276\" \/>\n\t<meta property=\"og:image:height\" content=\"595\" \/>\n\t<meta property=\"og:image:type\" content=\"image\/jpeg\" \/>\n<meta name=\"twitter:card\" content=\"summary_large_image\" \/>\n<script type=\"application\/ld+json\" class=\"yoast-schema-graph\">{\"@context\":\"https:\/\/schema.org\",\"@graph\":[{\"@type\":\"WebPage\",\"@id\":\"https:\/\/www.kemie.nl\/de\/product\/ribera-natural\/\",\"url\":\"https:\/\/www.kemie.nl\/de\/product\/ribera-natural\/\",\"name\":\"Ribera Natural - Kemie B.V.\",\"isPartOf\":{\"@id\":\"https:\/\/www.kemie.nl\/de\/#website\"},\"primaryImageOfPage\":{\"@id\":\"https:\/\/www.kemie.nl\/de\/product\/ribera-natural\/#primaryimage\"},\"image\":{\"@id\":\"https:\/\/www.kemie.nl\/de\/product\/ribera-natural\/#primaryimage\"},\"thumbnailUrl\":\"https:\/\/www.kemie.nl\/wp-content\/uploads\/2022\/11\/Kemie-CRS-RiberaNatural-61342-1.jpg\",\"datePublished\":\"2022-11-10T12:46:39+00:00\",\"dateModified\":\"2022-11-11T12:04:23+00:00\",\"breadcrumb\":{\"@id\":\"https:\/\/www.kemie.nl\/de\/product\/ribera-natural\/#breadcrumb\"},\"inLanguage\":\"de-DE\",\"potentialAction\":[{\"@type\":\"ReadAction\",\"target\":[\"https:\/\/www.kemie.nl\/de\/product\/ribera-natural\/\"]}]},{\"@type\":\"ImageObject\",\"inLanguage\":\"de-DE\",\"@id\":\"https:\/\/www.kemie.nl\/de\/product\/ribera-natural\/#primaryimage\",\"url\":\"https:\/\/www.kemie.nl\/wp-content\/uploads\/2022\/11\/Kemie-CRS-RiberaNatural-61342-1.jpg\",\"contentUrl\":\"https:\/\/www.kemie.nl\/wp-content\/uploads\/2022\/11\/Kemie-CRS-RiberaNatural-61342-1.jpg\",\"width\":1276,\"height\":595},{\"@type\":\"BreadcrumbList\",\"@id\":\"https:\/\/www.kemie.nl\/de\/product\/ribera-natural\/#breadcrumb\",\"itemListElement\":[{\"@type\":\"ListItem\",\"position\":1,\"name\":\"Home\",\"item\":\"https:\/\/www.kemie.nl\/de\/\"},{\"@type\":\"ListItem\",\"position\":2,\"name\":\"Shop\",\"item\":\"https:\/\/www.kemie.nl\/de\/shop\/\"},{\"@type\":\"ListItem\",\"position\":3,\"name\":\"Ribera Natural\"}]},{\"@type\":\"WebSite\",\"@id\":\"https:\/\/www.kemie.nl\/de\/#website\",\"url\":\"https:\/\/www.kemie.nl\/de\/\",\"name\":\"Kemie B.V.\",\"description\":\"De mooiste collectie keukenwerkbladen vindt u bij Kemie.\",\"publisher\":{\"@id\":\"https:\/\/www.kemie.nl\/de\/#organization\"},\"alternateName\":\"Kemie\",\"potentialAction\":[{\"@type\":\"SearchAction\",\"target\":{\"@type\":\"EntryPoint\",\"urlTemplate\":\"https:\/\/www.kemie.nl\/de\/?s={search_term_string}\"},\"query-input\":{\"@type\":\"PropertyValueSpecification\",\"valueRequired\":true,\"valueName\":\"search_term_string\"}}],\"inLanguage\":\"de-DE\"},{\"@type\":\"Organization\",\"@id\":\"https:\/\/www.kemie.nl\/de\/#organization\",\"name\":\"Kemie B.V.\",\"alternateName\":\"Kemie\",\"url\":\"https:\/\/www.kemie.nl\/de\/\",\"logo\":{\"@type\":\"ImageObject\",\"inLanguage\":\"de-DE\",\"@id\":\"https:\/\/www.kemie.nl\/de\/#\/schema\/logo\/image\/\",\"url\":\"https:\/\/www.kemie.nl\/wp-content\/uploads\/2022\/10\/Kemie-logo.svg\",\"contentUrl\":\"https:\/\/www.kemie.nl\/wp-content\/uploads\/2022\/10\/Kemie-logo.svg\",\"width\":2834,\"height\":1246,\"caption\":\"Kemie B.V.\"},\"image\":{\"@id\":\"https:\/\/www.kemie.nl\/de\/#\/schema\/logo\/image\/\"},\"sameAs\":[\"https:\/\/nl-nl.facebook.com\/Kemie-BV-188835737881422\/\",\"https:\/\/nl.pinterest.com\/kemiebv\/\",\"https:\/\/nl.linkedin.com\/company\/kemie-bv\",\"https:\/\/www.instagram.com\/kemie.nl\/\"]}]}<\/script>\n<!-- \/ Yoast SEO plugin. -->","yoast_head_json":{"title":"Ribera Natural - Kemie B.V.","robots":{"index":"index","follow":"follow","max-snippet":"max-snippet:-1","max-image-preview":"max-image-preview:large","max-video-preview":"max-video-preview:-1"},"canonical":"https:\/\/www.kemie.nl\/de\/product\/ribera-natural\/","og_locale":"de_DE","og_type":"article","og_title":"Ribera Natural - Kemie B.V.","og_description":"Wird in einer luxuri\u00f6sen Verpackung geliefert. Eine R\u00fcckgabe ist nicht m\u00f6glich.","og_url":"https:\/\/www.kemie.nl\/de\/product\/ribera-natural\/","og_site_name":"Kemie B.V.","article_publisher":"https:\/\/nl-nl.facebook.com\/Kemie-BV-188835737881422\/","article_modified_time":"2022-11-11T12:04:23+00:00","og_image":[{"width":1276,"height":595,"url":"https:\/\/www.kemie.nl\/wp-content\/uploads\/2022\/11\/Kemie-CRS-RiberaNatural-61342-1.jpg","type":"image\/jpeg"}],"twitter_card":"summary_large_image","schema":{"@context":"https:\/\/schema.org","@graph":[{"@type":"WebPage","@id":"https:\/\/www.kemie.nl\/de\/product\/ribera-natural\/","url":"https:\/\/www.kemie.nl\/de\/product\/ribera-natural\/","name":"Ribera Natural - Kemie B.V.","isPartOf":{"@id":"https:\/\/www.kemie.nl\/de\/#website"},"primaryImageOfPage":{"@id":"https:\/\/www.kemie.nl\/de\/product\/ribera-natural\/#primaryimage"},"image":{"@id":"https:\/\/www.kemie.nl\/de\/product\/ribera-natural\/#primaryimage"},"thumbnailUrl":"https:\/\/www.kemie.nl\/wp-content\/uploads\/2022\/11\/Kemie-CRS-RiberaNatural-61342-1.jpg","datePublished":"2022-11-10T12:46:39+00:00","dateModified":"2022-11-11T12:04:23+00:00","breadcrumb":{"@id":"https:\/\/www.kemie.nl\/de\/product\/ribera-natural\/#breadcrumb"},"inLanguage":"de-DE","potentialAction":[{"@type":"ReadAction","target":["https:\/\/www.kemie.nl\/de\/product\/ribera-natural\/"]}]},{"@type":"ImageObject","inLanguage":"de-DE","@id":"https:\/\/www.kemie.nl\/de\/product\/ribera-natural\/#primaryimage","url":"https:\/\/www.kemie.nl\/wp-content\/uploads\/2022\/11\/Kemie-CRS-RiberaNatural-61342-1.jpg","contentUrl":"https:\/\/www.kemie.nl\/wp-content\/uploads\/2022\/11\/Kemie-CRS-RiberaNatural-61342-1.jpg","width":1276,"height":595},{"@type":"BreadcrumbList","@id":"https:\/\/www.kemie.nl\/de\/product\/ribera-natural\/#breadcrumb","itemListElement":[{"@type":"ListItem","position":1,"name":"Home","item":"https:\/\/www.kemie.nl\/de\/"},{"@type":"ListItem","position":2,"name":"Shop","item":"https:\/\/www.kemie.nl\/de\/shop\/"},{"@type":"ListItem","position":3,"name":"Ribera Natural"}]},{"@type":"WebSite","@id":"https:\/\/www.kemie.nl\/de\/#website","url":"https:\/\/www.kemie.nl\/de\/","name":"Kemie B.V.","description":"De mooiste collectie keukenwerkbladen vindt u bij Kemie.","publisher":{"@id":"https:\/\/www.kemie.nl\/de\/#organization"},"alternateName":"Kemie","potentialAction":[{"@type":"SearchAction","target":{"@type":"EntryPoint","urlTemplate":"https:\/\/www.kemie.nl\/de\/?s={search_term_string}"},"query-input":{"@type":"PropertyValueSpecification","valueRequired":true,"valueName":"search_term_string"}}],"inLanguage":"de-DE"},{"@type":"Organization","@id":"https:\/\/www.kemie.nl\/de\/#organization","name":"Kemie B.V.","alternateName":"Kemie","url":"https:\/\/www.kemie.nl\/de\/","logo":{"@type":"ImageObject","inLanguage":"de-DE","@id":"https:\/\/www.kemie.nl\/de\/#\/schema\/logo\/image\/","url":"https:\/\/www.kemie.nl\/wp-content\/uploads\/2022\/10\/Kemie-logo.svg","contentUrl":"https:\/\/www.kemie.nl\/wp-content\/uploads\/2022\/10\/Kemie-logo.svg","width":2834,"height":1246,"caption":"Kemie B.V."},"image":{"@id":"https:\/\/www.kemie.nl\/de\/#\/schema\/logo\/image\/"},"sameAs":["https:\/\/nl-nl.facebook.com\/Kemie-BV-188835737881422\/","https:\/\/nl.pinterest.com\/kemiebv\/","https:\/\/nl.linkedin.com\/company\/kemie-bv","https:\/\/www.instagram.com\/kemie.nl\/"]}]}},"_links":{"self":[{"href":"https:\/\/www.kemie.nl\/de\/wp-json\/wp\/v2\/product\/3335","targetHints":{"allow":["GET"]}}],"collection":[{"href":"https:\/\/www.kemie.nl\/de\/wp-json\/wp\/v2\/product"}],"about":[{"href":"https:\/\/www.kemie.nl\/de\/wp-json\/wp\/v2\/types\/product"}],"replies":[{"embeddable":true,"href":"https:\/\/www.kemie.nl\/de\/wp-json\/wp\/v2\/comments?post=3335"}],"wp:featuredmedia":[{"embeddable":true,"href":"https:\/\/www.kemie.nl\/de\/wp-json\/wp\/v2\/media\/1162"}],"wp:attachment":[{"href":"https:\/\/www.kemie.nl\/de\/wp-json\/wp\/v2\/media?parent=3335"}],"wp:term":[{"taxonomy":"product_brand","embeddable":true,"href":"https:\/\/www.kemie.nl\/de\/wp-json\/wp\/v2\/product_brand?post=3335"},{"taxonomy":"product_cat","embeddable":true,"href":"https:\/\/www.kemie.nl\/de\/wp-json\/wp\/v2\/product_cat?post=3335"},{"taxonomy":"product_tag","embeddable":true,"href":"https:\/\/www.kemie.nl\/de\/wp-json\/wp\/v2\/product_tag?post=3335"}],"curies":[{"name":"wp","href":"https:\/\/api.w.org\/{rel}","templated":true}]}}