{"id":12257,"date":"2023-01-10T11:57:30","date_gmt":"2023-01-10T10:57:30","guid":{"rendered":"https:\/\/www.kemie.nl\/product\/belvedere-letano\/"},"modified":"2025-01-06T13:53:20","modified_gmt":"2025-01-06T12:53:20","slug":"belvedere-letano","status":"publish","type":"product","link":"https:\/\/www.kemie.nl\/de\/product\/belvedere-letano\/","title":{"rendered":"Belvedere &#8211; letano"},"content":{"rendered":"","protected":false},"excerpt":{"rendered":"<p>Farbe ausw\u00e4hlen: nicht in allen Konfigurationen m\u00f6glich.<br \/>\nExklusive Farbe: solange der Vorrat reicht;<br \/>\nKein Probenmaterial verf\u00fcgbar<\/p>\n","protected":false},"featured_media":5919,"comment_status":"closed","ping_status":"closed","template":"","meta":[],"product_brand":[],"product_cat":[167],"product_tag":[],"class_list":{"0":"post-12257","1":"product","2":"type-product","3":"status-publish","4":"has-post-thumbnail","6":"product_cat-quarzit","7":"pa_afmeting-afhankelijk-van-blok-de","8":"pa_hittebestendig-3-de","9":"pa_krasbestendig-3-de","10":"pa_materiaal-kwartsiet-de","11":"pa_stootvast-3-de","12":"pa_vlekbestendig-3-de","13":"pa_zuurbestendig-3-de","15":"first","16":"outofstock","17":"taxable","18":"shipping-taxable","19":"product-type-variable"},"yoast_head":"<!-- This site is optimized with the Yoast SEO plugin v26.8 - https:\/\/yoast.com\/product\/yoast-seo-wordpress\/ -->\n<title>Belvedere - letano - Kemie B.V.<\/title>\n<meta name=\"robots\" content=\"index, follow, max-snippet:-1, max-image-preview:large, max-video-preview:-1\" \/>\n<link rel=\"canonical\" href=\"https:\/\/www.kemie.nl\/de\/product\/belvedere-letano\/\" \/>\n<meta property=\"og:locale\" content=\"de_DE\" \/>\n<meta property=\"og:type\" content=\"article\" \/>\n<meta property=\"og:title\" content=\"Belvedere - letano - Kemie B.V.\" \/>\n<meta property=\"og:description\" content=\"Farbe ausw\u00e4hlen: nicht in allen Konfigurationen m\u00f6glich. Exklusive Farbe: solange der Vorrat reicht; Kein Probenmaterial verf\u00fcgbar\" \/>\n<meta property=\"og:url\" content=\"https:\/\/www.kemie.nl\/de\/product\/belvedere-letano\/\" \/>\n<meta property=\"og:site_name\" content=\"Kemie B.V.\" \/>\n<meta property=\"article:publisher\" content=\"https:\/\/nl-nl.facebook.com\/Kemie-BV-188835737881422\/\" \/>\n<meta property=\"article:modified_time\" content=\"2025-01-06T12:53:20+00:00\" \/>\n<meta property=\"og:image\" content=\"https:\/\/www.kemie.nl\/wp-content\/uploads\/2023\/01\/Natuursteen-10381-Belvedere-gepolijst-letano-slab-scaled-e1673348960848.jpg\" \/>\n\t<meta property=\"og:image:width\" content=\"2560\" \/>\n\t<meta property=\"og:image:height\" content=\"1643\" \/>\n\t<meta property=\"og:image:type\" content=\"image\/jpeg\" \/>\n<meta name=\"twitter:card\" content=\"summary_large_image\" \/>\n<script type=\"application\/ld+json\" class=\"yoast-schema-graph\">{\"@context\":\"https:\/\/schema.org\",\"@graph\":[{\"@type\":\"WebPage\",\"@id\":\"https:\/\/www.kemie.nl\/de\/product\/belvedere-letano\/\",\"url\":\"https:\/\/www.kemie.nl\/de\/product\/belvedere-letano\/\",\"name\":\"Belvedere - letano - Kemie B.V.\",\"isPartOf\":{\"@id\":\"https:\/\/www.kemie.nl\/de\/#website\"},\"primaryImageOfPage\":{\"@id\":\"https:\/\/www.kemie.nl\/de\/product\/belvedere-letano\/#primaryimage\"},\"image\":{\"@id\":\"https:\/\/www.kemie.nl\/de\/product\/belvedere-letano\/#primaryimage\"},\"thumbnailUrl\":\"https:\/\/www.kemie.nl\/wp-content\/uploads\/2023\/01\/Natuursteen-10381-Belvedere-gepolijst-letano-slab-scaled-e1673348960848.jpg\",\"datePublished\":\"2023-01-10T10:57:30+00:00\",\"dateModified\":\"2025-01-06T12:53:20+00:00\",\"breadcrumb\":{\"@id\":\"https:\/\/www.kemie.nl\/de\/product\/belvedere-letano\/#breadcrumb\"},\"inLanguage\":\"de-DE\",\"potentialAction\":[{\"@type\":\"ReadAction\",\"target\":[\"https:\/\/www.kemie.nl\/de\/product\/belvedere-letano\/\"]}]},{\"@type\":\"ImageObject\",\"inLanguage\":\"de-DE\",\"@id\":\"https:\/\/www.kemie.nl\/de\/product\/belvedere-letano\/#primaryimage\",\"url\":\"https:\/\/www.kemie.nl\/wp-content\/uploads\/2023\/01\/Natuursteen-10381-Belvedere-gepolijst-letano-slab-scaled-e1673348960848.jpg\",\"contentUrl\":\"https:\/\/www.kemie.nl\/wp-content\/uploads\/2023\/01\/Natuursteen-10381-Belvedere-gepolijst-letano-slab-scaled-e1673348960848.jpg\",\"width\":2560,\"height\":1643},{\"@type\":\"BreadcrumbList\",\"@id\":\"https:\/\/www.kemie.nl\/de\/product\/belvedere-letano\/#breadcrumb\",\"itemListElement\":[{\"@type\":\"ListItem\",\"position\":1,\"name\":\"Home\",\"item\":\"https:\/\/www.kemie.nl\/de\/\"},{\"@type\":\"ListItem\",\"position\":2,\"name\":\"Shop\",\"item\":\"https:\/\/www.kemie.nl\/de\/shop\/\"},{\"@type\":\"ListItem\",\"position\":3,\"name\":\"Belvedere &#8211; letano\"}]},{\"@type\":\"WebSite\",\"@id\":\"https:\/\/www.kemie.nl\/de\/#website\",\"url\":\"https:\/\/www.kemie.nl\/de\/\",\"name\":\"Kemie B.V.\",\"description\":\"De mooiste collectie keukenwerkbladen vindt u bij Kemie.\",\"publisher\":{\"@id\":\"https:\/\/www.kemie.nl\/de\/#organization\"},\"alternateName\":\"Kemie\",\"potentialAction\":[{\"@type\":\"SearchAction\",\"target\":{\"@type\":\"EntryPoint\",\"urlTemplate\":\"https:\/\/www.kemie.nl\/de\/?s={search_term_string}\"},\"query-input\":{\"@type\":\"PropertyValueSpecification\",\"valueRequired\":true,\"valueName\":\"search_term_string\"}}],\"inLanguage\":\"de-DE\"},{\"@type\":\"Organization\",\"@id\":\"https:\/\/www.kemie.nl\/de\/#organization\",\"name\":\"Kemie B.V.\",\"alternateName\":\"Kemie\",\"url\":\"https:\/\/www.kemie.nl\/de\/\",\"logo\":{\"@type\":\"ImageObject\",\"inLanguage\":\"de-DE\",\"@id\":\"https:\/\/www.kemie.nl\/de\/#\/schema\/logo\/image\/\",\"url\":\"https:\/\/www.kemie.nl\/wp-content\/uploads\/2022\/10\/Kemie-logo.svg\",\"contentUrl\":\"https:\/\/www.kemie.nl\/wp-content\/uploads\/2022\/10\/Kemie-logo.svg\",\"width\":2834,\"height\":1246,\"caption\":\"Kemie B.V.\"},\"image\":{\"@id\":\"https:\/\/www.kemie.nl\/de\/#\/schema\/logo\/image\/\"},\"sameAs\":[\"https:\/\/nl-nl.facebook.com\/Kemie-BV-188835737881422\/\",\"https:\/\/nl.pinterest.com\/kemiebv\/\",\"https:\/\/nl.linkedin.com\/company\/kemie-bv\",\"https:\/\/www.instagram.com\/kemie.nl\/\"]}]}<\/script>\n<!-- \/ Yoast SEO plugin. -->","yoast_head_json":{"title":"Belvedere - letano - Kemie B.V.","robots":{"index":"index","follow":"follow","max-snippet":"max-snippet:-1","max-image-preview":"max-image-preview:large","max-video-preview":"max-video-preview:-1"},"canonical":"https:\/\/www.kemie.nl\/de\/product\/belvedere-letano\/","og_locale":"de_DE","og_type":"article","og_title":"Belvedere - letano - Kemie B.V.","og_description":"Farbe ausw\u00e4hlen: nicht in allen Konfigurationen m\u00f6glich. Exklusive Farbe: solange der Vorrat reicht; Kein Probenmaterial verf\u00fcgbar","og_url":"https:\/\/www.kemie.nl\/de\/product\/belvedere-letano\/","og_site_name":"Kemie B.V.","article_publisher":"https:\/\/nl-nl.facebook.com\/Kemie-BV-188835737881422\/","article_modified_time":"2025-01-06T12:53:20+00:00","og_image":[{"width":2560,"height":1643,"url":"https:\/\/www.kemie.nl\/wp-content\/uploads\/2023\/01\/Natuursteen-10381-Belvedere-gepolijst-letano-slab-scaled-e1673348960848.jpg","type":"image\/jpeg"}],"twitter_card":"summary_large_image","schema":{"@context":"https:\/\/schema.org","@graph":[{"@type":"WebPage","@id":"https:\/\/www.kemie.nl\/de\/product\/belvedere-letano\/","url":"https:\/\/www.kemie.nl\/de\/product\/belvedere-letano\/","name":"Belvedere - letano - Kemie B.V.","isPartOf":{"@id":"https:\/\/www.kemie.nl\/de\/#website"},"primaryImageOfPage":{"@id":"https:\/\/www.kemie.nl\/de\/product\/belvedere-letano\/#primaryimage"},"image":{"@id":"https:\/\/www.kemie.nl\/de\/product\/belvedere-letano\/#primaryimage"},"thumbnailUrl":"https:\/\/www.kemie.nl\/wp-content\/uploads\/2023\/01\/Natuursteen-10381-Belvedere-gepolijst-letano-slab-scaled-e1673348960848.jpg","datePublished":"2023-01-10T10:57:30+00:00","dateModified":"2025-01-06T12:53:20+00:00","breadcrumb":{"@id":"https:\/\/www.kemie.nl\/de\/product\/belvedere-letano\/#breadcrumb"},"inLanguage":"de-DE","potentialAction":[{"@type":"ReadAction","target":["https:\/\/www.kemie.nl\/de\/product\/belvedere-letano\/"]}]},{"@type":"ImageObject","inLanguage":"de-DE","@id":"https:\/\/www.kemie.nl\/de\/product\/belvedere-letano\/#primaryimage","url":"https:\/\/www.kemie.nl\/wp-content\/uploads\/2023\/01\/Natuursteen-10381-Belvedere-gepolijst-letano-slab-scaled-e1673348960848.jpg","contentUrl":"https:\/\/www.kemie.nl\/wp-content\/uploads\/2023\/01\/Natuursteen-10381-Belvedere-gepolijst-letano-slab-scaled-e1673348960848.jpg","width":2560,"height":1643},{"@type":"BreadcrumbList","@id":"https:\/\/www.kemie.nl\/de\/product\/belvedere-letano\/#breadcrumb","itemListElement":[{"@type":"ListItem","position":1,"name":"Home","item":"https:\/\/www.kemie.nl\/de\/"},{"@type":"ListItem","position":2,"name":"Shop","item":"https:\/\/www.kemie.nl\/de\/shop\/"},{"@type":"ListItem","position":3,"name":"Belvedere &#8211; letano"}]},{"@type":"WebSite","@id":"https:\/\/www.kemie.nl\/de\/#website","url":"https:\/\/www.kemie.nl\/de\/","name":"Kemie B.V.","description":"De mooiste collectie keukenwerkbladen vindt u bij Kemie.","publisher":{"@id":"https:\/\/www.kemie.nl\/de\/#organization"},"alternateName":"Kemie","potentialAction":[{"@type":"SearchAction","target":{"@type":"EntryPoint","urlTemplate":"https:\/\/www.kemie.nl\/de\/?s={search_term_string}"},"query-input":{"@type":"PropertyValueSpecification","valueRequired":true,"valueName":"search_term_string"}}],"inLanguage":"de-DE"},{"@type":"Organization","@id":"https:\/\/www.kemie.nl\/de\/#organization","name":"Kemie B.V.","alternateName":"Kemie","url":"https:\/\/www.kemie.nl\/de\/","logo":{"@type":"ImageObject","inLanguage":"de-DE","@id":"https:\/\/www.kemie.nl\/de\/#\/schema\/logo\/image\/","url":"https:\/\/www.kemie.nl\/wp-content\/uploads\/2022\/10\/Kemie-logo.svg","contentUrl":"https:\/\/www.kemie.nl\/wp-content\/uploads\/2022\/10\/Kemie-logo.svg","width":2834,"height":1246,"caption":"Kemie B.V."},"image":{"@id":"https:\/\/www.kemie.nl\/de\/#\/schema\/logo\/image\/"},"sameAs":["https:\/\/nl-nl.facebook.com\/Kemie-BV-188835737881422\/","https:\/\/nl.pinterest.com\/kemiebv\/","https:\/\/nl.linkedin.com\/company\/kemie-bv","https:\/\/www.instagram.com\/kemie.nl\/"]}]}},"_links":{"self":[{"href":"https:\/\/www.kemie.nl\/de\/wp-json\/wp\/v2\/product\/12257","targetHints":{"allow":["GET"]}}],"collection":[{"href":"https:\/\/www.kemie.nl\/de\/wp-json\/wp\/v2\/product"}],"about":[{"href":"https:\/\/www.kemie.nl\/de\/wp-json\/wp\/v2\/types\/product"}],"replies":[{"embeddable":true,"href":"https:\/\/www.kemie.nl\/de\/wp-json\/wp\/v2\/comments?post=12257"}],"wp:featuredmedia":[{"embeddable":true,"href":"https:\/\/www.kemie.nl\/de\/wp-json\/wp\/v2\/media\/5919"}],"wp:attachment":[{"href":"https:\/\/www.kemie.nl\/de\/wp-json\/wp\/v2\/media?parent=12257"}],"wp:term":[{"taxonomy":"product_brand","embeddable":true,"href":"https:\/\/www.kemie.nl\/de\/wp-json\/wp\/v2\/product_brand?post=12257"},{"taxonomy":"product_cat","embeddable":true,"href":"https:\/\/www.kemie.nl\/de\/wp-json\/wp\/v2\/product_cat?post=12257"},{"taxonomy":"product_tag","embeddable":true,"href":"https:\/\/www.kemie.nl\/de\/wp-json\/wp\/v2\/product_tag?post=12257"}],"curies":[{"name":"wp","href":"https:\/\/api.w.org\/{rel}","templated":true}]}}