{"id":12254,"date":"2024-11-13T15:33:07","date_gmt":"2024-11-13T14:33:07","guid":{"rendered":"https:\/\/www.kemie.nl\/product\/cristallo-vitro-poliert\/"},"modified":"2025-01-06T13:53:03","modified_gmt":"2025-01-06T12:53:03","slug":"cristallo-vitro-poliert","status":"publish","type":"product","link":"https:\/\/www.kemie.nl\/de\/product\/cristallo-vitro-poliert\/","title":{"rendered":"Cristallo Vitro &#8211; poliert"},"content":{"rendered":"","protected":false},"excerpt":{"rendered":"<p>Lieferung in luxuri\u00f6ser Verpackung.<br \/>\nR\u00fcckgabe nicht m\u00f6glich.<\/p>\n","protected":false},"featured_media":11990,"comment_status":"closed","ping_status":"closed","template":"","meta":[],"product_brand":[],"product_cat":[167],"product_tag":[],"class_list":{"0":"post-12254","1":"product","2":"type-product","3":"status-publish","4":"has-post-thumbnail","6":"product_cat-quarzit","7":"pa_afmeting-afhankelijk-van-blok-de","8":"pa_hittebestendig-3-de","9":"pa_krasbestendig-3-de","10":"pa_materiaal-kwartsiet-de","11":"pa_stootvast-3-de","12":"pa_vlekbestendig-3-de","13":"pa_zuurbestendig-3-de","15":"first","16":"outofstock","17":"taxable","18":"shipping-taxable","19":"purchasable","20":"product-type-variable"},"yoast_head":"<!-- This site is optimized with the Yoast SEO plugin v26.8 - https:\/\/yoast.com\/product\/yoast-seo-wordpress\/ -->\n<title>Cristallo Vitro - poliert - Kemie B.V.<\/title>\n<meta name=\"robots\" content=\"index, follow, max-snippet:-1, max-image-preview:large, max-video-preview:-1\" \/>\n<link rel=\"canonical\" href=\"https:\/\/www.kemie.nl\/de\/product\/cristallo-vitro-poliert\/\" \/>\n<meta property=\"og:locale\" content=\"de_DE\" \/>\n<meta property=\"og:type\" content=\"article\" \/>\n<meta property=\"og:title\" content=\"Cristallo Vitro - poliert - Kemie B.V.\" \/>\n<meta property=\"og:description\" content=\"Lieferung in luxuri\u00f6ser Verpackung. R\u00fcckgabe nicht m\u00f6glich.\" \/>\n<meta property=\"og:url\" content=\"https:\/\/www.kemie.nl\/de\/product\/cristallo-vitro-poliert\/\" \/>\n<meta property=\"og:site_name\" content=\"Kemie B.V.\" \/>\n<meta property=\"article:publisher\" content=\"https:\/\/nl-nl.facebook.com\/Kemie-BV-188835737881422\/\" \/>\n<meta property=\"article:modified_time\" content=\"2025-01-06T12:53:03+00:00\" \/>\n<meta property=\"og:image\" content=\"https:\/\/www.kemie.nl\/wp-content\/uploads\/2024\/11\/Kwartsiet_Cristallo-Vitro.png\" \/>\n\t<meta property=\"og:image:width\" content=\"1036\" \/>\n\t<meta property=\"og:image:height\" content=\"603\" \/>\n\t<meta property=\"og:image:type\" content=\"image\/png\" \/>\n<meta name=\"twitter:card\" content=\"summary_large_image\" \/>\n<script type=\"application\/ld+json\" class=\"yoast-schema-graph\">{\"@context\":\"https:\/\/schema.org\",\"@graph\":[{\"@type\":\"WebPage\",\"@id\":\"https:\/\/www.kemie.nl\/de\/product\/cristallo-vitro-poliert\/\",\"url\":\"https:\/\/www.kemie.nl\/de\/product\/cristallo-vitro-poliert\/\",\"name\":\"Cristallo Vitro - poliert - Kemie B.V.\",\"isPartOf\":{\"@id\":\"https:\/\/www.kemie.nl\/de\/#website\"},\"primaryImageOfPage\":{\"@id\":\"https:\/\/www.kemie.nl\/de\/product\/cristallo-vitro-poliert\/#primaryimage\"},\"image\":{\"@id\":\"https:\/\/www.kemie.nl\/de\/product\/cristallo-vitro-poliert\/#primaryimage\"},\"thumbnailUrl\":\"https:\/\/www.kemie.nl\/wp-content\/uploads\/2024\/11\/Kwartsiet_Cristallo-Vitro.png\",\"datePublished\":\"2024-11-13T14:33:07+00:00\",\"dateModified\":\"2025-01-06T12:53:03+00:00\",\"breadcrumb\":{\"@id\":\"https:\/\/www.kemie.nl\/de\/product\/cristallo-vitro-poliert\/#breadcrumb\"},\"inLanguage\":\"de-DE\",\"potentialAction\":[{\"@type\":\"ReadAction\",\"target\":[\"https:\/\/www.kemie.nl\/de\/product\/cristallo-vitro-poliert\/\"]}]},{\"@type\":\"ImageObject\",\"inLanguage\":\"de-DE\",\"@id\":\"https:\/\/www.kemie.nl\/de\/product\/cristallo-vitro-poliert\/#primaryimage\",\"url\":\"https:\/\/www.kemie.nl\/wp-content\/uploads\/2024\/11\/Kwartsiet_Cristallo-Vitro.png\",\"contentUrl\":\"https:\/\/www.kemie.nl\/wp-content\/uploads\/2024\/11\/Kwartsiet_Cristallo-Vitro.png\",\"width\":1036,\"height\":603},{\"@type\":\"BreadcrumbList\",\"@id\":\"https:\/\/www.kemie.nl\/de\/product\/cristallo-vitro-poliert\/#breadcrumb\",\"itemListElement\":[{\"@type\":\"ListItem\",\"position\":1,\"name\":\"Home\",\"item\":\"https:\/\/www.kemie.nl\/de\/\"},{\"@type\":\"ListItem\",\"position\":2,\"name\":\"Shop\",\"item\":\"https:\/\/www.kemie.nl\/de\/shop\/\"},{\"@type\":\"ListItem\",\"position\":3,\"name\":\"Cristallo Vitro &#8211; poliert\"}]},{\"@type\":\"WebSite\",\"@id\":\"https:\/\/www.kemie.nl\/de\/#website\",\"url\":\"https:\/\/www.kemie.nl\/de\/\",\"name\":\"Kemie B.V.\",\"description\":\"De mooiste collectie keukenwerkbladen vindt u bij Kemie.\",\"publisher\":{\"@id\":\"https:\/\/www.kemie.nl\/de\/#organization\"},\"alternateName\":\"Kemie\",\"potentialAction\":[{\"@type\":\"SearchAction\",\"target\":{\"@type\":\"EntryPoint\",\"urlTemplate\":\"https:\/\/www.kemie.nl\/de\/?s={search_term_string}\"},\"query-input\":{\"@type\":\"PropertyValueSpecification\",\"valueRequired\":true,\"valueName\":\"search_term_string\"}}],\"inLanguage\":\"de-DE\"},{\"@type\":\"Organization\",\"@id\":\"https:\/\/www.kemie.nl\/de\/#organization\",\"name\":\"Kemie B.V.\",\"alternateName\":\"Kemie\",\"url\":\"https:\/\/www.kemie.nl\/de\/\",\"logo\":{\"@type\":\"ImageObject\",\"inLanguage\":\"de-DE\",\"@id\":\"https:\/\/www.kemie.nl\/de\/#\/schema\/logo\/image\/\",\"url\":\"https:\/\/www.kemie.nl\/wp-content\/uploads\/2022\/10\/Kemie-logo.svg\",\"contentUrl\":\"https:\/\/www.kemie.nl\/wp-content\/uploads\/2022\/10\/Kemie-logo.svg\",\"width\":2834,\"height\":1246,\"caption\":\"Kemie B.V.\"},\"image\":{\"@id\":\"https:\/\/www.kemie.nl\/de\/#\/schema\/logo\/image\/\"},\"sameAs\":[\"https:\/\/nl-nl.facebook.com\/Kemie-BV-188835737881422\/\",\"https:\/\/nl.pinterest.com\/kemiebv\/\",\"https:\/\/nl.linkedin.com\/company\/kemie-bv\",\"https:\/\/www.instagram.com\/kemie.nl\/\"]}]}<\/script>\n<!-- \/ Yoast SEO plugin. -->","yoast_head_json":{"title":"Cristallo Vitro - poliert - Kemie B.V.","robots":{"index":"index","follow":"follow","max-snippet":"max-snippet:-1","max-image-preview":"max-image-preview:large","max-video-preview":"max-video-preview:-1"},"canonical":"https:\/\/www.kemie.nl\/de\/product\/cristallo-vitro-poliert\/","og_locale":"de_DE","og_type":"article","og_title":"Cristallo Vitro - poliert - Kemie B.V.","og_description":"Lieferung in luxuri\u00f6ser Verpackung. R\u00fcckgabe nicht m\u00f6glich.","og_url":"https:\/\/www.kemie.nl\/de\/product\/cristallo-vitro-poliert\/","og_site_name":"Kemie B.V.","article_publisher":"https:\/\/nl-nl.facebook.com\/Kemie-BV-188835737881422\/","article_modified_time":"2025-01-06T12:53:03+00:00","og_image":[{"width":1036,"height":603,"url":"https:\/\/www.kemie.nl\/wp-content\/uploads\/2024\/11\/Kwartsiet_Cristallo-Vitro.png","type":"image\/png"}],"twitter_card":"summary_large_image","schema":{"@context":"https:\/\/schema.org","@graph":[{"@type":"WebPage","@id":"https:\/\/www.kemie.nl\/de\/product\/cristallo-vitro-poliert\/","url":"https:\/\/www.kemie.nl\/de\/product\/cristallo-vitro-poliert\/","name":"Cristallo Vitro - poliert - Kemie B.V.","isPartOf":{"@id":"https:\/\/www.kemie.nl\/de\/#website"},"primaryImageOfPage":{"@id":"https:\/\/www.kemie.nl\/de\/product\/cristallo-vitro-poliert\/#primaryimage"},"image":{"@id":"https:\/\/www.kemie.nl\/de\/product\/cristallo-vitro-poliert\/#primaryimage"},"thumbnailUrl":"https:\/\/www.kemie.nl\/wp-content\/uploads\/2024\/11\/Kwartsiet_Cristallo-Vitro.png","datePublished":"2024-11-13T14:33:07+00:00","dateModified":"2025-01-06T12:53:03+00:00","breadcrumb":{"@id":"https:\/\/www.kemie.nl\/de\/product\/cristallo-vitro-poliert\/#breadcrumb"},"inLanguage":"de-DE","potentialAction":[{"@type":"ReadAction","target":["https:\/\/www.kemie.nl\/de\/product\/cristallo-vitro-poliert\/"]}]},{"@type":"ImageObject","inLanguage":"de-DE","@id":"https:\/\/www.kemie.nl\/de\/product\/cristallo-vitro-poliert\/#primaryimage","url":"https:\/\/www.kemie.nl\/wp-content\/uploads\/2024\/11\/Kwartsiet_Cristallo-Vitro.png","contentUrl":"https:\/\/www.kemie.nl\/wp-content\/uploads\/2024\/11\/Kwartsiet_Cristallo-Vitro.png","width":1036,"height":603},{"@type":"BreadcrumbList","@id":"https:\/\/www.kemie.nl\/de\/product\/cristallo-vitro-poliert\/#breadcrumb","itemListElement":[{"@type":"ListItem","position":1,"name":"Home","item":"https:\/\/www.kemie.nl\/de\/"},{"@type":"ListItem","position":2,"name":"Shop","item":"https:\/\/www.kemie.nl\/de\/shop\/"},{"@type":"ListItem","position":3,"name":"Cristallo Vitro &#8211; poliert"}]},{"@type":"WebSite","@id":"https:\/\/www.kemie.nl\/de\/#website","url":"https:\/\/www.kemie.nl\/de\/","name":"Kemie B.V.","description":"De mooiste collectie keukenwerkbladen vindt u bij Kemie.","publisher":{"@id":"https:\/\/www.kemie.nl\/de\/#organization"},"alternateName":"Kemie","potentialAction":[{"@type":"SearchAction","target":{"@type":"EntryPoint","urlTemplate":"https:\/\/www.kemie.nl\/de\/?s={search_term_string}"},"query-input":{"@type":"PropertyValueSpecification","valueRequired":true,"valueName":"search_term_string"}}],"inLanguage":"de-DE"},{"@type":"Organization","@id":"https:\/\/www.kemie.nl\/de\/#organization","name":"Kemie B.V.","alternateName":"Kemie","url":"https:\/\/www.kemie.nl\/de\/","logo":{"@type":"ImageObject","inLanguage":"de-DE","@id":"https:\/\/www.kemie.nl\/de\/#\/schema\/logo\/image\/","url":"https:\/\/www.kemie.nl\/wp-content\/uploads\/2022\/10\/Kemie-logo.svg","contentUrl":"https:\/\/www.kemie.nl\/wp-content\/uploads\/2022\/10\/Kemie-logo.svg","width":2834,"height":1246,"caption":"Kemie B.V."},"image":{"@id":"https:\/\/www.kemie.nl\/de\/#\/schema\/logo\/image\/"},"sameAs":["https:\/\/nl-nl.facebook.com\/Kemie-BV-188835737881422\/","https:\/\/nl.pinterest.com\/kemiebv\/","https:\/\/nl.linkedin.com\/company\/kemie-bv","https:\/\/www.instagram.com\/kemie.nl\/"]}]}},"_links":{"self":[{"href":"https:\/\/www.kemie.nl\/de\/wp-json\/wp\/v2\/product\/12254","targetHints":{"allow":["GET"]}}],"collection":[{"href":"https:\/\/www.kemie.nl\/de\/wp-json\/wp\/v2\/product"}],"about":[{"href":"https:\/\/www.kemie.nl\/de\/wp-json\/wp\/v2\/types\/product"}],"replies":[{"embeddable":true,"href":"https:\/\/www.kemie.nl\/de\/wp-json\/wp\/v2\/comments?post=12254"}],"wp:featuredmedia":[{"embeddable":true,"href":"https:\/\/www.kemie.nl\/de\/wp-json\/wp\/v2\/media\/11990"}],"wp:attachment":[{"href":"https:\/\/www.kemie.nl\/de\/wp-json\/wp\/v2\/media?parent=12254"}],"wp:term":[{"taxonomy":"product_brand","embeddable":true,"href":"https:\/\/www.kemie.nl\/de\/wp-json\/wp\/v2\/product_brand?post=12254"},{"taxonomy":"product_cat","embeddable":true,"href":"https:\/\/www.kemie.nl\/de\/wp-json\/wp\/v2\/product_cat?post=12254"},{"taxonomy":"product_tag","embeddable":true,"href":"https:\/\/www.kemie.nl\/de\/wp-json\/wp\/v2\/product_tag?post=12254"}],"curies":[{"name":"wp","href":"https:\/\/api.w.org\/{rel}","templated":true}]}}