{"id":6684,"date":"2023-01-18T10:22:52","date_gmt":"2023-01-18T09:22:52","guid":{"rendered":"https:\/\/kemie.jklanten.nl\/?page_id=6684"},"modified":"2023-01-18T10:39:10","modified_gmt":"2023-01-18T09:39:10","slug":"haftungsausschluss","status":"publish","type":"page","link":"https:\/\/www.kemie.nl\/de\/haftungsausschluss\/","title":{"rendered":"Haftungsausschluss"},"content":{"rendered":"\t\t<div data-elementor-type=\"wp-page\" data-elementor-id=\"6684\" class=\"elementor elementor-6684 elementor-6650\" data-elementor-post-type=\"page\">\n\t\t\t\t\t\t<section class=\"elementor-section elementor-top-section elementor-element elementor-element-3e1ffdc elementor-section-boxed elementor-section-height-default elementor-section-height-default\" data-id=\"3e1ffdc\" data-element_type=\"section\" data-settings=\"{&quot;jet_parallax_layout_list&quot;:[]}\">\n\t\t\t\t\t\t<div class=\"elementor-container elementor-column-gap-default\">\n\t\t\t\t\t<div class=\"elementor-column elementor-col-100 elementor-top-column elementor-element elementor-element-2d7e854\" data-id=\"2d7e854\" data-element_type=\"column\">\n\t\t\t<div class=\"elementor-widget-wrap elementor-element-populated\">\n\t\t\t\t\t\t<div class=\"elementor-element elementor-element-5433608 elementor-align-left elementor-widget elementor-widget-breadcrumbs\" data-id=\"5433608\" data-element_type=\"widget\" data-widget_type=\"breadcrumbs.default\">\n\t\t\t\t<div class=\"elementor-widget-container\">\n\t\t\t\t\t<p id=\"breadcrumbs\"><span><span><a href=\"https:\/\/www.kemie.nl\/de\/\">Home<\/a><\/span><\/span><\/p>\t\t\t\t<\/div>\n\t\t\t\t<\/div>\n\t\t\t\t\t<\/div>\n\t\t<\/div>\n\t\t\t\t\t<\/div>\n\t\t<\/section>\n\t\t\t\t<section class=\"elementor-section elementor-top-section elementor-element elementor-element-697d28d elementor-section-boxed elementor-section-height-default elementor-section-height-default\" data-id=\"697d28d\" data-element_type=\"section\" data-settings=\"{&quot;jet_parallax_layout_list&quot;:[]}\">\n\t\t\t\t\t\t<div class=\"elementor-container elementor-column-gap-default\">\n\t\t\t\t\t<div class=\"elementor-column elementor-col-100 elementor-top-column elementor-element elementor-element-0fa1a06\" data-id=\"0fa1a06\" data-element_type=\"column\">\n\t\t\t<div class=\"elementor-widget-wrap elementor-element-populated\">\n\t\t\t\t\t\t<div class=\"elementor-element elementor-element-f9d6a73 elementor-widget elementor-widget-text-editor\" data-id=\"f9d6a73\" data-element_type=\"widget\" data-widget_type=\"text-editor.default\">\n\t\t\t\t<div class=\"elementor-widget-container\">\n\t\t\t\t\t\t\t\t\t<div id=\"main-content\"><article id=\"post-31920\" class=\"post-31920 page type-page status-publish hentry\">\n<div class=\"entry-content\">\n<div class=\"et-l et-l--post\">\n<div class=\"et_builder_inner_content et_pb_gutters2\">\n<div class=\"et_pb_section et_pb_section_1 et_section_regular\">\n<div class=\"et_pb_row et_pb_row_1 producten\">\n<div class=\"et_pb_column et_pb_column_4_4 et_pb_column_1 et_pb_css_mix_blend_mode_passthrough et-last-child\">\n<div class=\"et_pb_module et_pb_text et_pb_text_1 et_pb_text_align_left et_pb_bg_layout_light\">\n<div class=\"et_pb_text_inner\">\n\nBV (Handelskammer), im Folgenden als Kemie bezeichnet, gew\u00e4hrt Ihnen hiermit Zugriff auf www.kemie.nl (\u201edie Website\u201c) und l\u00e4dt Sie zum Kauf der angebotenen Artikel ein.\n\nKemie beh\u00e4lt sich das Recht vor, den Inhalt jederzeit zu \u00e4ndern oder Teile zu entfernen, ohne Sie dar\u00fcber informieren zu m\u00fcssen.\n<h3>Begrenzte Haftung<\/h3>\nKemie bem\u00fcht sich, den Inhalt der Website so oft wie m\u00f6glich zu aktualisieren und \/ oder zu erg\u00e4nzen. Trotz dieser Sorgfalt und Aufmerksamkeit ist es m\u00f6glich, dass der Inhalt unvollst\u00e4ndig und \/ oder falsch ist.\n\nDie auf der Website angebotenen Materialien werden ohne jegliche Garantie oder Anspruch auf Richtigkeit angeboten. Diese Materialien k\u00f6nnen jederzeit ohne vorherige Ank\u00fcndigung von Kemie ge\u00e4ndert werden.\n\nSpeziell f\u00fcr Preise und andere Informationen zu Produkten auf der Website werden offensichtliche Programmier- und Tippfehler vorbehalten. Sie k\u00f6nnen aufgrund solcher Fehler keine Vereinbarung mit Kemie geltend machen. Kemie kann niemals eine Haftung f\u00fcr Hyperlinks zu Websites oder Diensten Dritter \u00fcbernehmen, die auf der Website enthalten sind.\n<h3>Urheberrechte \u00a9<\/h3>\nAlle Rechte an geistigem Eigentum in Bezug auf diese Materialien liegen bei Kemie.\n\nKopien, Zusagen und jede andere Verwendung dieser Materialien sind ohne die schriftliche Genehmigung von Kemie nicht gestattet, au\u00dfer und nur in dem Umfang, der in den zwingenden gesetzlichen Bestimmungen (wie dem Recht auf Zitat) anders angegeben ist, sofern f\u00fcr bestimmte Materialien nichts anderes angegeben ist.\n<h3>Andere<\/h3>\nDieser Haftungsausschluss kann sich von Zeit zu Zeit \u00e4ndern. Dieser Haftungsausschluss wurde \u00fcber den ICTRecht-Haftungsausschlussgenerator (http:\/\/ictrecht.nl\/disclaimergenerator\/) generiert.\n\n<\/div>\n<\/div>\n<\/div>\n<\/div>\n<\/div>\n<\/div>\n<\/div>\n<\/div>\n<\/article><\/div>\n<footer id=\"main-footer\">\n<div class=\"container\">\n<div id=\"footer-widgets\" class=\"clearfix\">\n<div class=\"footer-widget\"><\/div>\n<\/div>\n<\/div>\n<\/footer>\t\t\t\t\t\t\t\t<\/div>\n\t\t\t\t<\/div>\n\t\t\t\t\t<\/div>\n\t\t<\/div>\n\t\t\t\t\t<\/div>\n\t\t<\/section>\n\t\t\t\t<\/div>\n\t\t","protected":false},"excerpt":{"rendered":"<p>BV (Handelskammer), im Folgenden als Kemie bezeichnet, gew\u00e4hrt Ihnen hiermit Zugriff auf www.kemie.nl (\u201edie Website\u201c) und l\u00e4dt Sie zum Kauf der angebotenen Artikel ein. Kemie beh\u00e4lt sich das Recht vor, den Inhalt jederzeit zu \u00e4ndern oder Teile zu entfernen, ohne Sie dar\u00fcber informieren zu m\u00fcssen. Begrenzte Haftung Kemie bem\u00fcht sich, den Inhalt der Website so [&hellip;]<\/p>\n","protected":false},"author":1,"featured_media":0,"parent":0,"menu_order":0,"comment_status":"closed","ping_status":"closed","template":"","meta":{"footnotes":""},"class_list":["post-6684","page","type-page","status-publish","hentry"],"yoast_head":"<!-- This site is optimized with the Yoast SEO plugin v26.8 - https:\/\/yoast.com\/product\/yoast-seo-wordpress\/ -->\n<title>Haftungsausschluss - Kemie B.V.<\/title>\n<meta name=\"robots\" content=\"index, follow, max-snippet:-1, max-image-preview:large, max-video-preview:-1\" \/>\n<link rel=\"canonical\" href=\"https:\/\/www.kemie.nl\/de\/haftungsausschluss\/\" \/>\n<meta property=\"og:locale\" content=\"de_DE\" \/>\n<meta property=\"og:type\" content=\"article\" \/>\n<meta property=\"og:title\" content=\"Haftungsausschluss - Kemie B.V.\" \/>\n<meta property=\"og:description\" content=\"BV (Handelskammer), im Folgenden als Kemie bezeichnet, gew\u00e4hrt Ihnen hiermit Zugriff auf www.kemie.nl (\u201edie Website\u201c) und l\u00e4dt Sie zum Kauf der angebotenen Artikel ein. Kemie beh\u00e4lt sich das Recht vor, den Inhalt jederzeit zu \u00e4ndern oder Teile zu entfernen, ohne Sie dar\u00fcber informieren zu m\u00fcssen. Begrenzte Haftung Kemie bem\u00fcht sich, den Inhalt der Website so [&hellip;]\" \/>\n<meta property=\"og:url\" content=\"https:\/\/www.kemie.nl\/de\/haftungsausschluss\/\" \/>\n<meta property=\"og:site_name\" content=\"Kemie B.V.\" \/>\n<meta property=\"article:publisher\" content=\"https:\/\/nl-nl.facebook.com\/Kemie-BV-188835737881422\/\" \/>\n<meta property=\"article:modified_time\" content=\"2023-01-18T09:39:10+00:00\" \/>\n<meta name=\"twitter:card\" content=\"summary_large_image\" \/>\n<script type=\"application\/ld+json\" class=\"yoast-schema-graph\">{\"@context\":\"https:\/\/schema.org\",\"@graph\":[{\"@type\":\"WebPage\",\"@id\":\"https:\/\/www.kemie.nl\/de\/haftungsausschluss\/\",\"url\":\"https:\/\/www.kemie.nl\/de\/haftungsausschluss\/\",\"name\":\"Haftungsausschluss - Kemie B.V.\",\"isPartOf\":{\"@id\":\"https:\/\/www.kemie.nl\/de\/#website\"},\"datePublished\":\"2023-01-18T09:22:52+00:00\",\"dateModified\":\"2023-01-18T09:39:10+00:00\",\"breadcrumb\":{\"@id\":\"https:\/\/www.kemie.nl\/de\/haftungsausschluss\/#breadcrumb\"},\"inLanguage\":\"de-DE\",\"potentialAction\":[{\"@type\":\"ReadAction\",\"target\":[\"https:\/\/www.kemie.nl\/de\/haftungsausschluss\/\"]}]},{\"@type\":\"BreadcrumbList\",\"@id\":\"https:\/\/www.kemie.nl\/de\/haftungsausschluss\/#breadcrumb\",\"itemListElement\":[{\"@type\":\"ListItem\",\"position\":1,\"name\":\"Home\",\"item\":\"https:\/\/www.kemie.nl\/de\/\"},{\"@type\":\"ListItem\",\"position\":2,\"name\":\"Haftungsausschluss\"}]},{\"@type\":\"WebSite\",\"@id\":\"https:\/\/www.kemie.nl\/de\/#website\",\"url\":\"https:\/\/www.kemie.nl\/de\/\",\"name\":\"Kemie B.V.\",\"description\":\"De mooiste collectie keukenwerkbladen vindt u bij Kemie.\",\"publisher\":{\"@id\":\"https:\/\/www.kemie.nl\/de\/#organization\"},\"alternateName\":\"Kemie\",\"potentialAction\":[{\"@type\":\"SearchAction\",\"target\":{\"@type\":\"EntryPoint\",\"urlTemplate\":\"https:\/\/www.kemie.nl\/de\/?s={search_term_string}\"},\"query-input\":{\"@type\":\"PropertyValueSpecification\",\"valueRequired\":true,\"valueName\":\"search_term_string\"}}],\"inLanguage\":\"de-DE\"},{\"@type\":\"Organization\",\"@id\":\"https:\/\/www.kemie.nl\/de\/#organization\",\"name\":\"Kemie B.V.\",\"alternateName\":\"Kemie\",\"url\":\"https:\/\/www.kemie.nl\/de\/\",\"logo\":{\"@type\":\"ImageObject\",\"inLanguage\":\"de-DE\",\"@id\":\"https:\/\/www.kemie.nl\/de\/#\/schema\/logo\/image\/\",\"url\":\"https:\/\/www.kemie.nl\/wp-content\/uploads\/2022\/10\/Kemie-logo.svg\",\"contentUrl\":\"https:\/\/www.kemie.nl\/wp-content\/uploads\/2022\/10\/Kemie-logo.svg\",\"width\":2834,\"height\":1246,\"caption\":\"Kemie B.V.\"},\"image\":{\"@id\":\"https:\/\/www.kemie.nl\/de\/#\/schema\/logo\/image\/\"},\"sameAs\":[\"https:\/\/nl-nl.facebook.com\/Kemie-BV-188835737881422\/\",\"https:\/\/nl.pinterest.com\/kemiebv\/\",\"https:\/\/nl.linkedin.com\/company\/kemie-bv\",\"https:\/\/www.instagram.com\/kemie.nl\/\"]}]}<\/script>\n<!-- \/ Yoast SEO plugin. -->","yoast_head_json":{"title":"Haftungsausschluss - Kemie B.V.","robots":{"index":"index","follow":"follow","max-snippet":"max-snippet:-1","max-image-preview":"max-image-preview:large","max-video-preview":"max-video-preview:-1"},"canonical":"https:\/\/www.kemie.nl\/de\/haftungsausschluss\/","og_locale":"de_DE","og_type":"article","og_title":"Haftungsausschluss - Kemie B.V.","og_description":"BV (Handelskammer), im Folgenden als Kemie bezeichnet, gew\u00e4hrt Ihnen hiermit Zugriff auf www.kemie.nl (\u201edie Website\u201c) und l\u00e4dt Sie zum Kauf der angebotenen Artikel ein. Kemie beh\u00e4lt sich das Recht vor, den Inhalt jederzeit zu \u00e4ndern oder Teile zu entfernen, ohne Sie dar\u00fcber informieren zu m\u00fcssen. Begrenzte Haftung Kemie bem\u00fcht sich, den Inhalt der Website so [&hellip;]","og_url":"https:\/\/www.kemie.nl\/de\/haftungsausschluss\/","og_site_name":"Kemie B.V.","article_publisher":"https:\/\/nl-nl.facebook.com\/Kemie-BV-188835737881422\/","article_modified_time":"2023-01-18T09:39:10+00:00","twitter_card":"summary_large_image","schema":{"@context":"https:\/\/schema.org","@graph":[{"@type":"WebPage","@id":"https:\/\/www.kemie.nl\/de\/haftungsausschluss\/","url":"https:\/\/www.kemie.nl\/de\/haftungsausschluss\/","name":"Haftungsausschluss - Kemie B.V.","isPartOf":{"@id":"https:\/\/www.kemie.nl\/de\/#website"},"datePublished":"2023-01-18T09:22:52+00:00","dateModified":"2023-01-18T09:39:10+00:00","breadcrumb":{"@id":"https:\/\/www.kemie.nl\/de\/haftungsausschluss\/#breadcrumb"},"inLanguage":"de-DE","potentialAction":[{"@type":"ReadAction","target":["https:\/\/www.kemie.nl\/de\/haftungsausschluss\/"]}]},{"@type":"BreadcrumbList","@id":"https:\/\/www.kemie.nl\/de\/haftungsausschluss\/#breadcrumb","itemListElement":[{"@type":"ListItem","position":1,"name":"Home","item":"https:\/\/www.kemie.nl\/de\/"},{"@type":"ListItem","position":2,"name":"Haftungsausschluss"}]},{"@type":"WebSite","@id":"https:\/\/www.kemie.nl\/de\/#website","url":"https:\/\/www.kemie.nl\/de\/","name":"Kemie B.V.","description":"De mooiste collectie keukenwerkbladen vindt u bij Kemie.","publisher":{"@id":"https:\/\/www.kemie.nl\/de\/#organization"},"alternateName":"Kemie","potentialAction":[{"@type":"SearchAction","target":{"@type":"EntryPoint","urlTemplate":"https:\/\/www.kemie.nl\/de\/?s={search_term_string}"},"query-input":{"@type":"PropertyValueSpecification","valueRequired":true,"valueName":"search_term_string"}}],"inLanguage":"de-DE"},{"@type":"Organization","@id":"https:\/\/www.kemie.nl\/de\/#organization","name":"Kemie B.V.","alternateName":"Kemie","url":"https:\/\/www.kemie.nl\/de\/","logo":{"@type":"ImageObject","inLanguage":"de-DE","@id":"https:\/\/www.kemie.nl\/de\/#\/schema\/logo\/image\/","url":"https:\/\/www.kemie.nl\/wp-content\/uploads\/2022\/10\/Kemie-logo.svg","contentUrl":"https:\/\/www.kemie.nl\/wp-content\/uploads\/2022\/10\/Kemie-logo.svg","width":2834,"height":1246,"caption":"Kemie B.V."},"image":{"@id":"https:\/\/www.kemie.nl\/de\/#\/schema\/logo\/image\/"},"sameAs":["https:\/\/nl-nl.facebook.com\/Kemie-BV-188835737881422\/","https:\/\/nl.pinterest.com\/kemiebv\/","https:\/\/nl.linkedin.com\/company\/kemie-bv","https:\/\/www.instagram.com\/kemie.nl\/"]}]}},"_links":{"self":[{"href":"https:\/\/www.kemie.nl\/de\/wp-json\/wp\/v2\/pages\/6684","targetHints":{"allow":["GET"]}}],"collection":[{"href":"https:\/\/www.kemie.nl\/de\/wp-json\/wp\/v2\/pages"}],"about":[{"href":"https:\/\/www.kemie.nl\/de\/wp-json\/wp\/v2\/types\/page"}],"author":[{"embeddable":true,"href":"https:\/\/www.kemie.nl\/de\/wp-json\/wp\/v2\/users\/1"}],"replies":[{"embeddable":true,"href":"https:\/\/www.kemie.nl\/de\/wp-json\/wp\/v2\/comments?post=6684"}],"version-history":[{"count":4,"href":"https:\/\/www.kemie.nl\/de\/wp-json\/wp\/v2\/pages\/6684\/revisions"}],"predecessor-version":[{"id":6688,"href":"https:\/\/www.kemie.nl\/de\/wp-json\/wp\/v2\/pages\/6684\/revisions\/6688"}],"wp:attachment":[{"href":"https:\/\/www.kemie.nl\/de\/wp-json\/wp\/v2\/media?parent=6684"}],"curies":[{"name":"wp","href":"https:\/\/api.w.org\/{rel}","templated":true}]}}