{"id":6674,"date":"2023-01-18T10:20:47","date_gmt":"2023-01-18T09:20:47","guid":{"rendered":"https:\/\/kemie.jklanten.nl\/?page_id=6674"},"modified":"2023-01-18T10:34:41","modified_gmt":"2023-01-18T09:34:41","slug":"cookie-richtlinien","status":"publish","type":"page","link":"https:\/\/www.kemie.nl\/de\/cookie-richtlinien\/","title":{"rendered":"Cookie-Richtlinien"},"content":{"rendered":"\t\t<div data-elementor-type=\"wp-page\" data-elementor-id=\"6674\" class=\"elementor elementor-6674 elementor-6645\" data-elementor-post-type=\"page\">\n\t\t\t\t\t\t<section class=\"elementor-section elementor-top-section elementor-element elementor-element-2c9f7b2 elementor-section-boxed elementor-section-height-default elementor-section-height-default\" data-id=\"2c9f7b2\" data-element_type=\"section\" data-settings=\"{&quot;jet_parallax_layout_list&quot;:[]}\">\n\t\t\t\t\t\t<div class=\"elementor-container elementor-column-gap-default\">\n\t\t\t\t\t<div class=\"elementor-column elementor-col-100 elementor-top-column elementor-element elementor-element-721a9ef\" data-id=\"721a9ef\" data-element_type=\"column\">\n\t\t\t<div class=\"elementor-widget-wrap elementor-element-populated\">\n\t\t\t\t\t\t<div class=\"elementor-element elementor-element-f74b995 elementor-align-left elementor-widget elementor-widget-breadcrumbs\" data-id=\"f74b995\" data-element_type=\"widget\" data-widget_type=\"breadcrumbs.default\">\n\t\t\t\t<div class=\"elementor-widget-container\">\n\t\t\t\t\t<p id=\"breadcrumbs\"><span><span><a href=\"https:\/\/www.kemie.nl\/de\/\">Home<\/a><\/span><\/span><\/p>\t\t\t\t<\/div>\n\t\t\t\t<\/div>\n\t\t\t\t\t<\/div>\n\t\t<\/div>\n\t\t\t\t\t<\/div>\n\t\t<\/section>\n\t\t\t\t<section class=\"elementor-section elementor-top-section elementor-element elementor-element-b77ea29 elementor-section-boxed elementor-section-height-default elementor-section-height-default\" data-id=\"b77ea29\" data-element_type=\"section\" data-settings=\"{&quot;jet_parallax_layout_list&quot;:[]}\">\n\t\t\t\t\t\t<div class=\"elementor-container elementor-column-gap-default\">\n\t\t\t\t\t<div class=\"elementor-column elementor-col-100 elementor-top-column elementor-element elementor-element-7907ff8\" data-id=\"7907ff8\" data-element_type=\"column\">\n\t\t\t<div class=\"elementor-widget-wrap elementor-element-populated\">\n\t\t\t\t\t\t<div class=\"elementor-element elementor-element-9173ccb elementor-widget elementor-widget-text-editor\" data-id=\"9173ccb\" data-element_type=\"widget\" data-widget_type=\"text-editor.default\">\n\t\t\t\t<div class=\"elementor-widget-container\">\n\t\t\t\t\t\t\t\t\t<h2>Cookie-Richtlinien<\/h2>\nKemie B.V. verwendet verschiedene Arten von Cookies (kleine Textdateien, die auf Ihrem Ger\u00e4t abgelegt werden) und \u00e4hnliche Technologien zur Erhebung von Daten, die zur Erbringung unserer Leistungen erforderlich sind.\n\nMit Cookies k\u00f6nnen wir u. a.: Ihre Pr\u00e4ferenzen und Einstellungen speichern, Betrug vorbeugen, ein Kontaktformular aufnehmen, Soziale Medien integrieren und die Leistungen unserer Website und Online-Services analysieren.\n\nF\u00fcr das Ablegen funktionaler Cookies und die begrenzte Nutzung analytischer Cookies, die u. a. zur Erbringung einer Dienstleistung erforderlich sind, braucht Kemie B.V. im Voraus keine Zustimmung von Ihnen als Besucher einzuholen. Funktionale Cookies sind beispielsweise Dateien, die erfassen, was sich in einem digitalen Warenkorb befindet. Analytische Cookies werden beispielsweise zur Erfassung der Besucherzahlen und zur Optimierung der Website verwendet. Diese Cookies d\u00fcrfen keine oder nur unwesentliche Auswirkungen auf die Privatsph\u00e4re der Besucher haben.\n\nAlle sonstigen Cookies, wie Tracking Cookies, d\u00fcrfen nur eingesetzt werden, wenn Sie Kemie B.V. im Voraus Ihre Zustimmung erteilt haben.\n\nIndem Sie auf die Schaltfl\u00e4che \u201eEinverstanden\u201d klicken, teilen Sie mit, dass Sie die Verwendung von Cookies und die Verarbeitung von (personenbezogenen) Daten, die mithilfe von Cookies erhoben und verarbeitet werden, akzeptieren.\n\nMithilfe von Popup-Fenstern werden die Besucher der Website im Voraus um ihre Zustimmung gebeten. Das ist beispielsweise der Fall, wenn die statistischen Daten auch zum Erstellen von Besucherprofilen verwendet werden.\n\nCookies (und weitere vergleichbare Techniken, wie Javascript) gew\u00e4hrleisten beispielsweise, dass Sie auf einer Website angemeldet bleiben und Standort- und Spracheinstellungen gespeichert werden k\u00f6nnen (funktional).\n\nAu\u00dferdem k\u00f6nnen Websitebetreiber mithilfe von Cookies feststellen, wie oft ihre Websites \u2013 und welche Seiten \u2013 von Besuchern angeschaut werden (Statistiken). Cookies werden bei der Nutzung von beispielsweise einer Like-Schaltfl\u00e4che (Soziale Medien) verwendet.\n\nCookies erm\u00f6glichen es auch, Informationen zur Nutzung mehrerer Websites zu erfassen (Tracking Cookie). F\u00fcr die Nutzung von Cookies hinsichtlich der von Kemie B.V. erhobenen Informationen gelten unsere Datenschutz- und Cookie-Richtlinien.\n\nWeitere Informationen zur Verarbeitung von (personenbezogenen) Daten entnehmen Sie bitte unseren\u00a0Datenschutz-Richtlinien.\t\t\t\t\t\t\t\t<\/div>\n\t\t\t\t<\/div>\n\t\t\t\t\t<\/div>\n\t\t<\/div>\n\t\t\t\t\t<\/div>\n\t\t<\/section>\n\t\t\t\t<\/div>\n\t\t","protected":false},"excerpt":{"rendered":"<p>Cookie-Richtlinien Kemie B.V. verwendet verschiedene Arten von Cookies (kleine Textdateien, die auf Ihrem Ger\u00e4t abgelegt werden) und \u00e4hnliche Technologien zur Erhebung von Daten, die zur Erbringung unserer Leistungen erforderlich sind. Mit Cookies k\u00f6nnen wir u. a.: Ihre Pr\u00e4ferenzen und Einstellungen speichern, Betrug vorbeugen, ein Kontaktformular aufnehmen, Soziale Medien integrieren und die Leistungen unserer Website und [&hellip;]<\/p>\n","protected":false},"author":1,"featured_media":0,"parent":0,"menu_order":0,"comment_status":"closed","ping_status":"closed","template":"","meta":{"footnotes":""},"class_list":["post-6674","page","type-page","status-publish","hentry"],"yoast_head":"<!-- This site is optimized with the Yoast SEO plugin v26.8 - https:\/\/yoast.com\/product\/yoast-seo-wordpress\/ -->\n<title>Cookie-Richtlinien - Kemie B.V.<\/title>\n<meta name=\"robots\" content=\"index, follow, max-snippet:-1, max-image-preview:large, max-video-preview:-1\" \/>\n<link rel=\"canonical\" href=\"https:\/\/www.kemie.nl\/de\/cookie-richtlinien\/\" \/>\n<meta property=\"og:locale\" content=\"de_DE\" \/>\n<meta property=\"og:type\" content=\"article\" \/>\n<meta property=\"og:title\" content=\"Cookie-Richtlinien - Kemie B.V.\" \/>\n<meta property=\"og:description\" content=\"Cookie-Richtlinien Kemie B.V. verwendet verschiedene Arten von Cookies (kleine Textdateien, die auf Ihrem Ger\u00e4t abgelegt werden) und \u00e4hnliche Technologien zur Erhebung von Daten, die zur Erbringung unserer Leistungen erforderlich sind. Mit Cookies k\u00f6nnen wir u. a.: Ihre Pr\u00e4ferenzen und Einstellungen speichern, Betrug vorbeugen, ein Kontaktformular aufnehmen, Soziale Medien integrieren und die Leistungen unserer Website und [&hellip;]\" \/>\n<meta property=\"og:url\" content=\"https:\/\/www.kemie.nl\/de\/cookie-richtlinien\/\" \/>\n<meta property=\"og:site_name\" content=\"Kemie B.V.\" \/>\n<meta property=\"article:publisher\" content=\"https:\/\/nl-nl.facebook.com\/Kemie-BV-188835737881422\/\" \/>\n<meta property=\"article:modified_time\" content=\"2023-01-18T09:34:41+00:00\" \/>\n<meta name=\"twitter:card\" content=\"summary_large_image\" \/>\n<script type=\"application\/ld+json\" class=\"yoast-schema-graph\">{\"@context\":\"https:\/\/schema.org\",\"@graph\":[{\"@type\":\"WebPage\",\"@id\":\"https:\/\/www.kemie.nl\/de\/cookie-richtlinien\/\",\"url\":\"https:\/\/www.kemie.nl\/de\/cookie-richtlinien\/\",\"name\":\"Cookie-Richtlinien - Kemie B.V.\",\"isPartOf\":{\"@id\":\"https:\/\/www.kemie.nl\/de\/#website\"},\"datePublished\":\"2023-01-18T09:20:47+00:00\",\"dateModified\":\"2023-01-18T09:34:41+00:00\",\"breadcrumb\":{\"@id\":\"https:\/\/www.kemie.nl\/de\/cookie-richtlinien\/#breadcrumb\"},\"inLanguage\":\"de-DE\",\"potentialAction\":[{\"@type\":\"ReadAction\",\"target\":[\"https:\/\/www.kemie.nl\/de\/cookie-richtlinien\/\"]}]},{\"@type\":\"BreadcrumbList\",\"@id\":\"https:\/\/www.kemie.nl\/de\/cookie-richtlinien\/#breadcrumb\",\"itemListElement\":[{\"@type\":\"ListItem\",\"position\":1,\"name\":\"Home\",\"item\":\"https:\/\/www.kemie.nl\/de\/\"},{\"@type\":\"ListItem\",\"position\":2,\"name\":\"Cookie-Richtlinien\"}]},{\"@type\":\"WebSite\",\"@id\":\"https:\/\/www.kemie.nl\/de\/#website\",\"url\":\"https:\/\/www.kemie.nl\/de\/\",\"name\":\"Kemie B.V.\",\"description\":\"De mooiste collectie keukenwerkbladen vindt u bij Kemie.\",\"publisher\":{\"@id\":\"https:\/\/www.kemie.nl\/de\/#organization\"},\"alternateName\":\"Kemie\",\"potentialAction\":[{\"@type\":\"SearchAction\",\"target\":{\"@type\":\"EntryPoint\",\"urlTemplate\":\"https:\/\/www.kemie.nl\/de\/?s={search_term_string}\"},\"query-input\":{\"@type\":\"PropertyValueSpecification\",\"valueRequired\":true,\"valueName\":\"search_term_string\"}}],\"inLanguage\":\"de-DE\"},{\"@type\":\"Organization\",\"@id\":\"https:\/\/www.kemie.nl\/de\/#organization\",\"name\":\"Kemie B.V.\",\"alternateName\":\"Kemie\",\"url\":\"https:\/\/www.kemie.nl\/de\/\",\"logo\":{\"@type\":\"ImageObject\",\"inLanguage\":\"de-DE\",\"@id\":\"https:\/\/www.kemie.nl\/de\/#\/schema\/logo\/image\/\",\"url\":\"https:\/\/www.kemie.nl\/wp-content\/uploads\/2022\/10\/Kemie-logo.svg\",\"contentUrl\":\"https:\/\/www.kemie.nl\/wp-content\/uploads\/2022\/10\/Kemie-logo.svg\",\"width\":2834,\"height\":1246,\"caption\":\"Kemie B.V.\"},\"image\":{\"@id\":\"https:\/\/www.kemie.nl\/de\/#\/schema\/logo\/image\/\"},\"sameAs\":[\"https:\/\/nl-nl.facebook.com\/Kemie-BV-188835737881422\/\",\"https:\/\/nl.pinterest.com\/kemiebv\/\",\"https:\/\/nl.linkedin.com\/company\/kemie-bv\",\"https:\/\/www.instagram.com\/kemie.nl\/\"]}]}<\/script>\n<!-- \/ Yoast SEO plugin. -->","yoast_head_json":{"title":"Cookie-Richtlinien - Kemie B.V.","robots":{"index":"index","follow":"follow","max-snippet":"max-snippet:-1","max-image-preview":"max-image-preview:large","max-video-preview":"max-video-preview:-1"},"canonical":"https:\/\/www.kemie.nl\/de\/cookie-richtlinien\/","og_locale":"de_DE","og_type":"article","og_title":"Cookie-Richtlinien - Kemie B.V.","og_description":"Cookie-Richtlinien Kemie B.V. verwendet verschiedene Arten von Cookies (kleine Textdateien, die auf Ihrem Ger\u00e4t abgelegt werden) und \u00e4hnliche Technologien zur Erhebung von Daten, die zur Erbringung unserer Leistungen erforderlich sind. Mit Cookies k\u00f6nnen wir u. a.: Ihre Pr\u00e4ferenzen und Einstellungen speichern, Betrug vorbeugen, ein Kontaktformular aufnehmen, Soziale Medien integrieren und die Leistungen unserer Website und [&hellip;]","og_url":"https:\/\/www.kemie.nl\/de\/cookie-richtlinien\/","og_site_name":"Kemie B.V.","article_publisher":"https:\/\/nl-nl.facebook.com\/Kemie-BV-188835737881422\/","article_modified_time":"2023-01-18T09:34:41+00:00","twitter_card":"summary_large_image","schema":{"@context":"https:\/\/schema.org","@graph":[{"@type":"WebPage","@id":"https:\/\/www.kemie.nl\/de\/cookie-richtlinien\/","url":"https:\/\/www.kemie.nl\/de\/cookie-richtlinien\/","name":"Cookie-Richtlinien - Kemie B.V.","isPartOf":{"@id":"https:\/\/www.kemie.nl\/de\/#website"},"datePublished":"2023-01-18T09:20:47+00:00","dateModified":"2023-01-18T09:34:41+00:00","breadcrumb":{"@id":"https:\/\/www.kemie.nl\/de\/cookie-richtlinien\/#breadcrumb"},"inLanguage":"de-DE","potentialAction":[{"@type":"ReadAction","target":["https:\/\/www.kemie.nl\/de\/cookie-richtlinien\/"]}]},{"@type":"BreadcrumbList","@id":"https:\/\/www.kemie.nl\/de\/cookie-richtlinien\/#breadcrumb","itemListElement":[{"@type":"ListItem","position":1,"name":"Home","item":"https:\/\/www.kemie.nl\/de\/"},{"@type":"ListItem","position":2,"name":"Cookie-Richtlinien"}]},{"@type":"WebSite","@id":"https:\/\/www.kemie.nl\/de\/#website","url":"https:\/\/www.kemie.nl\/de\/","name":"Kemie B.V.","description":"De mooiste collectie keukenwerkbladen vindt u bij Kemie.","publisher":{"@id":"https:\/\/www.kemie.nl\/de\/#organization"},"alternateName":"Kemie","potentialAction":[{"@type":"SearchAction","target":{"@type":"EntryPoint","urlTemplate":"https:\/\/www.kemie.nl\/de\/?s={search_term_string}"},"query-input":{"@type":"PropertyValueSpecification","valueRequired":true,"valueName":"search_term_string"}}],"inLanguage":"de-DE"},{"@type":"Organization","@id":"https:\/\/www.kemie.nl\/de\/#organization","name":"Kemie B.V.","alternateName":"Kemie","url":"https:\/\/www.kemie.nl\/de\/","logo":{"@type":"ImageObject","inLanguage":"de-DE","@id":"https:\/\/www.kemie.nl\/de\/#\/schema\/logo\/image\/","url":"https:\/\/www.kemie.nl\/wp-content\/uploads\/2022\/10\/Kemie-logo.svg","contentUrl":"https:\/\/www.kemie.nl\/wp-content\/uploads\/2022\/10\/Kemie-logo.svg","width":2834,"height":1246,"caption":"Kemie B.V."},"image":{"@id":"https:\/\/www.kemie.nl\/de\/#\/schema\/logo\/image\/"},"sameAs":["https:\/\/nl-nl.facebook.com\/Kemie-BV-188835737881422\/","https:\/\/nl.pinterest.com\/kemiebv\/","https:\/\/nl.linkedin.com\/company\/kemie-bv","https:\/\/www.instagram.com\/kemie.nl\/"]}]}},"_links":{"self":[{"href":"https:\/\/www.kemie.nl\/de\/wp-json\/wp\/v2\/pages\/6674","targetHints":{"allow":["GET"]}}],"collection":[{"href":"https:\/\/www.kemie.nl\/de\/wp-json\/wp\/v2\/pages"}],"about":[{"href":"https:\/\/www.kemie.nl\/de\/wp-json\/wp\/v2\/types\/page"}],"author":[{"embeddable":true,"href":"https:\/\/www.kemie.nl\/de\/wp-json\/wp\/v2\/users\/1"}],"replies":[{"embeddable":true,"href":"https:\/\/www.kemie.nl\/de\/wp-json\/wp\/v2\/comments?post=6674"}],"version-history":[{"count":4,"href":"https:\/\/www.kemie.nl\/de\/wp-json\/wp\/v2\/pages\/6674\/revisions"}],"predecessor-version":[{"id":6679,"href":"https:\/\/www.kemie.nl\/de\/wp-json\/wp\/v2\/pages\/6674\/revisions\/6679"}],"wp:attachment":[{"href":"https:\/\/www.kemie.nl\/de\/wp-json\/wp\/v2\/media?parent=6674"}],"curies":[{"name":"wp","href":"https:\/\/api.w.org\/{rel}","templated":true}]}}