{"id":6669,"date":"2022-10-07T10:50:11","date_gmt":"2022-10-07T08:50:11","guid":{"rendered":"https:\/\/kemie.jklanten.nl\/?page_id=6669"},"modified":"2023-01-18T10:32:48","modified_gmt":"2023-01-18T09:32:48","slug":"datenschutzerklaerung","status":"publish","type":"page","link":"https:\/\/www.kemie.nl\/de\/datenschutzerklaerung\/","title":{"rendered":"Datenschutzerkl\u00e4rung"},"content":{"rendered":"\t\t<div data-elementor-type=\"wp-page\" data-elementor-id=\"6669\" class=\"elementor elementor-6669 elementor-3\" data-elementor-post-type=\"page\">\n\t\t\t\t\t\t<section class=\"elementor-section elementor-top-section elementor-element elementor-element-f9114b0 elementor-section-boxed elementor-section-height-default elementor-section-height-default\" data-id=\"f9114b0\" data-element_type=\"section\" data-settings=\"{&quot;jet_parallax_layout_list&quot;:[]}\">\n\t\t\t\t\t\t<div class=\"elementor-container elementor-column-gap-default\">\n\t\t\t\t\t<div class=\"elementor-column elementor-col-100 elementor-top-column elementor-element elementor-element-c2e604b\" data-id=\"c2e604b\" data-element_type=\"column\">\n\t\t\t<div class=\"elementor-widget-wrap elementor-element-populated\">\n\t\t\t\t\t\t<div class=\"elementor-element elementor-element-7432e69 elementor-align-left elementor-widget elementor-widget-breadcrumbs\" data-id=\"7432e69\" data-element_type=\"widget\" data-widget_type=\"breadcrumbs.default\">\n\t\t\t\t<div class=\"elementor-widget-container\">\n\t\t\t\t\t<p id=\"breadcrumbs\"><span><span><a href=\"https:\/\/www.kemie.nl\/de\/\">Home<\/a><\/span><\/span><\/p>\t\t\t\t<\/div>\n\t\t\t\t<\/div>\n\t\t\t\t\t<\/div>\n\t\t<\/div>\n\t\t\t\t\t<\/div>\n\t\t<\/section>\n\t\t\t\t<section class=\"elementor-section elementor-top-section elementor-element elementor-element-4fe86c74 elementor-section-boxed elementor-section-height-default elementor-section-height-default\" data-id=\"4fe86c74\" data-element_type=\"section\" data-settings=\"{&quot;jet_parallax_layout_list&quot;:[]}\">\n\t\t\t\t\t\t<div class=\"elementor-container elementor-column-gap-default\">\n\t\t\t\t\t<div class=\"elementor-column elementor-col-100 elementor-top-column elementor-element elementor-element-782682dd\" data-id=\"782682dd\" data-element_type=\"column\">\n\t\t\t<div class=\"elementor-widget-wrap elementor-element-populated\">\n\t\t\t\t\t\t<div class=\"elementor-element elementor-element-77b28435 elementor-widget elementor-widget-text-editor\" data-id=\"77b28435\" data-element_type=\"widget\" data-widget_type=\"text-editor.default\">\n\t\t\t\t<div class=\"elementor-widget-container\">\n\t\t\t\t\t\t\t\t\t<h2>Datenschutzerkl\u00e4rung<\/h2>\nWir sind uns der Tatsache bewusst, dass Sie Ihr Vertrauen in uns setzen. Wir betrachten es dementsprechend als unsere Verantwortung, Ihre Privatsph\u00e4re zu sch\u00fctzen. Auf dieser Seite teilen wir Ihnen mit, welche Daten wir erheben, wenn Sie unsere Website nutzen, weshalb wir diese Daten erheben und wie wir damit Ihr Nutzererlebnis optimieren. Damit k\u00f6nnen Sie unsere Vorgehensweise genau nachvollziehen.\n\nDiese Datenschutzrichtlinien gelten f\u00fcr die Dienstleistungen von Kemie B.V.. Bitte beachten Sie, dass Kemie B.V. nicht f\u00fcr die Datenschutzrichtlinien anderer Websites und Quellen verantwortlich ist. Durch die Nutzung dieser Website erkl\u00e4ren Sie sich mit den Datenschutzrichtlinien einverstanden.\n\nKemie B.V.\u00a0respektiert die Privatsph\u00e4re aller Nutzer ihrer Website und stellt sicher, dass die personenbezogenen Angaben, die Sie uns bereitstellen, vertraulich behandelt werden.\n<h3>Unsere nutzung der erhobenen daten\nNutzung unserer dienstleistungen<\/h3>\nWenn Sie sich f\u00fcr eine unserer Dienstleistungen anmelden, bitten wir Sie um die Bereitstellung von personen- und firmenbezogenen Daten. Diese Daten werden zur Durchf\u00fchrung der Dienstleistung eingesetzt. Die Daten werden auf eigenen gesch\u00fctzten Servern von Kemie B.V. gespeichert oder auf gesch\u00fctzten Servern einer Drittpartei. Wir werden diese Daten nicht mit anderen personenbezogenen Daten, \u00fcber die wir verf\u00fcgen, kombinieren.\n<h3>Kommunikation<\/h3>\nWenn Sie uns eine E-Mail oder andere Nachrichten senden, kann es sein, dass wir diese Nachrichten aufbewahren. Manchmal bitten wir Sie um personenbezogene Daten, die f\u00fcr die entsprechende Situation relevant sind. Das erm\u00f6glicht es uns, Ihre Fragen zu verarbeiten und Ihren Bitten zu entsprechen. Die Daten werden auf eigenen gesch\u00fctzten Servern von Kemie B.V. gespeichert oder auf gesch\u00fctzten Servern einer Drittpartei. Wir werden diese Daten nicht mit anderen personenbezogenen Daten, \u00fcber die wir verf\u00fcgen, kombinieren.\n<h3>Cookies<\/h3>\nWir erheben Daten zu Analysezwecken, um einen besseren Einblick in unsere Kunden zu erhalten, damit wir unsere Dienstleistungen auf sie abstimmen k\u00f6nnen.\n\nDiese Website nutzt \u201eCookies\u201d (Textdateien, die auf Ihrem Computer installiert werden), die die Analyse der Website hinsichtlich ihrer Nutzung durch Anwender unterst\u00fctzen. Die durch die Cookies generierten Informationen zur Nutzung der Website k\u00f6nnen auf eigene gesch\u00fctzte Server von Kemie B.V. oder auf die gesch\u00fctzten Server einer Drittpartei \u00fcbermittelt werden. Wir verwenden diese Informationen, um Ihre Nutzung der Website zu analysieren, Berichte zur Website-Aktivit\u00e4t zu erstellen und andere Dienste im Hinblick auf Website-Aktivit\u00e4t und Internet-Nutzung bereitzustellen.\n<h3>Zweckbindung<\/h3>\nWir erheben oder nutzen keine Informationen zu anderen Zwecken als zu den Zwecken, die in dieser Datenschutzerkl\u00e4rung aufgef\u00fchrt werden, es sei denn, dass wir im Voraus Ihre entsprechende Zustimmung erhalten haben.\n<h3>Dritte<\/h3>\nDie Informationen werden keinen Dritten bereitgestellt. In Einzelf\u00e4llen k\u00f6nnen die Informationen innerbetrieblich \u00fcbermittelt werden. Unsere Arbeitnehmer sind dazu verpflichtet, die Vertraulichkeit Ihrer Daten zu respektieren.\n<h3>\u00c4nderungen<\/h3>\nDiese Datenschutzerkl\u00e4rung ist auf die Nutzung und M\u00f6glichkeiten dieser Website abgestimmt. Etwaige Anpassungen und\/oder \u00c4nderungen dieser Website k\u00f6nnen zu \u00c4nderungen dieser Datenschutzerkl\u00e4rung f\u00fchren. Deshalb empfiehlt es sich, diese Datenschutzerkl\u00e4rung regelm\u00e4\u00dfig abzurufen.\n<h3>Cookies deaktivieren<\/h3>\nIn der Standardeinstellung der meisten Browser werden Cookies akzeptiert. Sie k\u00f6nnen Ihren Browser jedoch auch so einstellen, dass alle Cookies blockiert werden oder dass angezeigt wird, wenn ein Cookie verschickt wird. Es ist jedoch m\u00f6glich, dass manche Funktionen und Dienste, auf unserer Website und anderen Websites, nicht korrekt funktionieren, wenn Cookies in Ihrem Browser ausgeschaltet sind.\t\t\t\t\t\t\t\t<\/div>\n\t\t\t\t<\/div>\n\t\t\t\t\t<\/div>\n\t\t<\/div>\n\t\t\t\t\t<\/div>\n\t\t<\/section>\n\t\t\t\t<\/div>\n\t\t","protected":false},"excerpt":{"rendered":"<p>Datenschutzerkl\u00e4rung Wir sind uns der Tatsache bewusst, dass Sie Ihr Vertrauen in uns setzen. Wir betrachten es dementsprechend als unsere Verantwortung, Ihre Privatsph\u00e4re zu sch\u00fctzen. Auf dieser Seite teilen wir Ihnen mit, welche Daten wir erheben, wenn Sie unsere Website nutzen, weshalb wir diese Daten erheben und wie wir damit Ihr Nutzererlebnis optimieren. Damit k\u00f6nnen [&hellip;]<\/p>\n","protected":false},"author":1,"featured_media":0,"parent":0,"menu_order":0,"comment_status":"closed","ping_status":"closed","template":"","meta":{"footnotes":""},"class_list":["post-6669","page","type-page","status-publish","hentry"],"yoast_head":"<!-- This site is optimized with the Yoast SEO plugin v26.8 - https:\/\/yoast.com\/product\/yoast-seo-wordpress\/ -->\n<title>Datenschutzerkl\u00e4rung - Kemie B.V.<\/title>\n<meta name=\"robots\" content=\"index, follow, max-snippet:-1, max-image-preview:large, max-video-preview:-1\" \/>\n<link rel=\"canonical\" href=\"https:\/\/www.kemie.nl\/de\/datenschutzerklaerung\/\" \/>\n<meta property=\"og:locale\" content=\"de_DE\" \/>\n<meta property=\"og:type\" content=\"article\" \/>\n<meta property=\"og:title\" content=\"Datenschutzerkl\u00e4rung - Kemie B.V.\" \/>\n<meta property=\"og:description\" content=\"Datenschutzerkl\u00e4rung Wir sind uns der Tatsache bewusst, dass Sie Ihr Vertrauen in uns setzen. Wir betrachten es dementsprechend als unsere Verantwortung, Ihre Privatsph\u00e4re zu sch\u00fctzen. Auf dieser Seite teilen wir Ihnen mit, welche Daten wir erheben, wenn Sie unsere Website nutzen, weshalb wir diese Daten erheben und wie wir damit Ihr Nutzererlebnis optimieren. Damit k\u00f6nnen [&hellip;]\" \/>\n<meta property=\"og:url\" content=\"https:\/\/www.kemie.nl\/de\/datenschutzerklaerung\/\" \/>\n<meta property=\"og:site_name\" content=\"Kemie B.V.\" \/>\n<meta property=\"article:publisher\" content=\"https:\/\/nl-nl.facebook.com\/Kemie-BV-188835737881422\/\" \/>\n<meta property=\"article:modified_time\" content=\"2023-01-18T09:32:48+00:00\" \/>\n<meta name=\"twitter:card\" content=\"summary_large_image\" \/>\n<script type=\"application\/ld+json\" class=\"yoast-schema-graph\">{\"@context\":\"https:\/\/schema.org\",\"@graph\":[{\"@type\":\"WebPage\",\"@id\":\"https:\/\/www.kemie.nl\/de\/datenschutzerklaerung\/\",\"url\":\"https:\/\/www.kemie.nl\/de\/datenschutzerklaerung\/\",\"name\":\"Datenschutzerkl\u00e4rung - Kemie B.V.\",\"isPartOf\":{\"@id\":\"https:\/\/www.kemie.nl\/de\/#website\"},\"datePublished\":\"2022-10-07T08:50:11+00:00\",\"dateModified\":\"2023-01-18T09:32:48+00:00\",\"breadcrumb\":{\"@id\":\"https:\/\/www.kemie.nl\/de\/datenschutzerklaerung\/#breadcrumb\"},\"inLanguage\":\"de-DE\",\"potentialAction\":[{\"@type\":\"ReadAction\",\"target\":[\"https:\/\/www.kemie.nl\/de\/datenschutzerklaerung\/\"]}]},{\"@type\":\"BreadcrumbList\",\"@id\":\"https:\/\/www.kemie.nl\/de\/datenschutzerklaerung\/#breadcrumb\",\"itemListElement\":[{\"@type\":\"ListItem\",\"position\":1,\"name\":\"Home\",\"item\":\"https:\/\/www.kemie.nl\/de\/\"},{\"@type\":\"ListItem\",\"position\":2,\"name\":\"Datenschutzerkl\u00e4rung\"}]},{\"@type\":\"WebSite\",\"@id\":\"https:\/\/www.kemie.nl\/de\/#website\",\"url\":\"https:\/\/www.kemie.nl\/de\/\",\"name\":\"Kemie B.V.\",\"description\":\"De mooiste collectie keukenwerkbladen vindt u bij Kemie.\",\"publisher\":{\"@id\":\"https:\/\/www.kemie.nl\/de\/#organization\"},\"alternateName\":\"Kemie\",\"potentialAction\":[{\"@type\":\"SearchAction\",\"target\":{\"@type\":\"EntryPoint\",\"urlTemplate\":\"https:\/\/www.kemie.nl\/de\/?s={search_term_string}\"},\"query-input\":{\"@type\":\"PropertyValueSpecification\",\"valueRequired\":true,\"valueName\":\"search_term_string\"}}],\"inLanguage\":\"de-DE\"},{\"@type\":\"Organization\",\"@id\":\"https:\/\/www.kemie.nl\/de\/#organization\",\"name\":\"Kemie B.V.\",\"alternateName\":\"Kemie\",\"url\":\"https:\/\/www.kemie.nl\/de\/\",\"logo\":{\"@type\":\"ImageObject\",\"inLanguage\":\"de-DE\",\"@id\":\"https:\/\/www.kemie.nl\/de\/#\/schema\/logo\/image\/\",\"url\":\"https:\/\/www.kemie.nl\/wp-content\/uploads\/2022\/10\/Kemie-logo.svg\",\"contentUrl\":\"https:\/\/www.kemie.nl\/wp-content\/uploads\/2022\/10\/Kemie-logo.svg\",\"width\":2834,\"height\":1246,\"caption\":\"Kemie B.V.\"},\"image\":{\"@id\":\"https:\/\/www.kemie.nl\/de\/#\/schema\/logo\/image\/\"},\"sameAs\":[\"https:\/\/nl-nl.facebook.com\/Kemie-BV-188835737881422\/\",\"https:\/\/nl.pinterest.com\/kemiebv\/\",\"https:\/\/nl.linkedin.com\/company\/kemie-bv\",\"https:\/\/www.instagram.com\/kemie.nl\/\"]}]}<\/script>\n<!-- \/ Yoast SEO plugin. -->","yoast_head_json":{"title":"Datenschutzerkl\u00e4rung - Kemie B.V.","robots":{"index":"index","follow":"follow","max-snippet":"max-snippet:-1","max-image-preview":"max-image-preview:large","max-video-preview":"max-video-preview:-1"},"canonical":"https:\/\/www.kemie.nl\/de\/datenschutzerklaerung\/","og_locale":"de_DE","og_type":"article","og_title":"Datenschutzerkl\u00e4rung - Kemie B.V.","og_description":"Datenschutzerkl\u00e4rung Wir sind uns der Tatsache bewusst, dass Sie Ihr Vertrauen in uns setzen. Wir betrachten es dementsprechend als unsere Verantwortung, Ihre Privatsph\u00e4re zu sch\u00fctzen. Auf dieser Seite teilen wir Ihnen mit, welche Daten wir erheben, wenn Sie unsere Website nutzen, weshalb wir diese Daten erheben und wie wir damit Ihr Nutzererlebnis optimieren. Damit k\u00f6nnen [&hellip;]","og_url":"https:\/\/www.kemie.nl\/de\/datenschutzerklaerung\/","og_site_name":"Kemie B.V.","article_publisher":"https:\/\/nl-nl.facebook.com\/Kemie-BV-188835737881422\/","article_modified_time":"2023-01-18T09:32:48+00:00","twitter_card":"summary_large_image","schema":{"@context":"https:\/\/schema.org","@graph":[{"@type":"WebPage","@id":"https:\/\/www.kemie.nl\/de\/datenschutzerklaerung\/","url":"https:\/\/www.kemie.nl\/de\/datenschutzerklaerung\/","name":"Datenschutzerkl\u00e4rung - Kemie B.V.","isPartOf":{"@id":"https:\/\/www.kemie.nl\/de\/#website"},"datePublished":"2022-10-07T08:50:11+00:00","dateModified":"2023-01-18T09:32:48+00:00","breadcrumb":{"@id":"https:\/\/www.kemie.nl\/de\/datenschutzerklaerung\/#breadcrumb"},"inLanguage":"de-DE","potentialAction":[{"@type":"ReadAction","target":["https:\/\/www.kemie.nl\/de\/datenschutzerklaerung\/"]}]},{"@type":"BreadcrumbList","@id":"https:\/\/www.kemie.nl\/de\/datenschutzerklaerung\/#breadcrumb","itemListElement":[{"@type":"ListItem","position":1,"name":"Home","item":"https:\/\/www.kemie.nl\/de\/"},{"@type":"ListItem","position":2,"name":"Datenschutzerkl\u00e4rung"}]},{"@type":"WebSite","@id":"https:\/\/www.kemie.nl\/de\/#website","url":"https:\/\/www.kemie.nl\/de\/","name":"Kemie B.V.","description":"De mooiste collectie keukenwerkbladen vindt u bij Kemie.","publisher":{"@id":"https:\/\/www.kemie.nl\/de\/#organization"},"alternateName":"Kemie","potentialAction":[{"@type":"SearchAction","target":{"@type":"EntryPoint","urlTemplate":"https:\/\/www.kemie.nl\/de\/?s={search_term_string}"},"query-input":{"@type":"PropertyValueSpecification","valueRequired":true,"valueName":"search_term_string"}}],"inLanguage":"de-DE"},{"@type":"Organization","@id":"https:\/\/www.kemie.nl\/de\/#organization","name":"Kemie B.V.","alternateName":"Kemie","url":"https:\/\/www.kemie.nl\/de\/","logo":{"@type":"ImageObject","inLanguage":"de-DE","@id":"https:\/\/www.kemie.nl\/de\/#\/schema\/logo\/image\/","url":"https:\/\/www.kemie.nl\/wp-content\/uploads\/2022\/10\/Kemie-logo.svg","contentUrl":"https:\/\/www.kemie.nl\/wp-content\/uploads\/2022\/10\/Kemie-logo.svg","width":2834,"height":1246,"caption":"Kemie B.V."},"image":{"@id":"https:\/\/www.kemie.nl\/de\/#\/schema\/logo\/image\/"},"sameAs":["https:\/\/nl-nl.facebook.com\/Kemie-BV-188835737881422\/","https:\/\/nl.pinterest.com\/kemiebv\/","https:\/\/nl.linkedin.com\/company\/kemie-bv","https:\/\/www.instagram.com\/kemie.nl\/"]}]}},"_links":{"self":[{"href":"https:\/\/www.kemie.nl\/de\/wp-json\/wp\/v2\/pages\/6669","targetHints":{"allow":["GET"]}}],"collection":[{"href":"https:\/\/www.kemie.nl\/de\/wp-json\/wp\/v2\/pages"}],"about":[{"href":"https:\/\/www.kemie.nl\/de\/wp-json\/wp\/v2\/types\/page"}],"author":[{"embeddable":true,"href":"https:\/\/www.kemie.nl\/de\/wp-json\/wp\/v2\/users\/1"}],"replies":[{"embeddable":true,"href":"https:\/\/www.kemie.nl\/de\/wp-json\/wp\/v2\/comments?post=6669"}],"version-history":[{"count":4,"href":"https:\/\/www.kemie.nl\/de\/wp-json\/wp\/v2\/pages\/6669\/revisions"}],"predecessor-version":[{"id":6673,"href":"https:\/\/www.kemie.nl\/de\/wp-json\/wp\/v2\/pages\/6669\/revisions\/6673"}],"wp:attachment":[{"href":"https:\/\/www.kemie.nl\/de\/wp-json\/wp\/v2\/media?parent=6669"}],"curies":[{"name":"wp","href":"https:\/\/api.w.org\/{rel}","templated":true}]}}