{"id":6478,"date":"2022-11-23T15:15:55","date_gmt":"2022-11-23T14:15:55","guid":{"rendered":"https:\/\/kemie.jklanten.nl\/?page_id=6478"},"modified":"2023-01-17T14:52:27","modified_gmt":"2023-01-17T13:52:27","slug":"widerrufsformular","status":"publish","type":"page","link":"https:\/\/www.kemie.nl\/de\/widerrufsformular\/","title":{"rendered":"Widerrufsformular"},"content":{"rendered":"\t\t<div data-elementor-type=\"wp-page\" data-elementor-id=\"6478\" class=\"elementor elementor-6478 elementor-3721\" data-elementor-post-type=\"page\">\n\t\t\t\t\t\t<section class=\"elementor-section elementor-top-section elementor-element elementor-element-ab7bc25 elementor-section-height-min-height elementor-section-boxed elementor-section-height-default elementor-section-items-middle\" data-id=\"ab7bc25\" data-element_type=\"section\" data-settings=\"{&quot;background_background&quot;:&quot;classic&quot;,&quot;jet_parallax_layout_list&quot;:[]}\">\n\t\t\t\t\t\t<div class=\"elementor-container elementor-column-gap-default\">\n\t\t\t\t\t<div class=\"elementor-column elementor-col-100 elementor-top-column elementor-element elementor-element-390e5cc\" data-id=\"390e5cc\" data-element_type=\"column\">\n\t\t\t<div class=\"elementor-widget-wrap elementor-element-populated\">\n\t\t\t\t\t\t<div class=\"elementor-element elementor-element-3fbba9c elementor-widget elementor-widget-heading\" data-id=\"3fbba9c\" data-element_type=\"widget\" data-widget_type=\"heading.default\">\n\t\t\t\t<div class=\"elementor-widget-container\">\n\t\t\t\t\t<h1 class=\"elementor-heading-title elementor-size-default\">Widerrufsformular<\/h1>\t\t\t\t<\/div>\n\t\t\t\t<\/div>\n\t\t\t\t\t<\/div>\n\t\t<\/div>\n\t\t\t\t\t<\/div>\n\t\t<\/section>\n\t\t\t\t<section class=\"elementor-section elementor-top-section elementor-element elementor-element-2b1537e elementor-section-boxed elementor-section-height-default elementor-section-height-default\" data-id=\"2b1537e\" data-element_type=\"section\" data-settings=\"{&quot;jet_parallax_layout_list&quot;:[]}\">\n\t\t\t\t\t\t<div class=\"elementor-container elementor-column-gap-default\">\n\t\t\t\t\t<div class=\"elementor-column elementor-col-100 elementor-top-column elementor-element elementor-element-ab41fe9\" data-id=\"ab41fe9\" data-element_type=\"column\">\n\t\t\t<div class=\"elementor-widget-wrap elementor-element-populated\">\n\t\t\t\t\t\t<div class=\"elementor-element elementor-element-bafd5fb elementor-align-left elementor-widget elementor-widget-breadcrumbs\" data-id=\"bafd5fb\" data-element_type=\"widget\" data-widget_type=\"breadcrumbs.default\">\n\t\t\t\t<div class=\"elementor-widget-container\">\n\t\t\t\t\t<p id=\"breadcrumbs\"><span><span><a href=\"https:\/\/www.kemie.nl\/de\/\">Home<\/a><\/span><\/span><\/p>\t\t\t\t<\/div>\n\t\t\t\t<\/div>\n\t\t\t\t\t<\/div>\n\t\t<\/div>\n\t\t\t\t\t<\/div>\n\t\t<\/section>\n\t\t\t\t<section class=\"elementor-section elementor-top-section elementor-element elementor-element-4175161 elementor-section-boxed elementor-section-height-default elementor-section-height-default\" data-id=\"4175161\" data-element_type=\"section\" data-settings=\"{&quot;jet_parallax_layout_list&quot;:[]}\">\n\t\t\t\t\t\t<div class=\"elementor-container elementor-column-gap-default\">\n\t\t\t\t\t<div class=\"elementor-column elementor-col-100 elementor-top-column elementor-element elementor-element-6a51c4e\" data-id=\"6a51c4e\" data-element_type=\"column\">\n\t\t\t<div class=\"elementor-widget-wrap elementor-element-populated\">\n\t\t\t\t\t\t<div class=\"elementor-element elementor-element-01a76a0 elementor-widget elementor-widget-text-editor\" data-id=\"01a76a0\" data-element_type=\"widget\" data-widget_type=\"text-editor.default\">\n\t\t\t\t<div class=\"elementor-widget-container\">\n\t\t\t\t\t\t\t\t\t<p>Mit diesem Formular k\u00f6nnen Sie Ihre Bestellung in unserem Webshop r\u00fcckg\u00e4ngig machen\/widerrufen. Dies ist nur innerhalb von 14 Tagen nach Erhalt der gelieferten Produkte m\u00f6glich, Muster sind davon ausgenommen.<\/p>\t\t\t\t\t\t\t\t<\/div>\n\t\t\t\t<\/div>\n\t\t\t\t<div class=\"elementor-element elementor-element-54e012e elementor-align-left elementor-mobile-align-justify elementor-widget elementor-widget-button\" data-id=\"54e012e\" data-element_type=\"widget\" data-widget_type=\"button.default\">\n\t\t\t\t<div class=\"elementor-widget-container\">\n\t\t\t\t\t\t\t\t\t<div class=\"elementor-button-wrapper\">\n\t\t\t\t\t<a class=\"elementor-button elementor-button-link elementor-size-sm\" href=\"\/wp-content\/uploads\/2022\/11\/Model_herroeping_internetaankoop_2014_Kemie.doc\">\n\t\t\t\t\t\t<span class=\"elementor-button-content-wrapper\">\n\t\t\t\t\t\t\t\t\t<span class=\"elementor-button-text\">Widerrufsformular herunterladen<\/span>\n\t\t\t\t\t<\/span>\n\t\t\t\t\t<\/a>\n\t\t\t\t<\/div>\n\t\t\t\t\t\t\t\t<\/div>\n\t\t\t\t<\/div>\n\t\t\t\t\t<\/div>\n\t\t<\/div>\n\t\t\t\t\t<\/div>\n\t\t<\/section>\n\t\t\t\t<section class=\"elementor-section elementor-top-section elementor-element elementor-element-16dd321 elementor-section-boxed elementor-section-height-default elementor-section-height-default\" data-id=\"16dd321\" data-element_type=\"section\" data-settings=\"{&quot;background_background&quot;:&quot;classic&quot;,&quot;jet_parallax_layout_list&quot;:[]}\">\n\t\t\t\t\t\t\t<div class=\"elementor-background-overlay\"><\/div>\n\t\t\t\t\t\t\t<div class=\"elementor-container elementor-column-gap-default\">\n\t\t\t\t\t<div class=\"elementor-column elementor-col-50 elementor-top-column elementor-element elementor-element-0a9b618\" data-id=\"0a9b618\" data-element_type=\"column\">\n\t\t\t<div class=\"elementor-widget-wrap elementor-element-populated\">\n\t\t\t\t\t\t<div class=\"elementor-element elementor-element-ca12e5a elementor-widget elementor-widget-heading\" data-id=\"ca12e5a\" data-element_type=\"widget\" data-widget_type=\"heading.default\">\n\t\t\t\t<div class=\"elementor-widget-container\">\n\t\t\t\t\t<h2 class=\"elementor-heading-title elementor-size-default\">Interessieren Sie sich f\u00fcr unsere <span class=\"bold-font\">produkte<\/span>?<\/h2>\t\t\t\t<\/div>\n\t\t\t\t<\/div>\n\t\t\t\t\t<\/div>\n\t\t<\/div>\n\t\t\t\t<div class=\"elementor-column elementor-col-50 elementor-top-column elementor-element elementor-element-a805729\" data-id=\"a805729\" data-element_type=\"column\">\n\t\t\t<div class=\"elementor-widget-wrap elementor-element-populated\">\n\t\t\t\t\t\t<div class=\"elementor-element elementor-element-1268e82 elementor-align-justify elementor-mobile-align-justify elementor-widget elementor-widget-button\" data-id=\"1268e82\" data-element_type=\"widget\" data-widget_type=\"button.default\">\n\t\t\t\t<div class=\"elementor-widget-container\">\n\t\t\t\t\t\t\t\t\t<div class=\"elementor-button-wrapper\">\n\t\t\t\t\t<a class=\"elementor-button elementor-button-link elementor-size-sm\" href=\"\/de\/kontakt\/\">\n\t\t\t\t\t\t<span class=\"elementor-button-content-wrapper\">\n\t\t\t\t\t\t\t\t\t<span class=\"elementor-button-text\">Nehmen Sie jetzt Kontakt zu uns auf <\/span>\n\t\t\t\t\t<\/span>\n\t\t\t\t\t<\/a>\n\t\t\t\t<\/div>\n\t\t\t\t\t\t\t\t<\/div>\n\t\t\t\t<\/div>\n\t\t\t\t\t<\/div>\n\t\t<\/div>\n\t\t\t\t\t<\/div>\n\t\t<\/section>\n\t\t\t\t<\/div>\n\t\t","protected":false},"excerpt":{"rendered":"<p>Mit diesem Formular k\u00f6nnen Sie Ihre Bestellung in unserem Webshop r\u00fcckg\u00e4ngig machen\/widerrufen. Dies ist nur innerhalb von 14 Tagen nach Erhalt der gelieferten Produkte m\u00f6glich, Muster sind davon ausgenommen. Widerrufsformular herunterladen Interessieren Sie sich f\u00fcr unsere produkte? Nehmen Sie jetzt Kontakt zu uns auf<\/p>\n","protected":false},"author":1,"featured_media":0,"parent":0,"menu_order":0,"comment_status":"closed","ping_status":"closed","template":"","meta":{"footnotes":""},"class_list":["post-6478","page","type-page","status-publish","hentry"],"yoast_head":"<!-- This site is optimized with the Yoast SEO plugin v26.8 - https:\/\/yoast.com\/product\/yoast-seo-wordpress\/ -->\n<title>Widerrufsformular - Kemie B.V.<\/title>\n<meta name=\"robots\" content=\"index, follow, max-snippet:-1, max-image-preview:large, max-video-preview:-1\" \/>\n<link rel=\"canonical\" href=\"https:\/\/www.kemie.nl\/de\/widerrufsformular\/\" \/>\n<meta property=\"og:locale\" content=\"de_DE\" \/>\n<meta property=\"og:type\" content=\"article\" \/>\n<meta property=\"og:title\" content=\"Widerrufsformular - Kemie B.V.\" \/>\n<meta property=\"og:description\" content=\"Mit diesem Formular k\u00f6nnen Sie Ihre Bestellung in unserem Webshop r\u00fcckg\u00e4ngig machen\/widerrufen. Dies ist nur innerhalb von 14 Tagen nach Erhalt der gelieferten Produkte m\u00f6glich, Muster sind davon ausgenommen. Widerrufsformular herunterladen Interessieren Sie sich f\u00fcr unsere produkte? Nehmen Sie jetzt Kontakt zu uns auf\" \/>\n<meta property=\"og:url\" content=\"https:\/\/www.kemie.nl\/de\/widerrufsformular\/\" \/>\n<meta property=\"og:site_name\" content=\"Kemie B.V.\" \/>\n<meta property=\"article:publisher\" content=\"https:\/\/nl-nl.facebook.com\/Kemie-BV-188835737881422\/\" \/>\n<meta property=\"article:modified_time\" content=\"2023-01-17T13:52:27+00:00\" \/>\n<meta name=\"twitter:card\" content=\"summary_large_image\" \/>\n<script type=\"application\/ld+json\" class=\"yoast-schema-graph\">{\"@context\":\"https:\/\/schema.org\",\"@graph\":[{\"@type\":\"WebPage\",\"@id\":\"https:\/\/www.kemie.nl\/de\/widerrufsformular\/\",\"url\":\"https:\/\/www.kemie.nl\/de\/widerrufsformular\/\",\"name\":\"Widerrufsformular - Kemie B.V.\",\"isPartOf\":{\"@id\":\"https:\/\/www.kemie.nl\/de\/#website\"},\"datePublished\":\"2022-11-23T14:15:55+00:00\",\"dateModified\":\"2023-01-17T13:52:27+00:00\",\"breadcrumb\":{\"@id\":\"https:\/\/www.kemie.nl\/de\/widerrufsformular\/#breadcrumb\"},\"inLanguage\":\"de-DE\",\"potentialAction\":[{\"@type\":\"ReadAction\",\"target\":[\"https:\/\/www.kemie.nl\/de\/widerrufsformular\/\"]}]},{\"@type\":\"BreadcrumbList\",\"@id\":\"https:\/\/www.kemie.nl\/de\/widerrufsformular\/#breadcrumb\",\"itemListElement\":[{\"@type\":\"ListItem\",\"position\":1,\"name\":\"Home\",\"item\":\"https:\/\/www.kemie.nl\/de\/\"},{\"@type\":\"ListItem\",\"position\":2,\"name\":\"Widerrufsformular\"}]},{\"@type\":\"WebSite\",\"@id\":\"https:\/\/www.kemie.nl\/de\/#website\",\"url\":\"https:\/\/www.kemie.nl\/de\/\",\"name\":\"Kemie B.V.\",\"description\":\"De mooiste collectie keukenwerkbladen vindt u bij Kemie.\",\"publisher\":{\"@id\":\"https:\/\/www.kemie.nl\/de\/#organization\"},\"alternateName\":\"Kemie\",\"potentialAction\":[{\"@type\":\"SearchAction\",\"target\":{\"@type\":\"EntryPoint\",\"urlTemplate\":\"https:\/\/www.kemie.nl\/de\/?s={search_term_string}\"},\"query-input\":{\"@type\":\"PropertyValueSpecification\",\"valueRequired\":true,\"valueName\":\"search_term_string\"}}],\"inLanguage\":\"de-DE\"},{\"@type\":\"Organization\",\"@id\":\"https:\/\/www.kemie.nl\/de\/#organization\",\"name\":\"Kemie B.V.\",\"alternateName\":\"Kemie\",\"url\":\"https:\/\/www.kemie.nl\/de\/\",\"logo\":{\"@type\":\"ImageObject\",\"inLanguage\":\"de-DE\",\"@id\":\"https:\/\/www.kemie.nl\/de\/#\/schema\/logo\/image\/\",\"url\":\"https:\/\/www.kemie.nl\/wp-content\/uploads\/2022\/10\/Kemie-logo.svg\",\"contentUrl\":\"https:\/\/www.kemie.nl\/wp-content\/uploads\/2022\/10\/Kemie-logo.svg\",\"width\":2834,\"height\":1246,\"caption\":\"Kemie B.V.\"},\"image\":{\"@id\":\"https:\/\/www.kemie.nl\/de\/#\/schema\/logo\/image\/\"},\"sameAs\":[\"https:\/\/nl-nl.facebook.com\/Kemie-BV-188835737881422\/\",\"https:\/\/nl.pinterest.com\/kemiebv\/\",\"https:\/\/nl.linkedin.com\/company\/kemie-bv\",\"https:\/\/www.instagram.com\/kemie.nl\/\"]}]}<\/script>\n<!-- \/ Yoast SEO plugin. -->","yoast_head_json":{"title":"Widerrufsformular - Kemie B.V.","robots":{"index":"index","follow":"follow","max-snippet":"max-snippet:-1","max-image-preview":"max-image-preview:large","max-video-preview":"max-video-preview:-1"},"canonical":"https:\/\/www.kemie.nl\/de\/widerrufsformular\/","og_locale":"de_DE","og_type":"article","og_title":"Widerrufsformular - Kemie B.V.","og_description":"Mit diesem Formular k\u00f6nnen Sie Ihre Bestellung in unserem Webshop r\u00fcckg\u00e4ngig machen\/widerrufen. Dies ist nur innerhalb von 14 Tagen nach Erhalt der gelieferten Produkte m\u00f6glich, Muster sind davon ausgenommen. Widerrufsformular herunterladen Interessieren Sie sich f\u00fcr unsere produkte? Nehmen Sie jetzt Kontakt zu uns auf","og_url":"https:\/\/www.kemie.nl\/de\/widerrufsformular\/","og_site_name":"Kemie B.V.","article_publisher":"https:\/\/nl-nl.facebook.com\/Kemie-BV-188835737881422\/","article_modified_time":"2023-01-17T13:52:27+00:00","twitter_card":"summary_large_image","schema":{"@context":"https:\/\/schema.org","@graph":[{"@type":"WebPage","@id":"https:\/\/www.kemie.nl\/de\/widerrufsformular\/","url":"https:\/\/www.kemie.nl\/de\/widerrufsformular\/","name":"Widerrufsformular - Kemie B.V.","isPartOf":{"@id":"https:\/\/www.kemie.nl\/de\/#website"},"datePublished":"2022-11-23T14:15:55+00:00","dateModified":"2023-01-17T13:52:27+00:00","breadcrumb":{"@id":"https:\/\/www.kemie.nl\/de\/widerrufsformular\/#breadcrumb"},"inLanguage":"de-DE","potentialAction":[{"@type":"ReadAction","target":["https:\/\/www.kemie.nl\/de\/widerrufsformular\/"]}]},{"@type":"BreadcrumbList","@id":"https:\/\/www.kemie.nl\/de\/widerrufsformular\/#breadcrumb","itemListElement":[{"@type":"ListItem","position":1,"name":"Home","item":"https:\/\/www.kemie.nl\/de\/"},{"@type":"ListItem","position":2,"name":"Widerrufsformular"}]},{"@type":"WebSite","@id":"https:\/\/www.kemie.nl\/de\/#website","url":"https:\/\/www.kemie.nl\/de\/","name":"Kemie B.V.","description":"De mooiste collectie keukenwerkbladen vindt u bij Kemie.","publisher":{"@id":"https:\/\/www.kemie.nl\/de\/#organization"},"alternateName":"Kemie","potentialAction":[{"@type":"SearchAction","target":{"@type":"EntryPoint","urlTemplate":"https:\/\/www.kemie.nl\/de\/?s={search_term_string}"},"query-input":{"@type":"PropertyValueSpecification","valueRequired":true,"valueName":"search_term_string"}}],"inLanguage":"de-DE"},{"@type":"Organization","@id":"https:\/\/www.kemie.nl\/de\/#organization","name":"Kemie B.V.","alternateName":"Kemie","url":"https:\/\/www.kemie.nl\/de\/","logo":{"@type":"ImageObject","inLanguage":"de-DE","@id":"https:\/\/www.kemie.nl\/de\/#\/schema\/logo\/image\/","url":"https:\/\/www.kemie.nl\/wp-content\/uploads\/2022\/10\/Kemie-logo.svg","contentUrl":"https:\/\/www.kemie.nl\/wp-content\/uploads\/2022\/10\/Kemie-logo.svg","width":2834,"height":1246,"caption":"Kemie B.V."},"image":{"@id":"https:\/\/www.kemie.nl\/de\/#\/schema\/logo\/image\/"},"sameAs":["https:\/\/nl-nl.facebook.com\/Kemie-BV-188835737881422\/","https:\/\/nl.pinterest.com\/kemiebv\/","https:\/\/nl.linkedin.com\/company\/kemie-bv","https:\/\/www.instagram.com\/kemie.nl\/"]}]}},"_links":{"self":[{"href":"https:\/\/www.kemie.nl\/de\/wp-json\/wp\/v2\/pages\/6478","targetHints":{"allow":["GET"]}}],"collection":[{"href":"https:\/\/www.kemie.nl\/de\/wp-json\/wp\/v2\/pages"}],"about":[{"href":"https:\/\/www.kemie.nl\/de\/wp-json\/wp\/v2\/types\/page"}],"author":[{"embeddable":true,"href":"https:\/\/www.kemie.nl\/de\/wp-json\/wp\/v2\/users\/1"}],"replies":[{"embeddable":true,"href":"https:\/\/www.kemie.nl\/de\/wp-json\/wp\/v2\/comments?post=6478"}],"version-history":[{"count":7,"href":"https:\/\/www.kemie.nl\/de\/wp-json\/wp\/v2\/pages\/6478\/revisions"}],"predecessor-version":[{"id":6489,"href":"https:\/\/www.kemie.nl\/de\/wp-json\/wp\/v2\/pages\/6478\/revisions\/6489"}],"wp:attachment":[{"href":"https:\/\/www.kemie.nl\/de\/wp-json\/wp\/v2\/media?parent=6478"}],"curies":[{"name":"wp","href":"https:\/\/api.w.org\/{rel}","templated":true}]}}