{"id":6391,"date":"2022-11-23T16:00:00","date_gmt":"2022-11-23T15:00:00","guid":{"rendered":"https:\/\/kemie.jklanten.nl\/?page_id=6391"},"modified":"2023-01-17T13:18:29","modified_gmt":"2023-01-17T12:18:29","slug":"stollen-und-rueckwaende","status":"publish","type":"page","link":"https:\/\/www.kemie.nl\/de\/stollen-und-rueckwaende\/","title":{"rendered":"Stollen und R\u00fcckw\u00e4nde"},"content":{"rendered":"\t\t<div data-elementor-type=\"wp-page\" data-elementor-id=\"6391\" class=\"elementor elementor-6391 elementor-3788\" data-elementor-post-type=\"page\">\n\t\t\t\t\t\t<section class=\"elementor-section elementor-top-section elementor-element elementor-element-ab7bc25 elementor-section-height-min-height elementor-section-boxed elementor-section-height-default elementor-section-items-middle\" data-id=\"ab7bc25\" data-element_type=\"section\" data-settings=\"{&quot;background_background&quot;:&quot;classic&quot;,&quot;jet_parallax_layout_list&quot;:[]}\">\n\t\t\t\t\t\t<div class=\"elementor-container elementor-column-gap-default\">\n\t\t\t\t\t<div class=\"elementor-column elementor-col-100 elementor-top-column elementor-element elementor-element-390e5cc\" data-id=\"390e5cc\" data-element_type=\"column\">\n\t\t\t<div class=\"elementor-widget-wrap elementor-element-populated\">\n\t\t\t\t\t\t<div class=\"elementor-element elementor-element-3fbba9c elementor-widget elementor-widget-heading\" data-id=\"3fbba9c\" data-element_type=\"widget\" data-widget_type=\"heading.default\">\n\t\t\t\t<div class=\"elementor-widget-container\">\n\t\t\t\t\t<h1 class=\"elementor-heading-title elementor-size-default\">Stollen und R\u00fcckw\u00e4nde<\/h1>\t\t\t\t<\/div>\n\t\t\t\t<\/div>\n\t\t\t\t<div class=\"elementor-element elementor-element-a4e298c elementor-align-center elementor-widget elementor-widget-button\" data-id=\"a4e298c\" data-element_type=\"widget\" data-widget_type=\"button.default\">\n\t\t\t\t<div class=\"elementor-widget-container\">\n\t\t\t\t\t\t\t\t\t<div class=\"elementor-button-wrapper\">\n\t\t\t\t\t<a class=\"elementor-button elementor-button-link elementor-size-sm\" href=\"https:\/\/kemie.nl\/de\/einen-kemie-haendler-finden\/\">\n\t\t\t\t\t\t<span class=\"elementor-button-content-wrapper\">\n\t\t\t\t\t\t<span class=\"elementor-button-icon\">\n\t\t\t\t<i aria-hidden=\"true\" class=\"fas fa-chevron-right\"><\/i>\t\t\t<\/span>\n\t\t\t\t\t\t\t\t\t<span class=\"elementor-button-text\">Einen Kemie-H\u00e4ndler finden<\/span>\n\t\t\t\t\t<\/span>\n\t\t\t\t\t<\/a>\n\t\t\t\t<\/div>\n\t\t\t\t\t\t\t\t<\/div>\n\t\t\t\t<\/div>\n\t\t\t\t\t<\/div>\n\t\t<\/div>\n\t\t\t\t\t<\/div>\n\t\t<\/section>\n\t\t\t\t<section class=\"elementor-section elementor-top-section elementor-element elementor-element-3e5c9b7 elementor-section-boxed elementor-section-height-default elementor-section-height-default\" data-id=\"3e5c9b7\" data-element_type=\"section\" data-settings=\"{&quot;jet_parallax_layout_list&quot;:[]}\">\n\t\t\t\t\t\t<div class=\"elementor-container elementor-column-gap-default\">\n\t\t\t\t\t<div class=\"elementor-column elementor-col-33 elementor-top-column elementor-element elementor-element-552e58c\" data-id=\"552e58c\" data-element_type=\"column\">\n\t\t\t<div class=\"elementor-widget-wrap elementor-element-populated\">\n\t\t\t\t\t\t<div class=\"elementor-element elementor-element-edca650 elementor-position-top elementor-widget elementor-widget-image-box\" data-id=\"edca650\" data-element_type=\"widget\" data-widget_type=\"image-box.default\">\n\t\t\t\t<div class=\"elementor-widget-container\">\n\t\t\t\t\t<div class=\"elementor-image-box-wrapper\"><figure class=\"elementor-image-box-img\"><img decoding=\"async\" src=\"https:\/\/www.kemie.nl\/wp-content\/uploads\/elementor\/thumbs\/Kemie-Stollen-py52occb1tu0ip2br1dm82ptqiddifktfiold92u2g.jpg\" title=\"Kemie-Stollen\" alt=\"Kemie-Stollen\" loading=\"lazy\" \/><\/figure><div class=\"elementor-image-box-content\"><p class=\"elementor-image-box-description\">Kemie bietet freistehende Stollen und Anschlussstollen bis zu einer Stollentiefe von 1.200 mm an.<\/p><\/div><\/div>\t\t\t\t<\/div>\n\t\t\t\t<\/div>\n\t\t\t\t\t<\/div>\n\t\t<\/div>\n\t\t\t\t<div class=\"elementor-column elementor-col-33 elementor-top-column elementor-element elementor-element-90a6785\" data-id=\"90a6785\" data-element_type=\"column\">\n\t\t\t<div class=\"elementor-widget-wrap elementor-element-populated\">\n\t\t\t\t\t\t<div class=\"elementor-element elementor-element-86b755f elementor-position-top elementor-widget elementor-widget-image-box\" data-id=\"86b755f\" data-element_type=\"widget\" data-widget_type=\"image-box.default\">\n\t\t\t\t<div class=\"elementor-widget-container\">\n\t\t\t\t\t<div class=\"elementor-image-box-wrapper\"><figure class=\"elementor-image-box-img\"><img decoding=\"async\" src=\"https:\/\/www.kemie.nl\/wp-content\/uploads\/elementor\/thumbs\/foto_6-py52pymatk1siipoaqkhio0ekee4ro06bj4p4eofco.jpg\" title=\"foto_6\" alt=\"foto_6\" loading=\"lazy\" \/><\/figure><div class=\"elementor-image-box-content\"><p class=\"elementor-image-box-description\">Mit einer R\u00fcckwand haben Schmutz und Feuchtigkeit in Ihrer K\u00fcche keine Chance.<\/p><\/div><\/div>\t\t\t\t<\/div>\n\t\t\t\t<\/div>\n\t\t\t\t\t<\/div>\n\t\t<\/div>\n\t\t\t\t<div class=\"elementor-column elementor-col-33 elementor-top-column elementor-element elementor-element-383cc05\" data-id=\"383cc05\" data-element_type=\"column\">\n\t\t\t<div class=\"elementor-widget-wrap elementor-element-populated\">\n\t\t\t\t\t\t<div class=\"elementor-element elementor-element-beb7fa0 elementor-position-top elementor-widget elementor-widget-image-box\" data-id=\"beb7fa0\" data-element_type=\"widget\" data-widget_type=\"image-box.default\">\n\t\t\t\t<div class=\"elementor-widget-container\">\n\t\t\t\t\t<div class=\"elementor-image-box-wrapper\"><figure class=\"elementor-image-box-img\"><img decoding=\"async\" src=\"https:\/\/www.kemie.nl\/wp-content\/uploads\/elementor\/thumbs\/rugwand-py52ordq36elogghb7vnbyx78ob8xl8itl4d1ogjaw.jpg\" title=\"rugwand\" alt=\"rugwand\" loading=\"lazy\" \/><\/figure><div class=\"elementor-image-box-content\"><p class=\"elementor-image-box-description\">R\u00fcckwand aus exakt dem gleichen Material wie die Arbeitsplatte.<\/p><\/div><\/div>\t\t\t\t<\/div>\n\t\t\t\t<\/div>\n\t\t\t\t\t<\/div>\n\t\t<\/div>\n\t\t\t\t\t<\/div>\n\t\t<\/section>\n\t\t\t\t<section class=\"elementor-section elementor-top-section elementor-element elementor-element-0c9c133 elementor-section-boxed elementor-section-height-default elementor-section-height-default\" data-id=\"0c9c133\" data-element_type=\"section\" data-settings=\"{&quot;background_background&quot;:&quot;classic&quot;,&quot;jet_parallax_layout_list&quot;:[]}\">\n\t\t\t\t\t\t\t<div class=\"elementor-background-overlay\"><\/div>\n\t\t\t\t\t\t\t<div class=\"elementor-container elementor-column-gap-default\">\n\t\t\t\t\t<div class=\"elementor-column elementor-col-100 elementor-top-column elementor-element elementor-element-08747ab\" data-id=\"08747ab\" data-element_type=\"column\">\n\t\t\t<div class=\"elementor-widget-wrap elementor-element-populated\">\n\t\t\t\t\t\t<div class=\"elementor-element elementor-element-97575d2 elementor-widget elementor-widget-heading\" data-id=\"97575d2\" data-element_type=\"widget\" data-widget_type=\"heading.default\">\n\t\t\t\t<div class=\"elementor-widget-container\">\n\t\t\t\t\t<h3 class=\"elementor-heading-title elementor-size-default\">K\u00fcchen - <b>R\u00fcckwand<\/B><\/h3>\t\t\t\t<\/div>\n\t\t\t\t<\/div>\n\t\t\t\t<div class=\"elementor-element elementor-element-6ea01de elementor-widget elementor-widget-text-editor\" data-id=\"6ea01de\" data-element_type=\"widget\" data-widget_type=\"text-editor.default\">\n\t\t\t\t<div class=\"elementor-widget-container\">\n\t\t\t\t\t\t\t\t\t<p>Bei der Entscheidung f\u00fcr eine neue K\u00fcche mit dazu passender Arbeitsplatte wird h\u00e4ufig die R\u00fcckwand vergessen, obwohl diese das Aussehen der K\u00fcche zu einem Gro\u00dfteil bestimmt. Der Zweck einer R\u00fcckwand ist es, Schmutz und Feuchtigkeit an der Wand hinter der Arbeitsplatte keine Chance zu geben. Eine R\u00fcckwand kann aus unterschiedlichen Materialien hergestellt werden. Sie k\u00f6nnen daf\u00fcr das gleiche Material wie f\u00fcr die K\u00fcchenplatte w\u00e4hlen, oder auch etwas v\u00f6llig anderes.<\/p>\t\t\t\t\t\t\t\t<\/div>\n\t\t\t\t<\/div>\n\t\t\t\t<div class=\"elementor-element elementor-element-9a9b8bf elementor-widget elementor-widget-heading\" data-id=\"9a9b8bf\" data-element_type=\"widget\" data-widget_type=\"heading.default\">\n\t\t\t\t<div class=\"elementor-widget-container\">\n\t\t\t\t\t<h3 class=\"elementor-heading-title elementor-size-default\"><b>Stollen<\/B><\/h3>\t\t\t\t<\/div>\n\t\t\t\t<\/div>\n\t\t\t\t<div class=\"elementor-element elementor-element-9a9b949 elementor-widget elementor-widget-text-editor\" data-id=\"9a9b949\" data-element_type=\"widget\" data-widget_type=\"text-editor.default\">\n\t\t\t\t<div class=\"elementor-widget-container\">\n\t\t\t\t\t\t\t\t\t<p>Mit einer Stollenwand wird Ihr K\u00fcchenm\u00f6bel zu einer Einheit. Ihre Herstellung erfordert \u00e4u\u00dferste Pr\u00e4zision. Kemie stellt Stollenw\u00e4nde in zahlreichen Gr\u00f6\u00dfen und Formaten her, die fantastisch zum Rest der K\u00fcche passen. Qualitativ hochwertige Materialien in Kombination mit Fachkompetenz.<\/p>\t\t\t\t\t\t\t\t<\/div>\n\t\t\t\t<\/div>\n\t\t\t\t\t<\/div>\n\t\t<\/div>\n\t\t\t\t\t<\/div>\n\t\t<\/section>\n\t\t\t\t<section class=\"elementor-section elementor-top-section elementor-element elementor-element-16dd321 elementor-section-boxed elementor-section-height-default elementor-section-height-default\" data-id=\"16dd321\" data-element_type=\"section\" data-settings=\"{&quot;background_background&quot;:&quot;classic&quot;,&quot;jet_parallax_layout_list&quot;:[]}\">\n\t\t\t\t\t\t\t<div class=\"elementor-background-overlay\"><\/div>\n\t\t\t\t\t\t\t<div class=\"elementor-container elementor-column-gap-default\">\n\t\t\t\t\t<div class=\"elementor-column elementor-col-50 elementor-top-column elementor-element elementor-element-0a9b618\" data-id=\"0a9b618\" data-element_type=\"column\">\n\t\t\t<div class=\"elementor-widget-wrap elementor-element-populated\">\n\t\t\t\t\t\t<div class=\"elementor-element elementor-element-ca12e5a elementor-widget elementor-widget-heading\" data-id=\"ca12e5a\" data-element_type=\"widget\" data-widget_type=\"heading.default\">\n\t\t\t\t<div class=\"elementor-widget-container\">\n\t\t\t\t\t<h2 class=\"elementor-heading-title elementor-size-default\">Interessieren Sie sich f\u00fcr unsere <span class=\"bold-font\">produkte<\/span>?<\/h2>\t\t\t\t<\/div>\n\t\t\t\t<\/div>\n\t\t\t\t\t<\/div>\n\t\t<\/div>\n\t\t\t\t<div class=\"elementor-column elementor-col-50 elementor-top-column elementor-element elementor-element-a805729\" data-id=\"a805729\" data-element_type=\"column\">\n\t\t\t<div class=\"elementor-widget-wrap elementor-element-populated\">\n\t\t\t\t\t\t<div class=\"elementor-element elementor-element-1268e82 elementor-align-justify elementor-mobile-align-justify elementor-widget elementor-widget-button\" data-id=\"1268e82\" data-element_type=\"widget\" data-widget_type=\"button.default\">\n\t\t\t\t<div class=\"elementor-widget-container\">\n\t\t\t\t\t\t\t\t\t<div class=\"elementor-button-wrapper\">\n\t\t\t\t\t<a class=\"elementor-button elementor-button-link elementor-size-sm\" href=\"\/de\/kontakt\/\">\n\t\t\t\t\t\t<span class=\"elementor-button-content-wrapper\">\n\t\t\t\t\t\t\t\t\t<span class=\"elementor-button-text\">Nehmen Sie jetzt Kontakt zu uns auf <\/span>\n\t\t\t\t\t<\/span>\n\t\t\t\t\t<\/a>\n\t\t\t\t<\/div>\n\t\t\t\t\t\t\t\t<\/div>\n\t\t\t\t<\/div>\n\t\t\t\t\t<\/div>\n\t\t<\/div>\n\t\t\t\t\t<\/div>\n\t\t<\/section>\n\t\t\t\t<\/div>\n\t\t","protected":false},"excerpt":{"rendered":"<p>Einen Kemie-H\u00e4ndler finden Kemie bietet freistehende Stollen und Anschlussstollen bis zu einer Stollentiefe von 1.200 mm an. Mit einer R\u00fcckwand haben Schmutz und Feuchtigkeit in Ihrer K\u00fcche keine Chance. R\u00fcckwand aus exakt dem gleichen Material wie die Arbeitsplatte. K\u00fcchen &#8211; R\u00fcckwand Bei der Entscheidung f\u00fcr eine neue K\u00fcche mit dazu passender Arbeitsplatte wird h\u00e4ufig die [&hellip;]<\/p>\n","protected":false},"author":1,"featured_media":0,"parent":0,"menu_order":0,"comment_status":"closed","ping_status":"closed","template":"","meta":{"footnotes":""},"class_list":["post-6391","page","type-page","status-publish","hentry"],"yoast_head":"<!-- This site is optimized with the Yoast SEO plugin v26.8 - https:\/\/yoast.com\/product\/yoast-seo-wordpress\/ -->\n<title>Stollen und R\u00fcckw\u00e4nde - Kemie B.V.<\/title>\n<meta name=\"robots\" content=\"index, follow, max-snippet:-1, max-image-preview:large, max-video-preview:-1\" \/>\n<link rel=\"canonical\" href=\"https:\/\/www.kemie.nl\/de\/stollen-und-rueckwaende\/\" \/>\n<meta property=\"og:locale\" content=\"de_DE\" \/>\n<meta property=\"og:type\" content=\"article\" \/>\n<meta property=\"og:title\" content=\"Stollen und R\u00fcckw\u00e4nde - Kemie B.V.\" \/>\n<meta property=\"og:description\" content=\"Einen Kemie-H\u00e4ndler finden Kemie bietet freistehende Stollen und Anschlussstollen bis zu einer Stollentiefe von 1.200 mm an. Mit einer R\u00fcckwand haben Schmutz und Feuchtigkeit in Ihrer K\u00fcche keine Chance. R\u00fcckwand aus exakt dem gleichen Material wie die Arbeitsplatte. K\u00fcchen &#8211; R\u00fcckwand Bei der Entscheidung f\u00fcr eine neue K\u00fcche mit dazu passender Arbeitsplatte wird h\u00e4ufig die [&hellip;]\" \/>\n<meta property=\"og:url\" content=\"https:\/\/www.kemie.nl\/de\/stollen-und-rueckwaende\/\" \/>\n<meta property=\"og:site_name\" content=\"Kemie B.V.\" \/>\n<meta property=\"article:publisher\" content=\"https:\/\/nl-nl.facebook.com\/Kemie-BV-188835737881422\/\" \/>\n<meta property=\"article:modified_time\" content=\"2023-01-17T12:18:29+00:00\" \/>\n<meta property=\"og:image\" content=\"https:\/\/www.kemie.nl\/wp-content\/uploads\/elementor\/thumbs\/Kemie-Stollen-py52occb1tu0ip2br1dm82ptqiddifktfiold92u2g.jpg\" \/>\n<meta name=\"twitter:card\" content=\"summary_large_image\" \/>\n<script type=\"application\/ld+json\" class=\"yoast-schema-graph\">{\"@context\":\"https:\/\/schema.org\",\"@graph\":[{\"@type\":\"WebPage\",\"@id\":\"https:\/\/www.kemie.nl\/de\/stollen-und-rueckwaende\/\",\"url\":\"https:\/\/www.kemie.nl\/de\/stollen-und-rueckwaende\/\",\"name\":\"Stollen und R\u00fcckw\u00e4nde - Kemie B.V.\",\"isPartOf\":{\"@id\":\"https:\/\/www.kemie.nl\/de\/#website\"},\"primaryImageOfPage\":{\"@id\":\"https:\/\/www.kemie.nl\/de\/stollen-und-rueckwaende\/#primaryimage\"},\"image\":{\"@id\":\"https:\/\/www.kemie.nl\/de\/stollen-und-rueckwaende\/#primaryimage\"},\"thumbnailUrl\":\"https:\/\/www.kemie.nl\/wp-content\/uploads\/elementor\/thumbs\/Kemie-Stollen-py52occb1tu0ip2br1dm82ptqiddifktfiold92u2g.jpg\",\"datePublished\":\"2022-11-23T15:00:00+00:00\",\"dateModified\":\"2023-01-17T12:18:29+00:00\",\"breadcrumb\":{\"@id\":\"https:\/\/www.kemie.nl\/de\/stollen-und-rueckwaende\/#breadcrumb\"},\"inLanguage\":\"de-DE\",\"potentialAction\":[{\"@type\":\"ReadAction\",\"target\":[\"https:\/\/www.kemie.nl\/de\/stollen-und-rueckwaende\/\"]}]},{\"@type\":\"ImageObject\",\"inLanguage\":\"de-DE\",\"@id\":\"https:\/\/www.kemie.nl\/de\/stollen-und-rueckwaende\/#primaryimage\",\"url\":\"https:\/\/www.kemie.nl\/wp-content\/uploads\/elementor\/thumbs\/Kemie-Stollen-py52occb1tu0ip2br1dm82ptqiddifktfiold92u2g.jpg\",\"contentUrl\":\"https:\/\/www.kemie.nl\/wp-content\/uploads\/elementor\/thumbs\/Kemie-Stollen-py52occb1tu0ip2br1dm82ptqiddifktfiold92u2g.jpg\"},{\"@type\":\"BreadcrumbList\",\"@id\":\"https:\/\/www.kemie.nl\/de\/stollen-und-rueckwaende\/#breadcrumb\",\"itemListElement\":[{\"@type\":\"ListItem\",\"position\":1,\"name\":\"Home\",\"item\":\"https:\/\/www.kemie.nl\/de\/\"},{\"@type\":\"ListItem\",\"position\":2,\"name\":\"Stollen und R\u00fcckw\u00e4nde\"}]},{\"@type\":\"WebSite\",\"@id\":\"https:\/\/www.kemie.nl\/de\/#website\",\"url\":\"https:\/\/www.kemie.nl\/de\/\",\"name\":\"Kemie B.V.\",\"description\":\"De mooiste collectie keukenwerkbladen vindt u bij Kemie.\",\"publisher\":{\"@id\":\"https:\/\/www.kemie.nl\/de\/#organization\"},\"alternateName\":\"Kemie\",\"potentialAction\":[{\"@type\":\"SearchAction\",\"target\":{\"@type\":\"EntryPoint\",\"urlTemplate\":\"https:\/\/www.kemie.nl\/de\/?s={search_term_string}\"},\"query-input\":{\"@type\":\"PropertyValueSpecification\",\"valueRequired\":true,\"valueName\":\"search_term_string\"}}],\"inLanguage\":\"de-DE\"},{\"@type\":\"Organization\",\"@id\":\"https:\/\/www.kemie.nl\/de\/#organization\",\"name\":\"Kemie B.V.\",\"alternateName\":\"Kemie\",\"url\":\"https:\/\/www.kemie.nl\/de\/\",\"logo\":{\"@type\":\"ImageObject\",\"inLanguage\":\"de-DE\",\"@id\":\"https:\/\/www.kemie.nl\/de\/#\/schema\/logo\/image\/\",\"url\":\"https:\/\/www.kemie.nl\/wp-content\/uploads\/2022\/10\/Kemie-logo.svg\",\"contentUrl\":\"https:\/\/www.kemie.nl\/wp-content\/uploads\/2022\/10\/Kemie-logo.svg\",\"width\":2834,\"height\":1246,\"caption\":\"Kemie B.V.\"},\"image\":{\"@id\":\"https:\/\/www.kemie.nl\/de\/#\/schema\/logo\/image\/\"},\"sameAs\":[\"https:\/\/nl-nl.facebook.com\/Kemie-BV-188835737881422\/\",\"https:\/\/nl.pinterest.com\/kemiebv\/\",\"https:\/\/nl.linkedin.com\/company\/kemie-bv\",\"https:\/\/www.instagram.com\/kemie.nl\/\"]}]}<\/script>\n<!-- \/ Yoast SEO plugin. -->","yoast_head_json":{"title":"Stollen und R\u00fcckw\u00e4nde - Kemie B.V.","robots":{"index":"index","follow":"follow","max-snippet":"max-snippet:-1","max-image-preview":"max-image-preview:large","max-video-preview":"max-video-preview:-1"},"canonical":"https:\/\/www.kemie.nl\/de\/stollen-und-rueckwaende\/","og_locale":"de_DE","og_type":"article","og_title":"Stollen und R\u00fcckw\u00e4nde - Kemie B.V.","og_description":"Einen Kemie-H\u00e4ndler finden Kemie bietet freistehende Stollen und Anschlussstollen bis zu einer Stollentiefe von 1.200 mm an. Mit einer R\u00fcckwand haben Schmutz und Feuchtigkeit in Ihrer K\u00fcche keine Chance. R\u00fcckwand aus exakt dem gleichen Material wie die Arbeitsplatte. K\u00fcchen &#8211; R\u00fcckwand Bei der Entscheidung f\u00fcr eine neue K\u00fcche mit dazu passender Arbeitsplatte wird h\u00e4ufig die [&hellip;]","og_url":"https:\/\/www.kemie.nl\/de\/stollen-und-rueckwaende\/","og_site_name":"Kemie B.V.","article_publisher":"https:\/\/nl-nl.facebook.com\/Kemie-BV-188835737881422\/","article_modified_time":"2023-01-17T12:18:29+00:00","og_image":[{"url":"https:\/\/www.kemie.nl\/wp-content\/uploads\/elementor\/thumbs\/Kemie-Stollen-py52occb1tu0ip2br1dm82ptqiddifktfiold92u2g.jpg","type":"","width":"","height":""}],"twitter_card":"summary_large_image","schema":{"@context":"https:\/\/schema.org","@graph":[{"@type":"WebPage","@id":"https:\/\/www.kemie.nl\/de\/stollen-und-rueckwaende\/","url":"https:\/\/www.kemie.nl\/de\/stollen-und-rueckwaende\/","name":"Stollen und R\u00fcckw\u00e4nde - Kemie B.V.","isPartOf":{"@id":"https:\/\/www.kemie.nl\/de\/#website"},"primaryImageOfPage":{"@id":"https:\/\/www.kemie.nl\/de\/stollen-und-rueckwaende\/#primaryimage"},"image":{"@id":"https:\/\/www.kemie.nl\/de\/stollen-und-rueckwaende\/#primaryimage"},"thumbnailUrl":"https:\/\/www.kemie.nl\/wp-content\/uploads\/elementor\/thumbs\/Kemie-Stollen-py52occb1tu0ip2br1dm82ptqiddifktfiold92u2g.jpg","datePublished":"2022-11-23T15:00:00+00:00","dateModified":"2023-01-17T12:18:29+00:00","breadcrumb":{"@id":"https:\/\/www.kemie.nl\/de\/stollen-und-rueckwaende\/#breadcrumb"},"inLanguage":"de-DE","potentialAction":[{"@type":"ReadAction","target":["https:\/\/www.kemie.nl\/de\/stollen-und-rueckwaende\/"]}]},{"@type":"ImageObject","inLanguage":"de-DE","@id":"https:\/\/www.kemie.nl\/de\/stollen-und-rueckwaende\/#primaryimage","url":"https:\/\/www.kemie.nl\/wp-content\/uploads\/elementor\/thumbs\/Kemie-Stollen-py52occb1tu0ip2br1dm82ptqiddifktfiold92u2g.jpg","contentUrl":"https:\/\/www.kemie.nl\/wp-content\/uploads\/elementor\/thumbs\/Kemie-Stollen-py52occb1tu0ip2br1dm82ptqiddifktfiold92u2g.jpg"},{"@type":"BreadcrumbList","@id":"https:\/\/www.kemie.nl\/de\/stollen-und-rueckwaende\/#breadcrumb","itemListElement":[{"@type":"ListItem","position":1,"name":"Home","item":"https:\/\/www.kemie.nl\/de\/"},{"@type":"ListItem","position":2,"name":"Stollen und R\u00fcckw\u00e4nde"}]},{"@type":"WebSite","@id":"https:\/\/www.kemie.nl\/de\/#website","url":"https:\/\/www.kemie.nl\/de\/","name":"Kemie B.V.","description":"De mooiste collectie keukenwerkbladen vindt u bij Kemie.","publisher":{"@id":"https:\/\/www.kemie.nl\/de\/#organization"},"alternateName":"Kemie","potentialAction":[{"@type":"SearchAction","target":{"@type":"EntryPoint","urlTemplate":"https:\/\/www.kemie.nl\/de\/?s={search_term_string}"},"query-input":{"@type":"PropertyValueSpecification","valueRequired":true,"valueName":"search_term_string"}}],"inLanguage":"de-DE"},{"@type":"Organization","@id":"https:\/\/www.kemie.nl\/de\/#organization","name":"Kemie B.V.","alternateName":"Kemie","url":"https:\/\/www.kemie.nl\/de\/","logo":{"@type":"ImageObject","inLanguage":"de-DE","@id":"https:\/\/www.kemie.nl\/de\/#\/schema\/logo\/image\/","url":"https:\/\/www.kemie.nl\/wp-content\/uploads\/2022\/10\/Kemie-logo.svg","contentUrl":"https:\/\/www.kemie.nl\/wp-content\/uploads\/2022\/10\/Kemie-logo.svg","width":2834,"height":1246,"caption":"Kemie B.V."},"image":{"@id":"https:\/\/www.kemie.nl\/de\/#\/schema\/logo\/image\/"},"sameAs":["https:\/\/nl-nl.facebook.com\/Kemie-BV-188835737881422\/","https:\/\/nl.pinterest.com\/kemiebv\/","https:\/\/nl.linkedin.com\/company\/kemie-bv","https:\/\/www.instagram.com\/kemie.nl\/"]}]}},"_links":{"self":[{"href":"https:\/\/www.kemie.nl\/de\/wp-json\/wp\/v2\/pages\/6391","targetHints":{"allow":["GET"]}}],"collection":[{"href":"https:\/\/www.kemie.nl\/de\/wp-json\/wp\/v2\/pages"}],"about":[{"href":"https:\/\/www.kemie.nl\/de\/wp-json\/wp\/v2\/types\/page"}],"author":[{"embeddable":true,"href":"https:\/\/www.kemie.nl\/de\/wp-json\/wp\/v2\/users\/1"}],"replies":[{"embeddable":true,"href":"https:\/\/www.kemie.nl\/de\/wp-json\/wp\/v2\/comments?post=6391"}],"version-history":[{"count":7,"href":"https:\/\/www.kemie.nl\/de\/wp-json\/wp\/v2\/pages\/6391\/revisions"}],"predecessor-version":[{"id":6398,"href":"https:\/\/www.kemie.nl\/de\/wp-json\/wp\/v2\/pages\/6391\/revisions\/6398"}],"wp:attachment":[{"href":"https:\/\/www.kemie.nl\/de\/wp-json\/wp\/v2\/media?parent=6391"}],"curies":[{"name":"wp","href":"https:\/\/api.w.org\/{rel}","templated":true}]}}