{"id":6372,"date":"2022-11-09T11:33:52","date_gmt":"2022-11-09T10:33:52","guid":{"rendered":"https:\/\/kemie.jklanten.nl\/?page_id=6372"},"modified":"2023-01-17T13:08:45","modified_gmt":"2023-01-17T12:08:45","slug":"mvo","status":"publish","type":"page","link":"https:\/\/www.kemie.nl\/de\/mvo\/","title":{"rendered":"MVO"},"content":{"rendered":"\t\t<div data-elementor-type=\"wp-page\" data-elementor-id=\"6372\" class=\"elementor elementor-6372 elementor-1263\" data-elementor-post-type=\"page\">\n\t\t\t\t\t\t<section class=\"elementor-section elementor-top-section elementor-element elementor-element-ab7bc25 elementor-section-height-min-height elementor-section-boxed elementor-section-height-default elementor-section-items-middle\" data-id=\"ab7bc25\" data-element_type=\"section\" data-settings=\"{&quot;background_background&quot;:&quot;classic&quot;,&quot;jet_parallax_layout_list&quot;:[]}\">\n\t\t\t\t\t\t<div class=\"elementor-container elementor-column-gap-default\">\n\t\t\t\t\t<div class=\"elementor-column elementor-col-100 elementor-top-column elementor-element elementor-element-390e5cc\" data-id=\"390e5cc\" data-element_type=\"column\">\n\t\t\t<div class=\"elementor-widget-wrap elementor-element-populated\">\n\t\t\t\t\t\t<div class=\"elementor-element elementor-element-3fbba9c elementor-widget elementor-widget-heading\" data-id=\"3fbba9c\" data-element_type=\"widget\" data-widget_type=\"heading.default\">\n\t\t\t\t<div class=\"elementor-widget-container\">\n\t\t\t\t\t<h1 class=\"elementor-heading-title elementor-size-default\">Unternehmerische Gesellschaftsverantwortung (CSR)<\/h1>\t\t\t\t<\/div>\n\t\t\t\t<\/div>\n\t\t\t\t\t<\/div>\n\t\t<\/div>\n\t\t\t\t\t<\/div>\n\t\t<\/section>\n\t\t\t\t<section class=\"elementor-section elementor-top-section elementor-element elementor-element-4175161 elementor-section-boxed elementor-section-height-default elementor-section-height-default\" data-id=\"4175161\" data-element_type=\"section\" data-settings=\"{&quot;jet_parallax_layout_list&quot;:[]}\">\n\t\t\t\t\t\t<div class=\"elementor-container elementor-column-gap-default\">\n\t\t\t\t\t<div class=\"elementor-column elementor-col-100 elementor-top-column elementor-element elementor-element-6a51c4e\" data-id=\"6a51c4e\" data-element_type=\"column\">\n\t\t\t<div class=\"elementor-widget-wrap elementor-element-populated\">\n\t\t\t\t\t\t<div class=\"elementor-element elementor-element-c63ee3b elementor-widget elementor-widget-text-editor\" data-id=\"c63ee3b\" data-element_type=\"widget\" data-widget_type=\"text-editor.default\">\n\t\t\t\t<div class=\"elementor-widget-container\">\n\t\t\t\t\t\t\t\t\t<p>Bei KEMIE arbeiten wir mit Vergn\u00fcgen, mit Leidenschaft und auch miteinander. Wir nehmen unsere Gesellschaftsverantwortung als Unternehmen ernst. Unsere CSR-Politik konzentriert sich auf f\u00fcnf Schwerpunkte: Rohstoffe, Arbeitsumfeld, Klima, Gesellschaft und Zukunft. Ist das ehrgeizig? Absolut! Und darauf sind wir echt stolz.<\/p>\t\t\t\t\t\t\t\t<\/div>\n\t\t\t\t<\/div>\n\t\t\t\t<div class=\"elementor-element elementor-element-ea97797 elementor-widget elementor-widget-heading\" data-id=\"ea97797\" data-element_type=\"widget\" data-widget_type=\"heading.default\">\n\t\t\t\t<div class=\"elementor-widget-container\">\n\t\t\t\t\t<h2 class=\"elementor-heading-title elementor-size-default\"><b>Rohstoffe<\/b> \u2013 vern\u00fcnftiger Umgang mit unseren Quellen<\/h2>\t\t\t\t<\/div>\n\t\t\t\t<\/div>\n\t\t\t\t<div class=\"elementor-element elementor-element-01a76a0 elementor-widget elementor-widget-text-editor\" data-id=\"01a76a0\" data-element_type=\"widget\" data-widget_type=\"text-editor.default\">\n\t\t\t\t<div class=\"elementor-widget-container\">\n\t\t\t\t\t\t\t\t\t<p>Schon seit unserer Gr\u00fcndung holen wir unsere Rohstoffe so nah wie m\u00f6glich an der Quelle, die so nah wie m\u00f6glich bei unserem Haus liegt. Innerhalb Europas wissen wir, dass auf gesunde Art gearbeitet wird. Dort k\u00f6nnen wir die Lieferkette gut nachverfolgen und den Verbrauch f\u00fcr den Transport reduzieren. Nat\u00fcrlich halten wir unsere Lieferkette genau im Blick. Dazu geh\u00f6ren regelm\u00e4\u00dfige Besuche bei der Quelle. Obendrein schlie\u00dfen wir uns der TruStone-Initiative an (<a href=\"https:\/\/www.imvoconvenanten.nl\/en\/trustone\">https:\/\/www.imvoconvenanten.nl\/en\/trustone<\/a>).<\/p><p>Unser Produktionsprozess ist auf minimale Verschwendung ausgerichtet. Mithilfe von Nesting kombinieren wir Projekte miteinander, sodass so wenig Verschnitt wie m\u00f6glich entsteht. Um dies zu unterst\u00fctzen ist unser Magazin vollst\u00e4ndig digitalisiert und robotisiert. So k\u00f6nnen wir aus jeder Platte das Maximum herausholen. Was von unseren Reststr\u00f6men \u00fcbrigbleibt, geht nicht verloren. Daf\u00fcr suchen wir die bestm\u00f6gliche Verwendung.<\/p>\t\t\t\t\t\t\t\t<\/div>\n\t\t\t\t<\/div>\n\t\t\t\t\t<\/div>\n\t\t<\/div>\n\t\t\t\t\t<\/div>\n\t\t<\/section>\n\t\t\t\t<section class=\"elementor-section elementor-top-section elementor-element elementor-element-5723ee5 elementor-section-boxed elementor-section-height-default elementor-section-height-default\" data-id=\"5723ee5\" data-element_type=\"section\" data-settings=\"{&quot;jet_parallax_layout_list&quot;:[]}\">\n\t\t\t\t\t\t<div class=\"elementor-container elementor-column-gap-default\">\n\t\t\t\t\t<div class=\"elementor-column elementor-col-50 elementor-top-column elementor-element elementor-element-14c3788\" data-id=\"14c3788\" data-element_type=\"column\">\n\t\t\t<div class=\"elementor-widget-wrap elementor-element-populated\">\n\t\t\t\t\t\t<div class=\"elementor-element elementor-element-2810af7 elementor-widget elementor-widget-heading\" data-id=\"2810af7\" data-element_type=\"widget\" data-widget_type=\"heading.default\">\n\t\t\t\t<div class=\"elementor-widget-container\">\n\t\t\t\t\t<h3 class=\"elementor-heading-title elementor-size-default\"><b>Arbeitsumfeld<\/b> \u2013 gesund und modern arbeiten<\/h3>\t\t\t\t<\/div>\n\t\t\t\t<\/div>\n\t\t\t\t<div class=\"elementor-element elementor-element-5b1b7af elementor-widget elementor-widget-text-editor\" data-id=\"5b1b7af\" data-element_type=\"widget\" data-widget_type=\"text-editor.default\">\n\t\t\t\t<div class=\"elementor-widget-container\">\n\t\t\t\t\t\t\t\t\t<p>Eine hochwertige Produktion erfordert gesunde, moderne Arbeitsbedingungen. Darauf baut unsere Fabrik. Unsere Produktionsmitarbeiter arbeiten in separaten R\u00e4umen mit vorz\u00fcglicher Bel\u00fcftungsanlage. Damit reduzieren wir den Staub in der Umgebung auf ein Minimum. Unsere Leute verwenden die modernsten Hebewerkzeuge und arbeiten in einer Umgebung, bei deren Gestaltung L\u00e4rmreduzierung und gute Beleuchtung eine wichtige Rolle spielen.<\/p>\t\t\t\t\t\t\t\t<\/div>\n\t\t\t\t<\/div>\n\t\t\t\t\t<\/div>\n\t\t<\/div>\n\t\t\t\t<div class=\"elementor-column elementor-col-50 elementor-top-column elementor-element elementor-element-7518559\" data-id=\"7518559\" data-element_type=\"column\">\n\t\t\t<div class=\"elementor-widget-wrap elementor-element-populated\">\n\t\t\t\t\t\t<div class=\"elementor-element elementor-element-04b8245 elementor-widget elementor-widget-heading\" data-id=\"04b8245\" data-element_type=\"widget\" data-widget_type=\"heading.default\">\n\t\t\t\t<div class=\"elementor-widget-container\">\n\t\t\t\t\t<h3 class=\"elementor-heading-title elementor-size-default\"><b>Klima<\/b> \u2013 klimaneutral produzieren<\/h3>\t\t\t\t<\/div>\n\t\t\t\t<\/div>\n\t\t\t\t<div class=\"elementor-element elementor-element-d1bf961 elementor-widget elementor-widget-text-editor\" data-id=\"d1bf961\" data-element_type=\"widget\" data-widget_type=\"text-editor.default\">\n\t\t\t\t<div class=\"elementor-widget-container\">\n\t\t\t\t\t\t\t\t\t<p>Vern\u00fcnftiges Unternehmertum und klimaneutrales Produzieren gehen f\u00fcr uns Hand in Hand. Was CSR anbetrifft, sehen wir uns selbst bisweilen schon als \u201eunbewusst kompetent\u201c an. Entscheidungen, die aus gesch\u00e4ftlicher und praktischer Sicht vern\u00fcnftig sind, f\u00fchren oft auch zu einer besseren Welt. Wir haben beispielsweise eine Wasseranlage entwickeln lassen, mit der 98 Prozent des von uns verwendeten Wassers wiederverwertet werden. Das spart Kosten und schont auch die Umwelt.<\/p><p>Das gleiche gilt f\u00fcr Strom. Wir beleuchten unseren Arbeitsbereich mit automatisch gesteuerten LEDs. Unseren gesamten Strombedarf decken wir mithilfe von Solarmodulen. Es bleibt sogar genug Strom \u00fcbrig, um 50 Haushalte damit zu versorgen. F\u00fcr die Transporte nutzen wir sparsame Lastwagen, und wo es m\u00f6glich ist, kombinieren wir Ladungen, um die Anzahl der gefahrenen Kilometer zu reduzieren.<\/p>\t\t\t\t\t\t\t\t<\/div>\n\t\t\t\t<\/div>\n\t\t\t\t\t<\/div>\n\t\t<\/div>\n\t\t\t\t\t<\/div>\n\t\t<\/section>\n\t\t\t\t<section class=\"elementor-section elementor-top-section elementor-element elementor-element-0c9c133 elementor-section-boxed elementor-section-height-default elementor-section-height-default\" data-id=\"0c9c133\" data-element_type=\"section\" data-settings=\"{&quot;background_background&quot;:&quot;classic&quot;,&quot;jet_parallax_layout_list&quot;:[]}\">\n\t\t\t\t\t\t\t<div class=\"elementor-background-overlay\"><\/div>\n\t\t\t\t\t\t\t<div class=\"elementor-container elementor-column-gap-default\">\n\t\t\t\t\t<div class=\"elementor-column elementor-col-50 elementor-top-column elementor-element elementor-element-08747ab\" data-id=\"08747ab\" data-element_type=\"column\">\n\t\t\t<div class=\"elementor-widget-wrap elementor-element-populated\">\n\t\t\t\t\t\t<div class=\"elementor-element elementor-element-97575d2 elementor-widget elementor-widget-heading\" data-id=\"97575d2\" data-element_type=\"widget\" data-widget_type=\"heading.default\">\n\t\t\t\t<div class=\"elementor-widget-container\">\n\t\t\t\t\t<h3 class=\"elementor-heading-title elementor-size-default\"><b>Gesellschaft  <\/b> \u2013 mit beiden Beinen in der Gemeinschaft verankert<\/h3>\t\t\t\t<\/div>\n\t\t\t\t<\/div>\n\t\t\t\t<div class=\"elementor-element elementor-element-6ea01de elementor-widget elementor-widget-text-editor\" data-id=\"6ea01de\" data-element_type=\"widget\" data-widget_type=\"text-editor.default\">\n\t\t\t\t<div class=\"elementor-widget-container\">\n\t\t\t\t\t\t\t\t\t<p>Mit Rohstoffen vern\u00fcnftig umzugehen und zum Menschen gut zu sein steckt uns im Blut. So sehen wir gutes Unternehmertum. Wir sind stolz auf unsere Rolle in der Gesellschaft. Zuallererst als Arbeitgeber f\u00fcr mehr als 110 Menschen, aber auch als Sponsor f\u00fcr sowohl lokale Vereine und Aktivit\u00e4ten als auch landesweite gute Zwecke.<\/p>\t\t\t\t\t\t\t\t<\/div>\n\t\t\t\t<\/div>\n\t\t\t\t\t<\/div>\n\t\t<\/div>\n\t\t\t\t<div class=\"elementor-column elementor-col-50 elementor-top-column elementor-element elementor-element-3029f59\" data-id=\"3029f59\" data-element_type=\"column\">\n\t\t\t<div class=\"elementor-widget-wrap elementor-element-populated\">\n\t\t\t\t\t\t<div class=\"elementor-element elementor-element-ac950be elementor-widget elementor-widget-heading\" data-id=\"ac950be\" data-element_type=\"widget\" data-widget_type=\"heading.default\">\n\t\t\t\t<div class=\"elementor-widget-container\">\n\t\t\t\t\t<h3 class=\"elementor-heading-title elementor-size-default\"><b>Zukunft<\/b> \u2013 tolle Oberfl\u00e4chen in einer gesunden Welt<\/h3>\t\t\t\t<\/div>\n\t\t\t\t<\/div>\n\t\t\t\t<div class=\"elementor-element elementor-element-c96694a elementor-widget elementor-widget-text-editor\" data-id=\"c96694a\" data-element_type=\"widget\" data-widget_type=\"text-editor.default\">\n\t\t\t\t<div class=\"elementor-widget-container\">\n\t\t\t\t\t\t\t\t\t<p>Mit Blick auf die Zukunft steht unser Ziel fest: Wir wollen die Erde weniger belasten. Deshalb suchen wir st\u00e4ndig nach Innovationen und neuen Arten, die bestehenden Materialien zu verwenden. Mit unseren Zulieferern denken wir dar\u00fcber nach, wie wir die Rohstoffe reduzieren und unsere Abl\u00e4ufe nachhaltig gestalten k\u00f6nnen. Wir schlie\u00dfen uns sozialen Initiativen f\u00fcr bessere Arbeitsbedingungen in der Kette an. Innerhalb unseres eigenen Unternehmens suchen wir weiterhin nach M\u00f6glichkeiten, unsere Abl\u00e4ufe zu optimieren. Damit streben wir nicht nur nach sch\u00f6nen Oberfl\u00e4chen, sondern auch nach einer gesunden Welt, in der wir sie aufstellen k\u00f6nnen.<\/p>\t\t\t\t\t\t\t\t<\/div>\n\t\t\t\t<\/div>\n\t\t\t\t\t<\/div>\n\t\t<\/div>\n\t\t\t\t\t<\/div>\n\t\t<\/section>\n\t\t\t\t<section class=\"elementor-section elementor-top-section elementor-element elementor-element-16dd321 elementor-section-boxed elementor-section-height-default elementor-section-height-default\" data-id=\"16dd321\" data-element_type=\"section\" data-settings=\"{&quot;background_background&quot;:&quot;classic&quot;,&quot;jet_parallax_layout_list&quot;:[]}\">\n\t\t\t\t\t\t\t<div class=\"elementor-background-overlay\"><\/div>\n\t\t\t\t\t\t\t<div class=\"elementor-container elementor-column-gap-default\">\n\t\t\t\t\t<div class=\"elementor-column elementor-col-50 elementor-top-column elementor-element elementor-element-0a9b618\" data-id=\"0a9b618\" data-element_type=\"column\">\n\t\t\t<div class=\"elementor-widget-wrap elementor-element-populated\">\n\t\t\t\t\t\t<div class=\"elementor-element elementor-element-ca12e5a elementor-widget elementor-widget-heading\" data-id=\"ca12e5a\" data-element_type=\"widget\" data-widget_type=\"heading.default\">\n\t\t\t\t<div class=\"elementor-widget-container\">\n\t\t\t\t\t<h2 class=\"elementor-heading-title elementor-size-default\">Interessieren Sie sich f\u00fcr unsere <span class=\"bold-font\">produkte<\/span>?<\/h2>\t\t\t\t<\/div>\n\t\t\t\t<\/div>\n\t\t\t\t\t<\/div>\n\t\t<\/div>\n\t\t\t\t<div class=\"elementor-column elementor-col-50 elementor-top-column elementor-element elementor-element-a805729\" data-id=\"a805729\" data-element_type=\"column\">\n\t\t\t<div class=\"elementor-widget-wrap elementor-element-populated\">\n\t\t\t\t\t\t<div class=\"elementor-element elementor-element-1268e82 elementor-align-justify elementor-mobile-align-justify elementor-widget elementor-widget-button\" data-id=\"1268e82\" data-element_type=\"widget\" data-widget_type=\"button.default\">\n\t\t\t\t<div class=\"elementor-widget-container\">\n\t\t\t\t\t\t\t\t\t<div class=\"elementor-button-wrapper\">\n\t\t\t\t\t<a class=\"elementor-button elementor-button-link elementor-size-sm\" href=\"\/de\/kontakt\/\">\n\t\t\t\t\t\t<span class=\"elementor-button-content-wrapper\">\n\t\t\t\t\t\t\t\t\t<span class=\"elementor-button-text\">Nehmen Sie jetzt Kontakt zu uns auf <\/span>\n\t\t\t\t\t<\/span>\n\t\t\t\t\t<\/a>\n\t\t\t\t<\/div>\n\t\t\t\t\t\t\t\t<\/div>\n\t\t\t\t<\/div>\n\t\t\t\t\t<\/div>\n\t\t<\/div>\n\t\t\t\t\t<\/div>\n\t\t<\/section>\n\t\t\t\t<\/div>\n\t\t","protected":false},"excerpt":{"rendered":"<p>Unternehmerische Gesellschaftsverantwortung (CSR) Bei KEMIE arbeiten wir mit Vergn\u00fcgen, mit Leidenschaft und auch miteinander. Wir nehmen unsere Gesellschaftsverantwortung als Unternehmen ernst. Unsere CSR-Politik konzentriert sich auf f\u00fcnf Schwerpunkte: Rohstoffe, Arbeitsumfeld, Klima, Gesellschaft und Zukunft. Ist das ehrgeizig? Absolut! Und darauf sind wir echt stolz. Rohstoffe \u2013 vern\u00fcnftiger Umgang mit unseren Quellen Schon seit unserer Gr\u00fcndung [&hellip;]<\/p>\n","protected":false},"author":1,"featured_media":0,"parent":0,"menu_order":0,"comment_status":"closed","ping_status":"closed","template":"","meta":{"footnotes":""},"class_list":["post-6372","page","type-page","status-publish","hentry"],"yoast_head":"<!-- This site is optimized with the Yoast SEO plugin v26.8 - https:\/\/yoast.com\/product\/yoast-seo-wordpress\/ -->\n<title>MVO - Kemie B.V.<\/title>\n<meta name=\"robots\" content=\"index, follow, max-snippet:-1, max-image-preview:large, max-video-preview:-1\" \/>\n<link rel=\"canonical\" href=\"https:\/\/www.kemie.nl\/de\/mvo\/\" \/>\n<meta property=\"og:locale\" content=\"de_DE\" \/>\n<meta property=\"og:type\" content=\"article\" \/>\n<meta property=\"og:title\" content=\"MVO - Kemie B.V.\" \/>\n<meta property=\"og:description\" content=\"Unternehmerische Gesellschaftsverantwortung (CSR) Bei KEMIE arbeiten wir mit Vergn\u00fcgen, mit Leidenschaft und auch miteinander. Wir nehmen unsere Gesellschaftsverantwortung als Unternehmen ernst. Unsere CSR-Politik konzentriert sich auf f\u00fcnf Schwerpunkte: Rohstoffe, Arbeitsumfeld, Klima, Gesellschaft und Zukunft. Ist das ehrgeizig? Absolut! Und darauf sind wir echt stolz. Rohstoffe \u2013 vern\u00fcnftiger Umgang mit unseren Quellen Schon seit unserer Gr\u00fcndung [&hellip;]\" \/>\n<meta property=\"og:url\" content=\"https:\/\/www.kemie.nl\/de\/mvo\/\" \/>\n<meta property=\"og:site_name\" content=\"Kemie B.V.\" \/>\n<meta property=\"article:publisher\" content=\"https:\/\/nl-nl.facebook.com\/Kemie-BV-188835737881422\/\" \/>\n<meta property=\"article:modified_time\" content=\"2023-01-17T12:08:45+00:00\" \/>\n<meta name=\"twitter:card\" content=\"summary_large_image\" \/>\n<script type=\"application\/ld+json\" class=\"yoast-schema-graph\">{\"@context\":\"https:\/\/schema.org\",\"@graph\":[{\"@type\":\"WebPage\",\"@id\":\"https:\/\/www.kemie.nl\/de\/mvo\/\",\"url\":\"https:\/\/www.kemie.nl\/de\/mvo\/\",\"name\":\"MVO - Kemie B.V.\",\"isPartOf\":{\"@id\":\"https:\/\/www.kemie.nl\/de\/#website\"},\"datePublished\":\"2022-11-09T10:33:52+00:00\",\"dateModified\":\"2023-01-17T12:08:45+00:00\",\"breadcrumb\":{\"@id\":\"https:\/\/www.kemie.nl\/de\/mvo\/#breadcrumb\"},\"inLanguage\":\"de-DE\",\"potentialAction\":[{\"@type\":\"ReadAction\",\"target\":[\"https:\/\/www.kemie.nl\/de\/mvo\/\"]}]},{\"@type\":\"BreadcrumbList\",\"@id\":\"https:\/\/www.kemie.nl\/de\/mvo\/#breadcrumb\",\"itemListElement\":[{\"@type\":\"ListItem\",\"position\":1,\"name\":\"Home\",\"item\":\"https:\/\/www.kemie.nl\/de\/\"},{\"@type\":\"ListItem\",\"position\":2,\"name\":\"MVO\"}]},{\"@type\":\"WebSite\",\"@id\":\"https:\/\/www.kemie.nl\/de\/#website\",\"url\":\"https:\/\/www.kemie.nl\/de\/\",\"name\":\"Kemie B.V.\",\"description\":\"De mooiste collectie keukenwerkbladen vindt u bij Kemie.\",\"publisher\":{\"@id\":\"https:\/\/www.kemie.nl\/de\/#organization\"},\"alternateName\":\"Kemie\",\"potentialAction\":[{\"@type\":\"SearchAction\",\"target\":{\"@type\":\"EntryPoint\",\"urlTemplate\":\"https:\/\/www.kemie.nl\/de\/?s={search_term_string}\"},\"query-input\":{\"@type\":\"PropertyValueSpecification\",\"valueRequired\":true,\"valueName\":\"search_term_string\"}}],\"inLanguage\":\"de-DE\"},{\"@type\":\"Organization\",\"@id\":\"https:\/\/www.kemie.nl\/de\/#organization\",\"name\":\"Kemie B.V.\",\"alternateName\":\"Kemie\",\"url\":\"https:\/\/www.kemie.nl\/de\/\",\"logo\":{\"@type\":\"ImageObject\",\"inLanguage\":\"de-DE\",\"@id\":\"https:\/\/www.kemie.nl\/de\/#\/schema\/logo\/image\/\",\"url\":\"https:\/\/www.kemie.nl\/wp-content\/uploads\/2022\/10\/Kemie-logo.svg\",\"contentUrl\":\"https:\/\/www.kemie.nl\/wp-content\/uploads\/2022\/10\/Kemie-logo.svg\",\"width\":2834,\"height\":1246,\"caption\":\"Kemie B.V.\"},\"image\":{\"@id\":\"https:\/\/www.kemie.nl\/de\/#\/schema\/logo\/image\/\"},\"sameAs\":[\"https:\/\/nl-nl.facebook.com\/Kemie-BV-188835737881422\/\",\"https:\/\/nl.pinterest.com\/kemiebv\/\",\"https:\/\/nl.linkedin.com\/company\/kemie-bv\",\"https:\/\/www.instagram.com\/kemie.nl\/\"]}]}<\/script>\n<!-- \/ Yoast SEO plugin. -->","yoast_head_json":{"title":"MVO - Kemie B.V.","robots":{"index":"index","follow":"follow","max-snippet":"max-snippet:-1","max-image-preview":"max-image-preview:large","max-video-preview":"max-video-preview:-1"},"canonical":"https:\/\/www.kemie.nl\/de\/mvo\/","og_locale":"de_DE","og_type":"article","og_title":"MVO - Kemie B.V.","og_description":"Unternehmerische Gesellschaftsverantwortung (CSR) Bei KEMIE arbeiten wir mit Vergn\u00fcgen, mit Leidenschaft und auch miteinander. Wir nehmen unsere Gesellschaftsverantwortung als Unternehmen ernst. Unsere CSR-Politik konzentriert sich auf f\u00fcnf Schwerpunkte: Rohstoffe, Arbeitsumfeld, Klima, Gesellschaft und Zukunft. Ist das ehrgeizig? Absolut! Und darauf sind wir echt stolz. Rohstoffe \u2013 vern\u00fcnftiger Umgang mit unseren Quellen Schon seit unserer Gr\u00fcndung [&hellip;]","og_url":"https:\/\/www.kemie.nl\/de\/mvo\/","og_site_name":"Kemie B.V.","article_publisher":"https:\/\/nl-nl.facebook.com\/Kemie-BV-188835737881422\/","article_modified_time":"2023-01-17T12:08:45+00:00","twitter_card":"summary_large_image","schema":{"@context":"https:\/\/schema.org","@graph":[{"@type":"WebPage","@id":"https:\/\/www.kemie.nl\/de\/mvo\/","url":"https:\/\/www.kemie.nl\/de\/mvo\/","name":"MVO - Kemie B.V.","isPartOf":{"@id":"https:\/\/www.kemie.nl\/de\/#website"},"datePublished":"2022-11-09T10:33:52+00:00","dateModified":"2023-01-17T12:08:45+00:00","breadcrumb":{"@id":"https:\/\/www.kemie.nl\/de\/mvo\/#breadcrumb"},"inLanguage":"de-DE","potentialAction":[{"@type":"ReadAction","target":["https:\/\/www.kemie.nl\/de\/mvo\/"]}]},{"@type":"BreadcrumbList","@id":"https:\/\/www.kemie.nl\/de\/mvo\/#breadcrumb","itemListElement":[{"@type":"ListItem","position":1,"name":"Home","item":"https:\/\/www.kemie.nl\/de\/"},{"@type":"ListItem","position":2,"name":"MVO"}]},{"@type":"WebSite","@id":"https:\/\/www.kemie.nl\/de\/#website","url":"https:\/\/www.kemie.nl\/de\/","name":"Kemie B.V.","description":"De mooiste collectie keukenwerkbladen vindt u bij Kemie.","publisher":{"@id":"https:\/\/www.kemie.nl\/de\/#organization"},"alternateName":"Kemie","potentialAction":[{"@type":"SearchAction","target":{"@type":"EntryPoint","urlTemplate":"https:\/\/www.kemie.nl\/de\/?s={search_term_string}"},"query-input":{"@type":"PropertyValueSpecification","valueRequired":true,"valueName":"search_term_string"}}],"inLanguage":"de-DE"},{"@type":"Organization","@id":"https:\/\/www.kemie.nl\/de\/#organization","name":"Kemie B.V.","alternateName":"Kemie","url":"https:\/\/www.kemie.nl\/de\/","logo":{"@type":"ImageObject","inLanguage":"de-DE","@id":"https:\/\/www.kemie.nl\/de\/#\/schema\/logo\/image\/","url":"https:\/\/www.kemie.nl\/wp-content\/uploads\/2022\/10\/Kemie-logo.svg","contentUrl":"https:\/\/www.kemie.nl\/wp-content\/uploads\/2022\/10\/Kemie-logo.svg","width":2834,"height":1246,"caption":"Kemie B.V."},"image":{"@id":"https:\/\/www.kemie.nl\/de\/#\/schema\/logo\/image\/"},"sameAs":["https:\/\/nl-nl.facebook.com\/Kemie-BV-188835737881422\/","https:\/\/nl.pinterest.com\/kemiebv\/","https:\/\/nl.linkedin.com\/company\/kemie-bv","https:\/\/www.instagram.com\/kemie.nl\/"]}]}},"_links":{"self":[{"href":"https:\/\/www.kemie.nl\/de\/wp-json\/wp\/v2\/pages\/6372","targetHints":{"allow":["GET"]}}],"collection":[{"href":"https:\/\/www.kemie.nl\/de\/wp-json\/wp\/v2\/pages"}],"about":[{"href":"https:\/\/www.kemie.nl\/de\/wp-json\/wp\/v2\/types\/page"}],"author":[{"embeddable":true,"href":"https:\/\/www.kemie.nl\/de\/wp-json\/wp\/v2\/users\/1"}],"replies":[{"embeddable":true,"href":"https:\/\/www.kemie.nl\/de\/wp-json\/wp\/v2\/comments?post=6372"}],"version-history":[{"count":4,"href":"https:\/\/www.kemie.nl\/de\/wp-json\/wp\/v2\/pages\/6372\/revisions"}],"predecessor-version":[{"id":6378,"href":"https:\/\/www.kemie.nl\/de\/wp-json\/wp\/v2\/pages\/6372\/revisions\/6378"}],"wp:attachment":[{"href":"https:\/\/www.kemie.nl\/de\/wp-json\/wp\/v2\/media?parent=6372"}],"curies":[{"name":"wp","href":"https:\/\/api.w.org\/{rel}","templated":true}]}}