{"id":6365,"date":"2022-11-09T11:48:11","date_gmt":"2022-11-09T10:48:11","guid":{"rendered":"https:\/\/kemie.jklanten.nl\/?page_id=6365"},"modified":"2023-01-17T13:02:59","modified_gmt":"2023-01-17T12:02:59","slug":"unsere-geschichte","status":"publish","type":"page","link":"https:\/\/www.kemie.nl\/de\/unsere-geschichte\/","title":{"rendered":"Unsere Geschichte"},"content":{"rendered":"\t\t<div data-elementor-type=\"wp-page\" data-elementor-id=\"6365\" class=\"elementor elementor-6365 elementor-1774\" data-elementor-post-type=\"page\">\n\t\t\t\t\t\t<section class=\"elementor-section elementor-top-section elementor-element elementor-element-ab7bc25 elementor-section-height-min-height elementor-section-boxed elementor-section-height-default elementor-section-items-middle\" data-id=\"ab7bc25\" data-element_type=\"section\" data-settings=\"{&quot;background_background&quot;:&quot;classic&quot;,&quot;jet_parallax_layout_list&quot;:[]}\">\n\t\t\t\t\t\t<div class=\"elementor-container elementor-column-gap-default\">\n\t\t\t\t\t<div class=\"elementor-column elementor-col-100 elementor-top-column elementor-element elementor-element-390e5cc\" data-id=\"390e5cc\" data-element_type=\"column\">\n\t\t\t<div class=\"elementor-widget-wrap elementor-element-populated\">\n\t\t\t\t\t\t<div class=\"elementor-element elementor-element-3fbba9c elementor-widget elementor-widget-heading\" data-id=\"3fbba9c\" data-element_type=\"widget\" data-widget_type=\"heading.default\">\n\t\t\t\t<div class=\"elementor-widget-container\">\n\t\t\t\t\t<h1 class=\"elementor-heading-title elementor-size-default\">Unsere Geschichte<\/h1>\t\t\t\t<\/div>\n\t\t\t\t<\/div>\n\t\t\t\t\t<\/div>\n\t\t<\/div>\n\t\t\t\t\t<\/div>\n\t\t<\/section>\n\t\t\t\t<section class=\"elementor-section elementor-top-section elementor-element elementor-element-2b1537e elementor-section-boxed elementor-section-height-default elementor-section-height-default\" data-id=\"2b1537e\" data-element_type=\"section\" data-settings=\"{&quot;jet_parallax_layout_list&quot;:[]}\">\n\t\t\t\t\t\t<div class=\"elementor-container elementor-column-gap-default\">\n\t\t\t\t\t<div class=\"elementor-column elementor-col-100 elementor-top-column elementor-element elementor-element-ab41fe9\" data-id=\"ab41fe9\" data-element_type=\"column\">\n\t\t\t<div class=\"elementor-widget-wrap elementor-element-populated\">\n\t\t\t\t\t\t<div class=\"elementor-element elementor-element-bafd5fb elementor-align-left elementor-widget elementor-widget-breadcrumbs\" data-id=\"bafd5fb\" data-element_type=\"widget\" data-widget_type=\"breadcrumbs.default\">\n\t\t\t\t<div class=\"elementor-widget-container\">\n\t\t\t\t\t<p id=\"breadcrumbs\"><span><span><a href=\"https:\/\/www.kemie.nl\/de\/\">Home<\/a><\/span><\/span><\/p>\t\t\t\t<\/div>\n\t\t\t\t<\/div>\n\t\t\t\t\t<\/div>\n\t\t<\/div>\n\t\t\t\t\t<\/div>\n\t\t<\/section>\n\t\t\t\t<section class=\"elementor-section elementor-top-section elementor-element elementor-element-4175161 elementor-section-boxed elementor-section-height-default elementor-section-height-default\" data-id=\"4175161\" data-element_type=\"section\" data-settings=\"{&quot;jet_parallax_layout_list&quot;:[]}\">\n\t\t\t\t\t\t<div class=\"elementor-container elementor-column-gap-default\">\n\t\t\t\t\t<div class=\"elementor-column elementor-col-100 elementor-top-column elementor-element elementor-element-6a51c4e\" data-id=\"6a51c4e\" data-element_type=\"column\">\n\t\t\t<div class=\"elementor-widget-wrap elementor-element-populated\">\n\t\t\t\t\t\t<div class=\"elementor-element elementor-element-ea97797 elementor-widget elementor-widget-heading\" data-id=\"ea97797\" data-element_type=\"widget\" data-widget_type=\"heading.default\">\n\t\t\t\t<div class=\"elementor-widget-container\">\n\t\t\t\t\t<h2 class=\"elementor-heading-title elementor-size-default\"><span class=\"bold-font\">KEMIE <\/span>- Leidenschaft f\u00fcr Stein<\/h2>\t\t\t\t<\/div>\n\t\t\t\t<\/div>\n\t\t\t\t<div class=\"elementor-element elementor-element-01a76a0 elementor-widget elementor-widget-text-editor\" data-id=\"01a76a0\" data-element_type=\"widget\" data-widget_type=\"text-editor.default\">\n\t\t\t\t<div class=\"elementor-widget-container\">\n\t\t\t\t\t\t\t\t\t<p>KEMIE stellt K\u00fcchenplatten aus Naturstein, Quarzkomposit und Keramik her. Aber wir machen noch viel mehr. Kurz zusammengefasst: Wir \u00fcberdecken h\u00e4ssliche Stellen mit hochwertigen Produkten. Wir machen aus jedem Raum einen sch\u00f6nen Ort, an dem Sie sich wohlf\u00fchlen k\u00f6nnen. Das gibt Ihnen die Freiheit, zu tun, was Sie wollen. Unser Stein leistet einen Beitrag zu Ihrem Gl\u00fcck.<\/p>\t\t\t\t\t\t\t\t<\/div>\n\t\t\t\t<\/div>\n\t\t\t\t\t<\/div>\n\t\t<\/div>\n\t\t\t\t\t<\/div>\n\t\t<\/section>\n\t\t\t\t<section class=\"elementor-section elementor-top-section elementor-element elementor-element-5723ee5 elementor-section-boxed elementor-section-height-default elementor-section-height-default\" data-id=\"5723ee5\" data-element_type=\"section\" data-settings=\"{&quot;jet_parallax_layout_list&quot;:[]}\">\n\t\t\t\t\t\t<div class=\"elementor-container elementor-column-gap-default\">\n\t\t\t\t\t<div class=\"elementor-column elementor-col-50 elementor-top-column elementor-element elementor-element-14c3788\" data-id=\"14c3788\" data-element_type=\"column\">\n\t\t\t<div class=\"elementor-widget-wrap elementor-element-populated\">\n\t\t\t\t\t\t<div class=\"elementor-element elementor-element-2810af7 elementor-widget elementor-widget-heading\" data-id=\"2810af7\" data-element_type=\"widget\" data-widget_type=\"heading.default\">\n\t\t\t\t<div class=\"elementor-widget-container\">\n\t\t\t\t\t<h3 class=\"elementor-heading-title elementor-size-default\">Mit dem Lastwagen nach Italien<\/h3>\t\t\t\t<\/div>\n\t\t\t\t<\/div>\n\t\t\t\t<div class=\"elementor-element elementor-element-5b1b7af elementor-widget elementor-widget-text-editor\" data-id=\"5b1b7af\" data-element_type=\"widget\" data-widget_type=\"text-editor.default\">\n\t\t\t\t<div class=\"elementor-widget-container\">\n\t\t\t\t\t\t\t\t\t<p>Ohne Leidenschaft daf\u00fcr kann man einfach nicht mit Stein arbeiten. KEMIE wurde gegr\u00fcndet, weil der Architekt Adriaan Gubbels eine Vorliebe f\u00fcr Marmor hatte. Er verwendete ihn in all seinen Entw\u00fcrfen. Qualitativ hochwertiger Marmor war in den Niederlanden nur schwer erh\u00e4ltlich. Adriaan fand eine kluge L\u00f6sung. Er kaufte einen Lastwagen und lie\u00df seine beiden S\u00f6hne damit Marmor aus Italien nach Heeze bringen. Damit startete 1968 das Unternehmen\u00a0<strong>KE<\/strong>mpische\u00a0<strong>M<\/strong>armer\u00a0<strong>I<\/strong>mport &amp;\u00a0<strong>E<\/strong>xport. Oder kurz zusammengefasst: KEMIE.<\/p>\t\t\t\t\t\t\t\t<\/div>\n\t\t\t\t<\/div>\n\t\t\t\t\t<\/div>\n\t\t<\/div>\n\t\t\t\t<div class=\"elementor-column elementor-col-50 elementor-top-column elementor-element elementor-element-7518559\" data-id=\"7518559\" data-element_type=\"column\">\n\t\t\t<div class=\"elementor-widget-wrap elementor-element-populated\">\n\t\t\t\t\t\t<div class=\"elementor-element elementor-element-04b8245 elementor-widget elementor-widget-heading\" data-id=\"04b8245\" data-element_type=\"widget\" data-widget_type=\"heading.default\">\n\t\t\t\t<div class=\"elementor-widget-container\">\n\t\t\t\t\t<h3 class=\"elementor-heading-title elementor-size-default\">Mehr als 50 Jahre Innovation<\/h3>\t\t\t\t<\/div>\n\t\t\t\t<\/div>\n\t\t\t\t<div class=\"elementor-element elementor-element-d1bf961 elementor-widget elementor-widget-text-editor\" data-id=\"d1bf961\" data-element_type=\"widget\" data-widget_type=\"text-editor.default\">\n\t\t\t\t<div class=\"elementor-widget-container\">\n\t\t\t\t\t\t\t\t\t<p>Unsere Leidenschaft f\u00fcr Stein umfasst mehr als nur Naturstein und Marmor. Wir sind st\u00e4ndig auf der Suche nach Innovationen. 1992 fokussierten wir uns auf K\u00fcchenplatten. 1995 erg\u00e4nzte Komposit von Cosmostone unser Sortiment. F\u00fcr Arbeitsplatten haben wir eine Gehrungskantentechnik entwickelt. Wir waren die ersten, die unter anderem Keramikarbeitsplatten, geflieste Sp\u00fclbecken, Stollen und Wangen aus Stein sowie innovative Verpackungstechniken angeboten haben. Bei steinernen K\u00fcchenplatten sind wir Vorreiter. Die Entwicklungen, die wir eingesetzt haben, gelten jetzt als Standard auf dem Markt.<\/p>\t\t\t\t\t\t\t\t<\/div>\n\t\t\t\t<\/div>\n\t\t\t\t\t<\/div>\n\t\t<\/div>\n\t\t\t\t\t<\/div>\n\t\t<\/section>\n\t\t\t\t<section class=\"elementor-section elementor-top-section elementor-element elementor-element-0c9c133 elementor-section-boxed elementor-section-height-default elementor-section-height-default\" data-id=\"0c9c133\" data-element_type=\"section\" data-settings=\"{&quot;background_background&quot;:&quot;classic&quot;,&quot;jet_parallax_layout_list&quot;:[]}\">\n\t\t\t\t\t\t\t<div class=\"elementor-background-overlay\"><\/div>\n\t\t\t\t\t\t\t<div class=\"elementor-container elementor-column-gap-default\">\n\t\t\t\t\t<div class=\"elementor-column elementor-col-50 elementor-top-column elementor-element elementor-element-08747ab\" data-id=\"08747ab\" data-element_type=\"column\">\n\t\t\t<div class=\"elementor-widget-wrap elementor-element-populated\">\n\t\t\t\t\t\t<div class=\"elementor-element elementor-element-97575d2 elementor-widget elementor-widget-heading\" data-id=\"97575d2\" data-element_type=\"widget\" data-widget_type=\"heading.default\">\n\t\t\t\t<div class=\"elementor-widget-container\">\n\t\t\t\t\t<h3 class=\"elementor-heading-title elementor-size-default\">Mit Vergn\u00fcgen, mit Leidenschaft, miteinander<\/h3>\t\t\t\t<\/div>\n\t\t\t\t<\/div>\n\t\t\t\t<div class=\"elementor-element elementor-element-6ea01de elementor-widget elementor-widget-text-editor\" data-id=\"6ea01de\" data-element_type=\"widget\" data-widget_type=\"text-editor.default\">\n\t\t\t\t<div class=\"elementor-widget-container\">\n\t\t\t\t\t\t\t\t\t<p>Auch unser Arbeitsumfeld erneuern wir immer wieder. Ziemlich bald nach der Gr\u00fcndung zogen wir von Heeze in ein gr\u00f6\u00dferes Geb\u00e4ude in Asten um. 1994 bauten wir in Asten ein neues Geb\u00e4ude und 2000 nochmal wieder. 2018 haben wir ein multifunktionales B\u00fcro mit moderner Fabrik in Helmond errichtet. Die Er\u00f6ffnung dieses neuen Geb\u00e4udes bildete das Dekor f\u00fcr unser 50j\u00e4hriges Jubil\u00e4um. Eine Sache ist im Laufe der Jahre konstant geblieben: unsere Leidenschaft f\u00fcr Stein. Das spiegelt sich auch in unseren Kernwerten wider. Wir arbeiten mit Vergn\u00fcgen, mit Leidenschaft und miteinander.<\/p>\t\t\t\t\t\t\t\t<\/div>\n\t\t\t\t<\/div>\n\t\t\t\t\t<\/div>\n\t\t<\/div>\n\t\t\t\t<div class=\"elementor-column elementor-col-50 elementor-top-column elementor-element elementor-element-3029f59\" data-id=\"3029f59\" data-element_type=\"column\">\n\t\t\t<div class=\"elementor-widget-wrap elementor-element-populated\">\n\t\t\t\t\t\t<div class=\"elementor-element elementor-element-ac950be elementor-widget elementor-widget-heading\" data-id=\"ac950be\" data-element_type=\"widget\" data-widget_type=\"heading.default\">\n\t\t\t\t<div class=\"elementor-widget-container\">\n\t\t\t\t\t<h3 class=\"elementor-heading-title elementor-size-default\">Steinmetzhandwerk<\/h3>\t\t\t\t<\/div>\n\t\t\t\t<\/div>\n\t\t\t\t<div class=\"elementor-element elementor-element-c96694a elementor-widget elementor-widget-text-editor\" data-id=\"c96694a\" data-element_type=\"widget\" data-widget_type=\"text-editor.default\">\n\t\t\t\t<div class=\"elementor-widget-container\">\n\t\t\t\t\t\t\t\t\t<p>Wir halten das Handwerk des Steinmetzes in Ehren. Schon von jeher suchen wir nach intelligenten Wegen, um mit so wenig Verschwendung wie m\u00f6glich Spitzenqualit\u00e4t zu liefern. Die Konkurrenz behalten wir gut im Blick, aber das geht nie zu Lasten eines sicheren, sauberen und auch angenehmen Arbeitsplatzes. Dies alles steht im Dienst unseres wichtigsten Bestrebens: die W\u00fcnsche unserer Kunden zu \u00fcbertreffen.<\/p>\t\t\t\t\t\t\t\t<\/div>\n\t\t\t\t<\/div>\n\t\t\t\t\t<\/div>\n\t\t<\/div>\n\t\t\t\t\t<\/div>\n\t\t<\/section>\n\t\t\t\t<section class=\"elementor-section elementor-top-section elementor-element elementor-element-e8c2c0a elementor-section-boxed elementor-section-height-default elementor-section-height-default\" data-id=\"e8c2c0a\" data-element_type=\"section\" data-settings=\"{&quot;jet_parallax_layout_list&quot;:[]}\">\n\t\t\t\t\t\t<div class=\"elementor-container elementor-column-gap-default\">\n\t\t\t\t\t<div class=\"elementor-column elementor-col-100 elementor-top-column elementor-element elementor-element-66c69ae\" data-id=\"66c69ae\" data-element_type=\"column\">\n\t\t\t<div class=\"elementor-widget-wrap elementor-element-populated\">\n\t\t\t\t\t\t<div class=\"elementor-element elementor-element-e4c6ead elementor-widget elementor-widget-heading\" data-id=\"e4c6ead\" data-element_type=\"widget\" data-widget_type=\"heading.default\">\n\t\t\t\t<div class=\"elementor-widget-container\">\n\t\t\t\t\t<h2 class=\"elementor-heading-title elementor-size-default\"><span class=\"bold-font\">KEMIE <\/span> - covering the future<\/h2>\t\t\t\t<\/div>\n\t\t\t\t<\/div>\n\t\t\t\t<div class=\"elementor-element elementor-element-1eca5b3 elementor-widget elementor-widget-text-editor\" data-id=\"1eca5b3\" data-element_type=\"widget\" data-widget_type=\"text-editor.default\">\n\t\t\t\t<div class=\"elementor-widget-container\">\n\t\t\t\t\t\t\t\t\t<p>Unser Schwerpunkt auf Arbeitsplatten verschaffte uns Erfahrung mit neuen Materialien. Und die setzen wir jetzt breiter ein. Wir k\u00f6nnen jede denkbare Oberfl\u00e4che mit Naturstein, Keramik oder Komposit abdecken: von der K\u00fcche bis zum Badezimmer und vom Fu\u00dfboden bis zur Decke. Das abzudecken, was unsichtbar werden soll, das ist es, was die Zukunft bringt. Wir bezeichnen das als \u201eCovering the Future\u201c, und darauf legen wir es an.<\/p>\t\t\t\t\t\t\t\t<\/div>\n\t\t\t\t<\/div>\n\t\t\t\t\t<\/div>\n\t\t<\/div>\n\t\t\t\t\t<\/div>\n\t\t<\/section>\n\t\t\t\t<section class=\"elementor-section elementor-top-section elementor-element elementor-element-16dd321 elementor-section-boxed elementor-section-height-default elementor-section-height-default\" data-id=\"16dd321\" data-element_type=\"section\" data-settings=\"{&quot;background_background&quot;:&quot;classic&quot;,&quot;jet_parallax_layout_list&quot;:[]}\">\n\t\t\t\t\t\t\t<div class=\"elementor-background-overlay\"><\/div>\n\t\t\t\t\t\t\t<div class=\"elementor-container elementor-column-gap-default\">\n\t\t\t\t\t<div class=\"elementor-column elementor-col-50 elementor-top-column elementor-element elementor-element-0a9b618\" data-id=\"0a9b618\" data-element_type=\"column\">\n\t\t\t<div class=\"elementor-widget-wrap elementor-element-populated\">\n\t\t\t\t\t\t<div class=\"elementor-element elementor-element-ca12e5a elementor-widget elementor-widget-heading\" data-id=\"ca12e5a\" data-element_type=\"widget\" data-widget_type=\"heading.default\">\n\t\t\t\t<div class=\"elementor-widget-container\">\n\t\t\t\t\t<h2 class=\"elementor-heading-title elementor-size-default\">Interessieren Sie sich f\u00fcr unsere <span class=\"bold-font\">produkte<\/span>?<\/h2>\t\t\t\t<\/div>\n\t\t\t\t<\/div>\n\t\t\t\t\t<\/div>\n\t\t<\/div>\n\t\t\t\t<div class=\"elementor-column elementor-col-50 elementor-top-column elementor-element elementor-element-a805729\" data-id=\"a805729\" data-element_type=\"column\">\n\t\t\t<div class=\"elementor-widget-wrap elementor-element-populated\">\n\t\t\t\t\t\t<div class=\"elementor-element elementor-element-1268e82 elementor-align-justify elementor-mobile-align-justify elementor-widget elementor-widget-button\" data-id=\"1268e82\" data-element_type=\"widget\" data-widget_type=\"button.default\">\n\t\t\t\t<div class=\"elementor-widget-container\">\n\t\t\t\t\t\t\t\t\t<div class=\"elementor-button-wrapper\">\n\t\t\t\t\t<a class=\"elementor-button elementor-button-link elementor-size-sm\" href=\"\/de\/kontakt\/\">\n\t\t\t\t\t\t<span class=\"elementor-button-content-wrapper\">\n\t\t\t\t\t\t\t\t\t<span class=\"elementor-button-text\">Nehmen Sie jetzt Kontakt zu uns auf <\/span>\n\t\t\t\t\t<\/span>\n\t\t\t\t\t<\/a>\n\t\t\t\t<\/div>\n\t\t\t\t\t\t\t\t<\/div>\n\t\t\t\t<\/div>\n\t\t\t\t\t<\/div>\n\t\t<\/div>\n\t\t\t\t\t<\/div>\n\t\t<\/section>\n\t\t\t\t<\/div>\n\t\t","protected":false},"excerpt":{"rendered":"<p>KEMIE &#8211; Leidenschaft f\u00fcr Stein KEMIE stellt K\u00fcchenplatten aus Naturstein, Quarzkomposit und Keramik her. Aber wir machen noch viel mehr. Kurz zusammengefasst: Wir \u00fcberdecken h\u00e4ssliche Stellen mit hochwertigen Produkten. Wir machen aus jedem Raum einen sch\u00f6nen Ort, an dem Sie sich wohlf\u00fchlen k\u00f6nnen. Das gibt Ihnen die Freiheit, zu tun, was Sie wollen. Unser Stein [&hellip;]<\/p>\n","protected":false},"author":1,"featured_media":0,"parent":0,"menu_order":0,"comment_status":"closed","ping_status":"closed","template":"","meta":{"footnotes":""},"class_list":["post-6365","page","type-page","status-publish","hentry"],"yoast_head":"<!-- This site is optimized with the Yoast SEO plugin v26.8 - https:\/\/yoast.com\/product\/yoast-seo-wordpress\/ -->\n<title>Unsere Geschichte - Kemie B.V.<\/title>\n<meta name=\"robots\" content=\"index, follow, max-snippet:-1, max-image-preview:large, max-video-preview:-1\" \/>\n<link rel=\"canonical\" href=\"https:\/\/www.kemie.nl\/de\/unsere-geschichte\/\" \/>\n<meta property=\"og:locale\" content=\"de_DE\" \/>\n<meta property=\"og:type\" content=\"article\" \/>\n<meta property=\"og:title\" content=\"Unsere Geschichte - Kemie B.V.\" \/>\n<meta property=\"og:description\" content=\"KEMIE &#8211; Leidenschaft f\u00fcr Stein KEMIE stellt K\u00fcchenplatten aus Naturstein, Quarzkomposit und Keramik her. Aber wir machen noch viel mehr. Kurz zusammengefasst: Wir \u00fcberdecken h\u00e4ssliche Stellen mit hochwertigen Produkten. Wir machen aus jedem Raum einen sch\u00f6nen Ort, an dem Sie sich wohlf\u00fchlen k\u00f6nnen. Das gibt Ihnen die Freiheit, zu tun, was Sie wollen. Unser Stein [&hellip;]\" \/>\n<meta property=\"og:url\" content=\"https:\/\/www.kemie.nl\/de\/unsere-geschichte\/\" \/>\n<meta property=\"og:site_name\" content=\"Kemie B.V.\" \/>\n<meta property=\"article:publisher\" content=\"https:\/\/nl-nl.facebook.com\/Kemie-BV-188835737881422\/\" \/>\n<meta property=\"article:modified_time\" content=\"2023-01-17T12:02:59+00:00\" \/>\n<meta name=\"twitter:card\" content=\"summary_large_image\" \/>\n<script type=\"application\/ld+json\" class=\"yoast-schema-graph\">{\"@context\":\"https:\/\/schema.org\",\"@graph\":[{\"@type\":\"WebPage\",\"@id\":\"https:\/\/www.kemie.nl\/de\/unsere-geschichte\/\",\"url\":\"https:\/\/www.kemie.nl\/de\/unsere-geschichte\/\",\"name\":\"Unsere Geschichte - Kemie B.V.\",\"isPartOf\":{\"@id\":\"https:\/\/www.kemie.nl\/de\/#website\"},\"datePublished\":\"2022-11-09T10:48:11+00:00\",\"dateModified\":\"2023-01-17T12:02:59+00:00\",\"breadcrumb\":{\"@id\":\"https:\/\/www.kemie.nl\/de\/unsere-geschichte\/#breadcrumb\"},\"inLanguage\":\"de-DE\",\"potentialAction\":[{\"@type\":\"ReadAction\",\"target\":[\"https:\/\/www.kemie.nl\/de\/unsere-geschichte\/\"]}]},{\"@type\":\"BreadcrumbList\",\"@id\":\"https:\/\/www.kemie.nl\/de\/unsere-geschichte\/#breadcrumb\",\"itemListElement\":[{\"@type\":\"ListItem\",\"position\":1,\"name\":\"Home\",\"item\":\"https:\/\/www.kemie.nl\/de\/\"},{\"@type\":\"ListItem\",\"position\":2,\"name\":\"Unsere Geschichte\"}]},{\"@type\":\"WebSite\",\"@id\":\"https:\/\/www.kemie.nl\/de\/#website\",\"url\":\"https:\/\/www.kemie.nl\/de\/\",\"name\":\"Kemie B.V.\",\"description\":\"De mooiste collectie keukenwerkbladen vindt u bij Kemie.\",\"publisher\":{\"@id\":\"https:\/\/www.kemie.nl\/de\/#organization\"},\"alternateName\":\"Kemie\",\"potentialAction\":[{\"@type\":\"SearchAction\",\"target\":{\"@type\":\"EntryPoint\",\"urlTemplate\":\"https:\/\/www.kemie.nl\/de\/?s={search_term_string}\"},\"query-input\":{\"@type\":\"PropertyValueSpecification\",\"valueRequired\":true,\"valueName\":\"search_term_string\"}}],\"inLanguage\":\"de-DE\"},{\"@type\":\"Organization\",\"@id\":\"https:\/\/www.kemie.nl\/de\/#organization\",\"name\":\"Kemie B.V.\",\"alternateName\":\"Kemie\",\"url\":\"https:\/\/www.kemie.nl\/de\/\",\"logo\":{\"@type\":\"ImageObject\",\"inLanguage\":\"de-DE\",\"@id\":\"https:\/\/www.kemie.nl\/de\/#\/schema\/logo\/image\/\",\"url\":\"https:\/\/www.kemie.nl\/wp-content\/uploads\/2022\/10\/Kemie-logo.svg\",\"contentUrl\":\"https:\/\/www.kemie.nl\/wp-content\/uploads\/2022\/10\/Kemie-logo.svg\",\"width\":2834,\"height\":1246,\"caption\":\"Kemie B.V.\"},\"image\":{\"@id\":\"https:\/\/www.kemie.nl\/de\/#\/schema\/logo\/image\/\"},\"sameAs\":[\"https:\/\/nl-nl.facebook.com\/Kemie-BV-188835737881422\/\",\"https:\/\/nl.pinterest.com\/kemiebv\/\",\"https:\/\/nl.linkedin.com\/company\/kemie-bv\",\"https:\/\/www.instagram.com\/kemie.nl\/\"]}]}<\/script>\n<!-- \/ Yoast SEO plugin. -->","yoast_head_json":{"title":"Unsere Geschichte - Kemie B.V.","robots":{"index":"index","follow":"follow","max-snippet":"max-snippet:-1","max-image-preview":"max-image-preview:large","max-video-preview":"max-video-preview:-1"},"canonical":"https:\/\/www.kemie.nl\/de\/unsere-geschichte\/","og_locale":"de_DE","og_type":"article","og_title":"Unsere Geschichte - Kemie B.V.","og_description":"KEMIE &#8211; Leidenschaft f\u00fcr Stein KEMIE stellt K\u00fcchenplatten aus Naturstein, Quarzkomposit und Keramik her. Aber wir machen noch viel mehr. Kurz zusammengefasst: Wir \u00fcberdecken h\u00e4ssliche Stellen mit hochwertigen Produkten. Wir machen aus jedem Raum einen sch\u00f6nen Ort, an dem Sie sich wohlf\u00fchlen k\u00f6nnen. Das gibt Ihnen die Freiheit, zu tun, was Sie wollen. Unser Stein [&hellip;]","og_url":"https:\/\/www.kemie.nl\/de\/unsere-geschichte\/","og_site_name":"Kemie B.V.","article_publisher":"https:\/\/nl-nl.facebook.com\/Kemie-BV-188835737881422\/","article_modified_time":"2023-01-17T12:02:59+00:00","twitter_card":"summary_large_image","schema":{"@context":"https:\/\/schema.org","@graph":[{"@type":"WebPage","@id":"https:\/\/www.kemie.nl\/de\/unsere-geschichte\/","url":"https:\/\/www.kemie.nl\/de\/unsere-geschichte\/","name":"Unsere Geschichte - Kemie B.V.","isPartOf":{"@id":"https:\/\/www.kemie.nl\/de\/#website"},"datePublished":"2022-11-09T10:48:11+00:00","dateModified":"2023-01-17T12:02:59+00:00","breadcrumb":{"@id":"https:\/\/www.kemie.nl\/de\/unsere-geschichte\/#breadcrumb"},"inLanguage":"de-DE","potentialAction":[{"@type":"ReadAction","target":["https:\/\/www.kemie.nl\/de\/unsere-geschichte\/"]}]},{"@type":"BreadcrumbList","@id":"https:\/\/www.kemie.nl\/de\/unsere-geschichte\/#breadcrumb","itemListElement":[{"@type":"ListItem","position":1,"name":"Home","item":"https:\/\/www.kemie.nl\/de\/"},{"@type":"ListItem","position":2,"name":"Unsere Geschichte"}]},{"@type":"WebSite","@id":"https:\/\/www.kemie.nl\/de\/#website","url":"https:\/\/www.kemie.nl\/de\/","name":"Kemie B.V.","description":"De mooiste collectie keukenwerkbladen vindt u bij Kemie.","publisher":{"@id":"https:\/\/www.kemie.nl\/de\/#organization"},"alternateName":"Kemie","potentialAction":[{"@type":"SearchAction","target":{"@type":"EntryPoint","urlTemplate":"https:\/\/www.kemie.nl\/de\/?s={search_term_string}"},"query-input":{"@type":"PropertyValueSpecification","valueRequired":true,"valueName":"search_term_string"}}],"inLanguage":"de-DE"},{"@type":"Organization","@id":"https:\/\/www.kemie.nl\/de\/#organization","name":"Kemie B.V.","alternateName":"Kemie","url":"https:\/\/www.kemie.nl\/de\/","logo":{"@type":"ImageObject","inLanguage":"de-DE","@id":"https:\/\/www.kemie.nl\/de\/#\/schema\/logo\/image\/","url":"https:\/\/www.kemie.nl\/wp-content\/uploads\/2022\/10\/Kemie-logo.svg","contentUrl":"https:\/\/www.kemie.nl\/wp-content\/uploads\/2022\/10\/Kemie-logo.svg","width":2834,"height":1246,"caption":"Kemie B.V."},"image":{"@id":"https:\/\/www.kemie.nl\/de\/#\/schema\/logo\/image\/"},"sameAs":["https:\/\/nl-nl.facebook.com\/Kemie-BV-188835737881422\/","https:\/\/nl.pinterest.com\/kemiebv\/","https:\/\/nl.linkedin.com\/company\/kemie-bv","https:\/\/www.instagram.com\/kemie.nl\/"]}]}},"_links":{"self":[{"href":"https:\/\/www.kemie.nl\/de\/wp-json\/wp\/v2\/pages\/6365","targetHints":{"allow":["GET"]}}],"collection":[{"href":"https:\/\/www.kemie.nl\/de\/wp-json\/wp\/v2\/pages"}],"about":[{"href":"https:\/\/www.kemie.nl\/de\/wp-json\/wp\/v2\/types\/page"}],"author":[{"embeddable":true,"href":"https:\/\/www.kemie.nl\/de\/wp-json\/wp\/v2\/users\/1"}],"replies":[{"embeddable":true,"href":"https:\/\/www.kemie.nl\/de\/wp-json\/wp\/v2\/comments?post=6365"}],"version-history":[{"count":4,"href":"https:\/\/www.kemie.nl\/de\/wp-json\/wp\/v2\/pages\/6365\/revisions"}],"predecessor-version":[{"id":6371,"href":"https:\/\/www.kemie.nl\/de\/wp-json\/wp\/v2\/pages\/6365\/revisions\/6371"}],"wp:attachment":[{"href":"https:\/\/www.kemie.nl\/de\/wp-json\/wp\/v2\/media?parent=6365"}],"curies":[{"name":"wp","href":"https:\/\/api.w.org\/{rel}","templated":true}]}}